{"id":93,"date":"2010-05-02T06:14:19","date_gmt":"2010-05-02T13:14:19","guid":{"rendered":"http:\/\/wp.cchumane.org\/?page_id=93"},"modified":"2024-07-07T16:44:57","modified_gmt":"2024-07-07T23:44:57","slug":"abuse-and-neglect","status":"publish","type":"page","link":"https:\/\/cchumane.org\/es\/resources\/abuse-and-neglect\/","title":{"rendered":"Abuso y negligencia"},"content":{"rendered":"<div class=\"wp-block-group alignfull has-global-padding is-layout-constrained wp-block-group-is-layout-constrained\" id=\"page-title-box\">\n<div class=\"wp-block-group alignfull has-global-padding is-layout-constrained wp-block-group-is-layout-constrained\">\n<div class=\"wp-block-cover alignfull is-light\" style=\"min-height:340px;aspect-ratio:unset;\"><span aria-hidden=\"true\" class=\"wp-block-cover__background has-background-dim-0 has-background-dim\" style=\"background-color:#c1b6b1\"><\/span><img loading=\"lazy\" decoding=\"async\" width=\"1420\" height=\"400\" class=\"wp-block-cover__image-background wp-image-19426\" alt=\"\" src=\"https:\/\/cchumane.org\/wp-content\/uploads\/inner_abuse.webp\" data-object-fit=\"cover\" srcset=\"https:\/\/cchumane.org\/wp-content\/uploads\/inner_abuse.webp 1420w, https:\/\/cchumane.org\/wp-content\/uploads\/inner_abuse-300x85.webp 300w, https:\/\/cchumane.org\/wp-content\/uploads\/inner_abuse-1024x288.webp 1024w, https:\/\/cchumane.org\/wp-content\/uploads\/inner_abuse-768x216.webp 768w\" sizes=\"auto, (max-width: 1420px) 100vw, 1420px\" \/><div class=\"wp-block-cover__inner-container is-layout-flow wp-block-cover-is-layout-flow\">\n<div class=\"wp-block-group has-global-padding is-layout-constrained wp-block-group-is-layout-constrained\">\n<div class=\"wp-block-group alignfull is-content-justification-center is-nowrap is-layout-flex wp-container-core-group-is-layout-1769166a wp-block-group-is-layout-flex\" style=\"border-style:none;border-width:0px;padding-top:0;padding-bottom:0\">\n<div class=\"wp-block-group has-border-color has-global-padding is-layout-constrained wp-block-group-is-layout-constrained\" style=\"border-color:#b9b5b5;border-width:2px\"><h1 style=\"color:#fffefe; padding-top:var(--wp--preset--spacing--10);padding-bottom:var(--wp--preset--spacing--10);padding-left:var(--wp--preset--spacing--10);padding-right:var(--wp--preset--spacing--10);\" class=\"has-text-align-center has-link-color wp-elements-db873da11665eb77ed92054808e79281 wp-block-post-title has-text-color has-large-font-size\">Abuso y negligencia<\/h1><\/div>\n<\/div>\n<\/div>\n<\/div><\/div>\n<\/div>\n<\/div>\n\n\n\n<p>El objetivo de todos los grupos de rescate de animales es garantizar que los animales sean tratados con humanidad y respeto. Sin embargo, como todas las sociedades humanitarias y las SPCA son organizaciones independientes, no todas tienen la autoridad dentro de su condado para investigar y procesar casos de abuso y negligencia contra los animales.<\/p>\n\n\n\n<p>CCHS recibe muchas consultas sobre casos de este tipo en los que podemos responder preguntas y ofrecer asesoramiento; sin embargo, en el condado de Contra Costa, no tenemos la jurisdicci\u00f3n para investigar y procesar estos casos. Para denunciar directamente un caso sospechoso de maltrato o negligencia animal, debe comunicarse con el departamento de control de animales local para iniciar una investigaci\u00f3n justificada.<\/p>\n\n\n\n<h4 class=\"wp-block-heading\"><big>Departamentos de control de animales<\/big><\/h4>\n\n\n\n<hr class=\"wp-block-separator has-alpha-channel-opacity\"\/>\n\n\n\n<div id=\"wp-block-themeisle-blocks-advanced-columns-ec982ec8\" class=\"wp-block-themeisle-blocks-advanced-columns has-2-columns has-desktop-equal-layout has-tablet-equal-layout has-mobile-collapsedRows-layout has-vertical-unset\"><div class=\"wp-block-themeisle-blocks-advanced-columns-overlay\"><\/div><div class=\"innerblocks-wrap\">\n<div id=\"wp-block-themeisle-blocks-advanced-column-5e56bd94\" class=\"wp-block-themeisle-blocks-advanced-column\">\n<p><strong>Amigos del Refugio de Animales de Alameda<\/strong><br>1590 Fortmann Way<br>Alameda, CA 94501<br>Tel\u00e9fono: 510-337-8565<br><a href=\"http:\/\/www.alamedaanimalshelter.org\" target=\"_blank\" rel=\"noreferrer noopener\">Sitio web de Amigos del refugio de animales de Alameda<\/a><\/p>\n\n\n\n<p><strong>Refugio de animales del este del condado<\/strong><br>4595 Gleason Drive<br>Dubl\u00edn, CA 94568<br>Tel\u00e9fono: 925-803-7040<br><a href=\"https:\/\/www.alamedacountysheriff.org\/cws_animal.php\" target=\"_blank\" rel=\"noreferrer noopener\">Sitio web del refugio de animales del condado este<\/a><\/p>\n\n\n\n<p><strong>Servicios para animales de Antioch<\/strong><br>Calle L 300<br>Antioqu\u00eda, CA 94509<br>Tel\u00e9fono: 925-779-6989<br><a href=\"https:\/\/www.antiochca.gov\/police\/animal-services\/\">Sitio web de servicios para animales de Antioch<\/a><\/p>\n\n\n\n<p><strong>Refugio de animales de la ciudad de Berkeley<\/strong><br>2013 Segunda Calle<br>Berkeley, California 94710<br>Tel\u00e9fono: 510-644-6755<br><a href=\"http:\/\/www.ci.berkeley.ca.us\/animalservices\/\">Sitio web del refugio de animales de la ciudad de Berkeley<\/a><\/p>\n<\/div>\n\n\n\n<div id=\"wp-block-themeisle-blocks-advanced-column-325af597\" class=\"wp-block-themeisle-blocks-advanced-column\">\n<p><strong>Sociedad Protectora de Animales de la Bah\u00eda Este de Berkeley<\/strong><br>2700 Calle Novena<br>Berkeley, California 94710<br>Tel\u00e9fono: 510-845-7735<br><a href=\"http:\/\/www.berkeleyhumane.org\/\" target=\"_blank\" rel=\"noreferrer noopener\">Sitio web de la Sociedad Protectora de Animales de Berkeley East Bay<\/a><\/p>\n\n\n\n<p><strong>Servicios para animales de Contra Costa<\/strong><br>Refugio Mart\u00ednez<br>4800 Imhoff Place<br>Mart\u00ednez, CA 94553<br>Tel\u00e9fono: 925-608-8400<br><a href=\"https:\/\/www.contracosta.ca.gov\/9974\/Animal-Services\" target=\"_blank\" rel=\"noreferrer noopener\">Sitio web de servicios para animales de Contra Costa<\/a><\/p>\n\n\n\n<p><strong>Servicios para animales de Oakland<\/strong><br>1101 Avenida 29<br>Oakland, CA 94601<br>Tel\u00e9fono: 510-535-5605<br><a href=\"http:\/\/oaklandanimalservices.org\/\" target=\"_blank\" rel=\"noreferrer noopener\">Sitio web de Servicios para Animales de Oakland<\/a><\/p>\n\n\n\n<p><strong>Sociedad Protectora de Animales de la Bah\u00eda Este de Oakland<\/strong><br>Calle Baldwin 8323<br>Oakland, CA 94621<br>Tel\u00e9fono: (510) 569-0702<br><a href=\"http:\/\/www.eastbayspca.org\/\" target=\"_blank\" rel=\"noreferrer noopener\">Sitio web de la SPCA de la Bah\u00eda Este de Oakland<\/a><\/p>\n<\/div>\n<\/div><\/div>\n\n\n\n<div class=\"wp-block-group alignwide is-layout-flow wp-block-group-is-layout-flow\">\n<div id=\"wp-block-themeisle-blocks-advanced-columns-f7fbf837\" class=\"wp-block-themeisle-blocks-advanced-columns alignwide has-2-columns has-desktop-twoOne-layout has-tablet-equal-layout has-mobile-collapsedRows-layout has-vertical-unset has-dark-bg\"><div class=\"wp-block-themeisle-blocks-advanced-columns-overlay\"><\/div><div class=\"innerblocks-wrap\">\n<div id=\"wp-block-themeisle-blocks-advanced-column-8021dbd4\" class=\"wp-block-themeisle-blocks-advanced-column\">\n<h3 id=\"wp-block-themeisle-blocks-advanced-heading-0ea818e0\" class=\"wp-block-themeisle-blocks-advanced-heading wp-block-themeisle-blocks-advanced-heading-0ea818e0 ticss-0ea818e0\">Alimentando a las mascotas de quienes lo necesitan<\/h3>\n\n\n\n<p class=\"has-text-align-center\">Nuestro programa AniMeals necesita donaciones. Descubre c\u00f3mo puedes ayudar donando tiempo, alimentos o fondos.<\/p>\n\n\n\n<div class=\"wp-block-buttons is-content-justification-center is-layout-flex wp-container-core-buttons-is-layout-a89b3969 wp-block-buttons-is-layout-flex\">\n<div class=\"wp-block-button has-custom-font-size is-style-outline is-style-outline--1\" style=\"font-size:clamp(0.875rem, 0.875rem + ((1vw - 0.2rem) * 0.542), 1.2rem);\"><a class=\"wp-block-button__link has-text-color has-link-color has-border-color wp-element-button\" href=\"https:\/\/cchumane.org\/es\/programs\/animeals-2\/\" style=\"border-color:#ffffff;border-width:2px;color:#ffffff\">\u00a1Ay\u00fadanos hoy!<\/a><\/div>\n<\/div>\n<\/div>\n\n\n\n<div id=\"wp-block-themeisle-blocks-advanced-column-9d71e49d\" class=\"wp-block-themeisle-blocks-advanced-column\">\n<figure class=\"wp-block-image size-full\"><img loading=\"lazy\" decoding=\"async\" width=\"400\" height=\"600\" src=\"https:\/\/cchumane.org\/wp-content\/uploads\/400_600_cat_hungry.webp\" alt=\"Cat looking at food bowl hungry\" class=\"wp-image-20900\" srcset=\"https:\/\/cchumane.org\/wp-content\/uploads\/400_600_cat_hungry.webp 400w, https:\/\/cchumane.org\/wp-content\/uploads\/400_600_cat_hungry-200x300.webp 200w\" sizes=\"auto, (max-width: 400px) 100vw, 400px\" \/><\/figure>\n<\/div>\n<\/div><\/div>\n<\/div>","protected":false},"excerpt":{"rendered":"<p>CCHS recibe muchas consultas sobre estos casos, en los que podemos responder preguntas y ofrecer asesoramiento. Sin embargo, en el condado de Contra Costa, no tenemos jurisdicci\u00f3n para investigar ni procesar estos casos. Para denunciar directamente un caso sospechoso de maltrato o negligencia animal, debe comunicarse con su departamento local de control de animales para iniciar una investigaci\u00f3n pertinente.<\/p>","protected":false},"author":7650,"featured_media":19427,"parent":425,"menu_order":8,"comment_status":"closed","ping_status":"closed","template":"","meta":{"_acf_changed":false,"_themeisle_gutenberg_block_has_review":false,"footnotes":""},"class_list":["post-93","page","type-page","status-publish","has-post-thumbnail","hentry"],"acf":[],"yoast_head":"<!-- This site is optimized with the Yoast SEO plugin v27.4 - https:\/\/yoast.com\/product\/yoast-seo-wordpress\/ -->\n<title>Abuse and Neglect - Contra Costa Humane Society<\/title>\n<meta name=\"robots\" content=\"index, follow, max-snippet:-1, max-image-preview:large, max-video-preview:-1\" \/>\n<link rel=\"canonical\" href=\"https:\/\/cchumane.org\/es\/resources\/abuse-and-neglect\/\" \/>\n<meta property=\"og:locale\" content=\"es_MX\" \/>\n<meta property=\"og:type\" content=\"article\" \/>\n<meta property=\"og:title\" content=\"Abuse and Neglect - Contra Costa Humane Society\" \/>\n<meta property=\"og:description\" content=\"CCHS receives many inquiries on such cases for which we are able to answer questions and offer advice, however, in Contra Costa County, we do not have the jurisdiction to investigate and prosecute such cases.\u00a0 To directly report a suspected case of animal abuse or neglect, you must contact your local animal control department to begin a warranted investigation.\" \/>\n<meta property=\"og:url\" content=\"https:\/\/cchumane.org\/es\/resources\/abuse-and-neglect\/\" \/>\n<meta property=\"og:site_name\" content=\"Contra Costa Humane Society\" \/>\n<meta property=\"article:publisher\" content=\"https:\/\/www.facebook.com\/ContraCostaHumaneSociety\/\" \/>\n<meta property=\"article:modified_time\" content=\"2024-07-07T23:44:57+00:00\" \/>\n<meta property=\"og:image\" content=\"https:\/\/cchumane.org\/wp-content\/uploads\/800sq_abuse.webp\" \/>\n\t<meta property=\"og:image:width\" content=\"800\" \/>\n\t<meta property=\"og:image:height\" content=\"796\" \/>\n\t<meta property=\"og:image:type\" content=\"image\/webp\" \/>\n<meta name=\"twitter:card\" content=\"summary_large_image\" \/>\n<meta name=\"twitter:site\" content=\"@cchumane\" \/>\n<meta name=\"twitter:label1\" content=\"Tiempo de lectura\" \/>\n\t<meta name=\"twitter:data1\" content=\"2 minutos\" \/>\n<script type=\"application\/ld+json\" class=\"yoast-schema-graph\">{\"@context\":\"https:\\\/\\\/schema.org\",\"@graph\":[{\"@type\":\"WebPage\",\"@id\":\"https:\\\/\\\/cchumane.org\\\/resources\\\/abuse-and-neglect\\\/\",\"url\":\"https:\\\/\\\/cchumane.org\\\/resources\\\/abuse-and-neglect\\\/\",\"name\":\"Abuse and Neglect - Contra Costa Humane Society\",\"isPartOf\":{\"@id\":\"https:\\\/\\\/cchumane.org\\\/#website\"},\"primaryImageOfPage\":{\"@id\":\"https:\\\/\\\/cchumane.org\\\/resources\\\/abuse-and-neglect\\\/#primaryimage\"},\"image\":{\"@id\":\"https:\\\/\\\/cchumane.org\\\/resources\\\/abuse-and-neglect\\\/#primaryimage\"},\"thumbnailUrl\":\"https:\\\/\\\/cchumane.org\\\/wp-content\\\/uploads\\\/800sq_abuse.webp\",\"datePublished\":\"2010-05-02T13:14:19+00:00\",\"dateModified\":\"2024-07-07T23:44:57+00:00\",\"breadcrumb\":{\"@id\":\"https:\\\/\\\/cchumane.org\\\/resources\\\/abuse-and-neglect\\\/#breadcrumb\"},\"inLanguage\":\"es\",\"potentialAction\":[{\"@type\":\"ReadAction\",\"target\":[\"https:\\\/\\\/cchumane.org\\\/resources\\\/abuse-and-neglect\\\/\"]}]},{\"@type\":\"ImageObject\",\"inLanguage\":\"es\",\"@id\":\"https:\\\/\\\/cchumane.org\\\/resources\\\/abuse-and-neglect\\\/#primaryimage\",\"url\":\"https:\\\/\\\/cchumane.org\\\/wp-content\\\/uploads\\\/800sq_abuse.webp\",\"contentUrl\":\"https:\\\/\\\/cchumane.org\\\/wp-content\\\/uploads\\\/800sq_abuse.webp\",\"width\":800,\"height\":796},{\"@type\":\"BreadcrumbList\",\"@id\":\"https:\\\/\\\/cchumane.org\\\/resources\\\/abuse-and-neglect\\\/#breadcrumb\",\"itemListElement\":[{\"@type\":\"ListItem\",\"position\":1,\"name\":\"Home\",\"item\":\"https:\\\/\\\/cchumane.org\\\/\"},{\"@type\":\"ListItem\",\"position\":2,\"name\":\"Resources\",\"item\":\"https:\\\/\\\/cchumane.org\\\/?page_id=425\"},{\"@type\":\"ListItem\",\"position\":3,\"name\":\"Abuse and Neglect\"}]},{\"@type\":\"WebSite\",\"@id\":\"https:\\\/\\\/cchumane.org\\\/#website\",\"url\":\"https:\\\/\\\/cchumane.org\\\/\",\"name\":\"Contra Costa Humane Society\",\"description\":\"Adopt. Connect. Support.\",\"publisher\":{\"@id\":\"https:\\\/\\\/cchumane.org\\\/#organization\"},\"potentialAction\":[{\"@type\":\"SearchAction\",\"target\":{\"@type\":\"EntryPoint\",\"urlTemplate\":\"https:\\\/\\\/cchumane.org\\\/?s={search_term_string}\"},\"query-input\":{\"@type\":\"PropertyValueSpecification\",\"valueRequired\":true,\"valueName\":\"search_term_string\"}}],\"inLanguage\":\"es\"},{\"@type\":\"Organization\",\"@id\":\"https:\\\/\\\/cchumane.org\\\/#organization\",\"name\":\"Contra Costa Humane Society\",\"url\":\"https:\\\/\\\/cchumane.org\\\/\",\"logo\":{\"@type\":\"ImageObject\",\"inLanguage\":\"es\",\"@id\":\"https:\\\/\\\/cchumane.org\\\/#\\\/schema\\\/logo\\\/image\\\/\",\"url\":\"https:\\\/\\\/cchumane.org\\\/wp-content\\\/uploads\\\/CCHS_logo_2line_rev_208px.webp\",\"contentUrl\":\"https:\\\/\\\/cchumane.org\\\/wp-content\\\/uploads\\\/CCHS_logo_2line_rev_208px.webp\",\"width\":208,\"height\":57,\"caption\":\"Contra Costa Humane Society\"},\"image\":{\"@id\":\"https:\\\/\\\/cchumane.org\\\/#\\\/schema\\\/logo\\\/image\\\/\"},\"sameAs\":[\"https:\\\/\\\/www.facebook.com\\\/ContraCostaHumaneSociety\\\/\",\"https:\\\/\\\/x.com\\\/cchumane\",\"https:\\\/\\\/www.instagram.com\\\/contracostahumanesociety\\\/\"]}]}<\/script>\n<!-- \/ Yoast SEO plugin. -->","yoast_head_json":{"title":"Abuso y negligencia - Sociedad Protectora de Animales de Contra Costa","robots":{"index":"index","follow":"follow","max-snippet":"max-snippet:-1","max-image-preview":"max-image-preview:large","max-video-preview":"max-video-preview:-1"},"canonical":"https:\/\/cchumane.org\/es\/resources\/abuse-and-neglect\/","og_locale":"es_MX","og_type":"article","og_title":"Abuse and Neglect - Contra Costa Humane Society","og_description":"CCHS receives many inquiries on such cases for which we are able to answer questions and offer advice, however, in Contra Costa County, we do not have the jurisdiction to investigate and prosecute such cases.\u00a0 To directly report a suspected case of animal abuse or neglect, you must contact your local animal control department to begin a warranted investigation.","og_url":"https:\/\/cchumane.org\/es\/resources\/abuse-and-neglect\/","og_site_name":"Contra Costa Humane Society","article_publisher":"https:\/\/www.facebook.com\/ContraCostaHumaneSociety\/","article_modified_time":"2024-07-07T23:44:57+00:00","og_image":[{"width":800,"height":796,"url":"https:\/\/cchumane.org\/wp-content\/uploads\/800sq_abuse.webp","type":"image\/webp"}],"twitter_card":"summary_large_image","twitter_site":"@cchumane","twitter_misc":{"Tiempo de lectura":"2 minutos"},"schema":{"@context":"https:\/\/schema.org","@graph":[{"@type":"WebPage","@id":"https:\/\/cchumane.org\/resources\/abuse-and-neglect\/","url":"https:\/\/cchumane.org\/resources\/abuse-and-neglect\/","name":"Abuso y negligencia - Sociedad Protectora de Animales de Contra Costa","isPartOf":{"@id":"https:\/\/cchumane.org\/#website"},"primaryImageOfPage":{"@id":"https:\/\/cchumane.org\/resources\/abuse-and-neglect\/#primaryimage"},"image":{"@id":"https:\/\/cchumane.org\/resources\/abuse-and-neglect\/#primaryimage"},"thumbnailUrl":"https:\/\/cchumane.org\/wp-content\/uploads\/800sq_abuse.webp","datePublished":"2010-05-02T13:14:19+00:00","dateModified":"2024-07-07T23:44:57+00:00","breadcrumb":{"@id":"https:\/\/cchumane.org\/resources\/abuse-and-neglect\/#breadcrumb"},"inLanguage":"es","potentialAction":[{"@type":"ReadAction","target":["https:\/\/cchumane.org\/resources\/abuse-and-neglect\/"]}]},{"@type":"ImageObject","inLanguage":"es","@id":"https:\/\/cchumane.org\/resources\/abuse-and-neglect\/#primaryimage","url":"https:\/\/cchumane.org\/wp-content\/uploads\/800sq_abuse.webp","contentUrl":"https:\/\/cchumane.org\/wp-content\/uploads\/800sq_abuse.webp","width":800,"height":796},{"@type":"BreadcrumbList","@id":"https:\/\/cchumane.org\/resources\/abuse-and-neglect\/#breadcrumb","itemListElement":[{"@type":"ListItem","position":1,"name":"Home","item":"https:\/\/cchumane.org\/"},{"@type":"ListItem","position":2,"name":"Resources","item":"https:\/\/cchumane.org\/?page_id=425"},{"@type":"ListItem","position":3,"name":"Abuse and Neglect"}]},{"@type":"WebSite","@id":"https:\/\/cchumane.org\/#website","url":"https:\/\/cchumane.org\/","name":"Contra Costa Humane Society","description":"Adoptar. Conectar. Apoyar.","publisher":{"@id":"https:\/\/cchumane.org\/#organization"},"potentialAction":[{"@type":"SearchAction","target":{"@type":"EntryPoint","urlTemplate":"https:\/\/cchumane.org\/?s={search_term_string}"},"query-input":{"@type":"PropertyValueSpecification","valueRequired":true,"valueName":"search_term_string"}}],"inLanguage":"es"},{"@type":"Organization","@id":"https:\/\/cchumane.org\/#organization","name":"Contra Costa Humane Society","url":"https:\/\/cchumane.org\/","logo":{"@type":"ImageObject","inLanguage":"es","@id":"https:\/\/cchumane.org\/#\/schema\/logo\/image\/","url":"https:\/\/cchumane.org\/wp-content\/uploads\/CCHS_logo_2line_rev_208px.webp","contentUrl":"https:\/\/cchumane.org\/wp-content\/uploads\/CCHS_logo_2line_rev_208px.webp","width":208,"height":57,"caption":"Contra Costa Humane Society"},"image":{"@id":"https:\/\/cchumane.org\/#\/schema\/logo\/image\/"},"sameAs":["https:\/\/www.facebook.com\/ContraCostaHumaneSociety\/","https:\/\/x.com\/cchumane","https:\/\/www.instagram.com\/contracostahumanesociety\/"]}]}},"rttpg_featured_image_url":{"full":["https:\/\/cchumane.org\/wp-content\/uploads\/800sq_abuse.webp",800,796,false],"landscape":["https:\/\/cchumane.org\/wp-content\/uploads\/800sq_abuse.webp",800,796,false],"portraits":["https:\/\/cchumane.org\/wp-content\/uploads\/800sq_abuse.webp",800,796,false],"thumbnail":["https:\/\/cchumane.org\/wp-content\/uploads\/800sq_abuse-150x150.webp",150,150,true],"medium":["https:\/\/cchumane.org\/wp-content\/uploads\/800sq_abuse-300x300.webp",300,300,true],"large":["https:\/\/cchumane.org\/wp-content\/uploads\/800sq_abuse.webp",800,796,false],"1536x1536":["https:\/\/cchumane.org\/wp-content\/uploads\/800sq_abuse.webp",800,796,false],"2048x2048":["https:\/\/cchumane.org\/wp-content\/uploads\/800sq_abuse.webp",800,796,false],"trp-custom-language-flag":["https:\/\/cchumane.org\/wp-content\/uploads\/800sq_abuse.webp",12,12,false],"qi_blocks_image_size_square":["https:\/\/cchumane.org\/wp-content\/uploads\/800sq_abuse.webp",650,647,false],"qi_blocks_image_size_landscape":["https:\/\/cchumane.org\/wp-content\/uploads\/800sq_abuse.webp",653,650,false],"qi_blocks_image_size_portrait":["https:\/\/cchumane.org\/wp-content\/uploads\/800sq_abuse.webp",650,647,false],"qi_blocks_image_size_huge_square":["https:\/\/cchumane.org\/wp-content\/uploads\/800sq_abuse.webp",800,796,false],"rt_custom":["https:\/\/cchumane.org\/wp-content\/uploads\/800sq_abuse.webp",800,796,false]},"rttpg_author":{"display_name":"BirdieHershel","author_link":"https:\/\/cchumane.org\/es\/author\/juicybitta_9\/"},"rttpg_comment":0,"rttpg_category":null,"rttpg_excerpt":"CCHS receives many inquiries on such cases for which we are able to answer questions and offer advice, however, in Contra Costa County, we do not have the jurisdiction to investigate and prosecute such cases.\u00a0 To directly report a suspected case of animal abuse or neglect, you must contact your local animal control department to&hellip;","_links":{"self":[{"href":"https:\/\/cchumane.org\/es\/wp-json\/wp\/v2\/pages\/93","targetHints":{"allow":["GET"]}}],"collection":[{"href":"https:\/\/cchumane.org\/es\/wp-json\/wp\/v2\/pages"}],"about":[{"href":"https:\/\/cchumane.org\/es\/wp-json\/wp\/v2\/types\/page"}],"author":[{"embeddable":true,"href":"https:\/\/cchumane.org\/es\/wp-json\/wp\/v2\/users\/7650"}],"replies":[{"embeddable":true,"href":"https:\/\/cchumane.org\/es\/wp-json\/wp\/v2\/comments?post=93"}],"version-history":[{"count":0,"href":"https:\/\/cchumane.org\/es\/wp-json\/wp\/v2\/pages\/93\/revisions"}],"up":[{"embeddable":true,"href":"https:\/\/cchumane.org\/es\/wp-json\/wp\/v2\/pages\/425"}],"wp:featuredmedia":[{"embeddable":true,"href":"https:\/\/cchumane.org\/es\/wp-json\/wp\/v2\/media\/19427"}],"wp:attachment":[{"href":"https:\/\/cchumane.org\/es\/wp-json\/wp\/v2\/media?parent=93"}],"curies":[{"name":"gracias","href":"https:\/\/api.w.org\/{rel}","templated":true}]}}