{"id":82,"date":"2010-04-30T19:39:49","date_gmt":"2010-05-01T02:39:49","guid":{"rendered":"http:\/\/wp.cchumane.org\/?page_id=82"},"modified":"2026-03-09T18:02:10","modified_gmt":"2026-03-10T01:02:10","slug":"contact-us1","status":"publish","type":"page","link":"https:\/\/cchumane.org\/es\/about-us\/contact-us1\/","title":{"rendered":"Cont\u00e1ctenos"},"content":{"rendered":"<div class=\"wp-block-group alignfull has-global-padding is-layout-constrained wp-block-group-is-layout-constrained\" id=\"page-title-box\">\n<div class=\"wp-block-group alignfull has-global-padding is-layout-constrained wp-block-group-is-layout-constrained\">\n<div class=\"wp-block-cover alignfull is-light\" style=\"min-height:340px;aspect-ratio:unset;\"><img loading=\"lazy\" decoding=\"async\" width=\"1420\" height=\"400\" class=\"wp-block-cover__image-background wp-image-18845\" alt=\"\" src=\"https:\/\/cchumane.org\/wp-content\/uploads\/inner_base_paw.webp\" data-object-fit=\"cover\" srcset=\"https:\/\/cchumane.org\/wp-content\/uploads\/inner_base_paw.webp 1420w, https:\/\/cchumane.org\/wp-content\/uploads\/inner_base_paw-300x85.webp 300w, https:\/\/cchumane.org\/wp-content\/uploads\/inner_base_paw-1024x288.webp 1024w, https:\/\/cchumane.org\/wp-content\/uploads\/inner_base_paw-768x216.webp 768w\" sizes=\"auto, (max-width: 1420px) 100vw, 1420px\" \/><span aria-hidden=\"true\" class=\"wp-block-cover__background has-background-dim-0 has-background-dim\" style=\"background-color:#c2b8af\"><\/span><div class=\"wp-block-cover__inner-container is-layout-flow wp-block-cover-is-layout-flow\">\n<div class=\"wp-block-group has-global-padding is-layout-constrained wp-block-group-is-layout-constrained\">\n<div class=\"wp-block-group alignfull is-content-justification-center is-nowrap is-layout-flex wp-container-core-group-is-layout-1769166a wp-block-group-is-layout-flex\" style=\"border-style:none;border-width:0px;padding-top:0;padding-bottom:0\">\n<div class=\"wp-block-group has-border-color has-global-padding is-layout-constrained wp-block-group-is-layout-constrained\" style=\"border-color:#b9b5b5;border-width:2px\"><h1 style=\"color:#fffefe; padding-top:var(--wp--preset--spacing--10);padding-bottom:var(--wp--preset--spacing--10);padding-left:var(--wp--preset--spacing--10);padding-right:var(--wp--preset--spacing--10);\" class=\"has-text-align-center has-link-color wp-elements-db873da11665eb77ed92054808e79281 wp-block-post-title has-text-color has-large-font-size\">Cont\u00e1ctenos<\/h1><\/div>\n<\/div>\n<\/div>\n<\/div><\/div>\n<\/div>\n<\/div>\n\n\n\n<div id=\"wp-block-themeisle-blocks-advanced-columns-62716257\" class=\"wp-block-themeisle-blocks-advanced-columns has-2-columns has-desktop-equal-layout has-tablet-equal-layout has-mobile-collapsedRows-layout has-vertical-unset\"><div class=\"wp-block-themeisle-blocks-advanced-columns-overlay\"><\/div><div class=\"innerblocks-wrap\">\n<div id=\"wp-block-themeisle-blocks-advanced-column-349d1ff2\" class=\"wp-block-themeisle-blocks-advanced-column\">\n<p><strong>Contra Costa Humane Society<\/strong><br>Oficinas administrativas de Kitty Corner y CCHS<br>3341 Vincent Road<br>Pleasant Hill, California 94523<\/p>\n\n\n\n<p>925-279-2247<br><a href=\"mailto:info@cchumane.org\" target=\"_blank\" rel=\"noreferrer noopener\">info@cchumane.org<\/a><\/p>\n\n\n\n<p style=\"font-size:clamp(0.875rem, 0.875rem + ((1vw - 0.2rem) * 0.208), 1rem);\">Organizaci\u00f3n sin fines de lucro 501(c)3 <br>Identificaci\u00f3n fiscal federal # 68-0281428<\/p>\n<\/div>\n\n\n\n<div id=\"wp-block-themeisle-blocks-advanced-column-5b7ffa4e\" class=\"wp-block-themeisle-blocks-advanced-column\">\n<iframe src=\"https:\/\/www.google.com\/maps\/embed?pb=!1m18!1m12!1m3!1d3146.677858359656!2d-122.05694422314916!3d37.937955571944634!2m3!1f0!2f0!3f0!3m2!1i1024!2i768!4f13.1!3m3!1m2!1s0x8085615434a25eff%3A0x33348376026fbbb5!2sContra%20Costa%20Humane%20Society!5e0!3m2!1sen!2sus!4v1711980602804!5m2!1sen!2sus\" width=\"100%\" height=\"425\" style=\"border:0;\" allowfullscreen=\"\" loading=\"lazy\" referrerpolicy=\"no-referrer-when-downgrade\"><\/iframe>\n<\/div>\n<\/div><\/div>\n\n\n\n<h3 class=\"wp-block-heading\">Adopciones<\/h3>\n\n\n\n<div class=\"wp-block-columns is-layout-flex wp-container-core-columns-is-layout-28f84493 wp-block-columns-is-layout-flex\">\n<div class=\"wp-block-column is-layout-flow wp-block-column-is-layout-flow\">\n<p>Las adopciones est\u00e1n disponibles por <a href=\"mailto:info@cchumane.org\">Cont\u00e1ctanos<\/a> y concertar una cita o durante nuestro Horario de Adopci\u00f3n Abierta.<\/p>\n\n\n\n<p>Echa un vistazo a nuestro <a href=\"https:\/\/cchumane.org\/es\/adopt\/adoptable-cats\/\">gatos y gatitos disponibles<\/a>No todos nuestros animales se encuentran en Kitty Corner; algunos est\u00e1n en hogares de acogida, pero est\u00e1n disponibles para conocerlos y saludarlos.&nbsp;<\/p>\n\n\n\n<p>Le recomendamos que complete una solicitud para que podamos ayudarlo a conectarse con el animal que m\u00e1s le interesa y\/o si ese animal llega a ser adoptado, estaremos encantados de compartir con usted otros excelentes candidatos de piel.&nbsp;<\/p>\n\n\n\n<p>Todos nuestros animales est\u00e1n esterilizados, castrados, vacunados y microchipados.<\/p>\n\n\n\n<p>Por favor, consulte tambi\u00e9n nuestra <a href=\"https:\/\/cchumane.org\/es\/events\/\">Eventos<\/a> P\u00e1gina para otras oportunidades de adopci\u00f3n.<\/p>\n<\/div>\n\n\n\n<div class=\"wp-block-column is-layout-flow wp-block-column-is-layout-flow\">\n<h4 class=\"wp-block-heading\">Horario de adopci\u00f3n abierto<\/h4>\n\n\n\n<p>Tenemos Horario de Adopci\u00f3n Abierto la mayor\u00eda de los viernes, s\u00e1bados y domingos. Consulte tambi\u00e9n nuestro <a href=\"https:\/\/cchumane.org\/es\/events\/\">Ev<\/a><a href=\"https:\/\/cchumane.org\/es\/events\/\" target=\"_blank\" rel=\"noreferrer noopener\">e<\/a><a href=\"https:\/\/cchumane.org\/es\/events\/\">nts<\/a> P\u00e1gina para d\u00edas y horarios exactos.<\/p>\n\n\n\n<figure class=\"wp-block-table\"><table class=\"has-fixed-layout\"><tbody><tr><td>Viernes<\/td><td>13:00 \u2013 15:00<\/td><\/tr><tr><td>S\u00e1bados<\/td><td>11 a. m. a 1 p. m.<\/td><\/tr><tr><td>Domingos<\/td><td>11 a. m. a 1 p. m.<\/td><\/tr><\/tbody><\/table><\/figure>\n\n\n\n<p><\/p>\n<\/div>\n<\/div>\n\n\n\n<div class=\"wp-block-group alignwide has-global-padding is-layout-constrained wp-container-core-group-is-layout-7958b332 wp-block-group-is-layout-constrained\" style=\"margin-top:var(--wp--preset--spacing--40)\">\n<div id=\"wp-block-themeisle-blocks-advanced-columns-f7fbf837\" class=\"wp-block-themeisle-blocks-advanced-columns alignwide has-2-columns has-desktop-twoOne-layout has-tablet-equal-layout has-mobile-collapsedRows-layout has-vertical-unset has-dark-bg\"><div class=\"wp-block-themeisle-blocks-advanced-columns-overlay\"><\/div><div class=\"innerblocks-wrap\">\n<div id=\"wp-block-themeisle-blocks-advanced-column-8021dbd4\" class=\"wp-block-themeisle-blocks-advanced-column\">\n<h3 id=\"wp-block-themeisle-blocks-advanced-heading-0ea818e0\" class=\"wp-block-themeisle-blocks-advanced-heading wp-block-themeisle-blocks-advanced-heading-0ea818e0 ticss-0ea818e0\">Cuidando necesidades especiales. Salvando vidas.<\/h3>\n\n\n\n<p class=\"has-text-align-center\" style=\"font-size:clamp(0.875rem, 0.875rem + ((1vw - 0.2rem) * 0.708), 1.3rem);\">Dona al Fondo PAWS y ayuda a los animales a sanar, prosperar y encontrar hogares amorosos. <\/p>\n\n\n\n<div class=\"wp-block-buttons has-custom-font-size is-content-justification-center is-layout-flex wp-container-core-buttons-is-layout-ecbaa6a1 wp-block-buttons-is-layout-flex\" style=\"margin-top:var(--wp--preset--spacing--10);font-size:clamp(0.875rem, 0.875rem + ((1vw - 0.2rem) * 0.542), 1.2rem);\">\n<div class=\"wp-block-button is-style-outline is-style-outline--1\"><a class=\"wp-block-button__link has-text-color has-link-color has-border-color has-custom-font-size wp-element-button\" href=\"https:\/\/cchumane.org\/es\/providing-animal-wellness-support\/\" style=\"border-color:#ffffff;border-width:2px;color:#ffffff;padding-top:0.7rem;padding-right:1.5rem;padding-bottom:0.7rem;padding-left:1.5rem;font-size:clamp(0.875rem, 0.875rem + ((1vw - 0.2rem) * 0.542), 1.2rem);\">M\u00e1s informaci\u00f3n<\/a><\/div>\n<\/div>\n<\/div>\n\n\n\n<div id=\"wp-block-themeisle-blocks-advanced-column-9d71e49d\" class=\"wp-block-themeisle-blocks-advanced-column\">\n<figure class=\"wp-block-image size-full\"><a href=\"https:\/\/cchumane.org\/es\/providing-animal-wellness-support\/\"><img loading=\"lazy\" decoding=\"async\" width=\"600\" height=\"500\" src=\"http:\/\/cchumane.org\/wp-content\/uploads\/Paws_multi_img.webp\" alt=\"PAWS Fund logo, Providing Animal Wellness Support overlaying images of Cats with special medical needs\" class=\"wp-image-24822\" srcset=\"https:\/\/cchumane.org\/wp-content\/uploads\/Paws_multi_img.webp 600w, https:\/\/cchumane.org\/wp-content\/uploads\/Paws_multi_img-300x250.webp 300w, https:\/\/cchumane.org\/wp-content\/uploads\/Paws_multi_img-14x12.webp 14w\" sizes=\"auto, (max-width: 600px) 100vw, 600px\" \/><\/a><\/figure>\n<\/div>\n<\/div><\/div>\n<\/div>","protected":false},"excerpt":{"rendered":"<p>Adoptions Adoptions are available by contacting us and setting up an appointment or during our Open Adoption Hours. Check out our available cats and kittens. Not all our animals are&nbsp;onsite at Kitty Corner, some are in foster homes, but available for meet n\u2019 greets.&nbsp; We&nbsp;recommend you fill out an application so that we can help [&hellip;]<\/p>\n","protected":false},"author":3,"featured_media":19199,"parent":101,"menu_order":3,"comment_status":"closed","ping_status":"closed","template":"","meta":{"_acf_changed":false,"_themeisle_gutenberg_block_has_review":false,"footnotes":""},"class_list":["post-82","page","type-page","status-publish","has-post-thumbnail","hentry"],"acf":[],"yoast_head":"<!-- This site is optimized with the Yoast SEO plugin v27.3 - https:\/\/yoast.com\/product\/yoast-seo-wordpress\/ -->\n<title>Contact Us - Contra Costa Humane Society<\/title>\n<meta name=\"description\" content=\"We are located in Pleasant Hill, California and happy to arrange adoption meetings, discuss volunteer opportunities and more.\" \/>\n<meta name=\"robots\" content=\"index, follow, max-snippet:-1, max-image-preview:large, max-video-preview:-1\" \/>\n<link rel=\"canonical\" href=\"https:\/\/cchumane.org\/es\/about-us\/contact-us1\/\" \/>\n<meta property=\"og:locale\" content=\"es_MX\" \/>\n<meta property=\"og:type\" content=\"article\" \/>\n<meta property=\"og:title\" content=\"Contact Us - Contra Costa Humane Society\" \/>\n<meta property=\"og:description\" content=\"We are located in Pleasant Hill, California and happy to arrange adoption meetings, discuss volunteer opportunities and more.\" \/>\n<meta property=\"og:url\" content=\"https:\/\/cchumane.org\/es\/about-us\/contact-us1\/\" \/>\n<meta property=\"og:site_name\" content=\"Contra Costa Humane Society\" \/>\n<meta property=\"article:publisher\" content=\"https:\/\/www.facebook.com\/ContraCostaHumaneSociety\/\" \/>\n<meta property=\"article:modified_time\" content=\"2026-03-10T01:02:10+00:00\" \/>\n<meta property=\"og:image\" content=\"http:\/\/cchumane.org\/wp-content\/uploads\/inner_cat_paw2.webp\" \/>\n\t<meta property=\"og:image:width\" content=\"1420\" \/>\n\t<meta property=\"og:image:height\" content=\"400\" \/>\n\t<meta property=\"og:image:type\" content=\"image\/webp\" \/>\n<meta name=\"twitter:card\" content=\"summary_large_image\" \/>\n<meta name=\"twitter:site\" content=\"@cchumane\" \/>\n<meta name=\"twitter:label1\" content=\"Tiempo de lectura\" \/>\n\t<meta name=\"twitter:data1\" content=\"2 minutos\" \/>\n<script type=\"application\/ld+json\" class=\"yoast-schema-graph\">{\"@context\":\"https:\\\/\\\/schema.org\",\"@graph\":[{\"@type\":\"WebPage\",\"@id\":\"https:\\\/\\\/cchumane.org\\\/about-us\\\/contact-us1\\\/\",\"url\":\"https:\\\/\\\/cchumane.org\\\/about-us\\\/contact-us1\\\/\",\"name\":\"Contact Us - Contra Costa Humane Society\",\"isPartOf\":{\"@id\":\"https:\\\/\\\/cchumane.org\\\/#website\"},\"primaryImageOfPage\":{\"@id\":\"https:\\\/\\\/cchumane.org\\\/about-us\\\/contact-us1\\\/#primaryimage\"},\"image\":{\"@id\":\"https:\\\/\\\/cchumane.org\\\/about-us\\\/contact-us1\\\/#primaryimage\"},\"thumbnailUrl\":\"https:\\\/\\\/cchumane.org\\\/wp-content\\\/uploads\\\/inner_cat_paw2.webp\",\"datePublished\":\"2010-05-01T02:39:49+00:00\",\"dateModified\":\"2026-03-10T01:02:10+00:00\",\"description\":\"We are located in Pleasant Hill, California and happy to arrange adoption meetings, discuss volunteer opportunities and more.\",\"breadcrumb\":{\"@id\":\"https:\\\/\\\/cchumane.org\\\/about-us\\\/contact-us1\\\/#breadcrumb\"},\"inLanguage\":\"es\",\"potentialAction\":[{\"@type\":\"ReadAction\",\"target\":[\"https:\\\/\\\/cchumane.org\\\/about-us\\\/contact-us1\\\/\"]}]},{\"@type\":\"ImageObject\",\"inLanguage\":\"es\",\"@id\":\"https:\\\/\\\/cchumane.org\\\/about-us\\\/contact-us1\\\/#primaryimage\",\"url\":\"https:\\\/\\\/cchumane.org\\\/wp-content\\\/uploads\\\/inner_cat_paw2.webp\",\"contentUrl\":\"https:\\\/\\\/cchumane.org\\\/wp-content\\\/uploads\\\/inner_cat_paw2.webp\",\"width\":1420,\"height\":400},{\"@type\":\"BreadcrumbList\",\"@id\":\"https:\\\/\\\/cchumane.org\\\/about-us\\\/contact-us1\\\/#breadcrumb\",\"itemListElement\":[{\"@type\":\"ListItem\",\"position\":1,\"name\":\"Home\",\"item\":\"https:\\\/\\\/cchumane.org\\\/\"},{\"@type\":\"ListItem\",\"position\":2,\"name\":\"About Us\",\"item\":\"https:\\\/\\\/cchumane.org\\\/about-us\\\/\"},{\"@type\":\"ListItem\",\"position\":3,\"name\":\"Contact Us\"}]},{\"@type\":\"WebSite\",\"@id\":\"https:\\\/\\\/cchumane.org\\\/#website\",\"url\":\"https:\\\/\\\/cchumane.org\\\/\",\"name\":\"Contra Costa Humane Society\",\"description\":\"Adopt. Connect. Support.\",\"publisher\":{\"@id\":\"https:\\\/\\\/cchumane.org\\\/#organization\"},\"potentialAction\":[{\"@type\":\"SearchAction\",\"target\":{\"@type\":\"EntryPoint\",\"urlTemplate\":\"https:\\\/\\\/cchumane.org\\\/?s={search_term_string}\"},\"query-input\":{\"@type\":\"PropertyValueSpecification\",\"valueRequired\":true,\"valueName\":\"search_term_string\"}}],\"inLanguage\":\"es\"},{\"@type\":\"Organization\",\"@id\":\"https:\\\/\\\/cchumane.org\\\/#organization\",\"name\":\"Contra Costa Humane Society\",\"url\":\"https:\\\/\\\/cchumane.org\\\/\",\"logo\":{\"@type\":\"ImageObject\",\"inLanguage\":\"es\",\"@id\":\"https:\\\/\\\/cchumane.org\\\/#\\\/schema\\\/logo\\\/image\\\/\",\"url\":\"https:\\\/\\\/cchumane.org\\\/wp-content\\\/uploads\\\/CCHS_logo_2line_rev_208px.webp\",\"contentUrl\":\"https:\\\/\\\/cchumane.org\\\/wp-content\\\/uploads\\\/CCHS_logo_2line_rev_208px.webp\",\"width\":208,\"height\":57,\"caption\":\"Contra Costa Humane Society\"},\"image\":{\"@id\":\"https:\\\/\\\/cchumane.org\\\/#\\\/schema\\\/logo\\\/image\\\/\"},\"sameAs\":[\"https:\\\/\\\/www.facebook.com\\\/ContraCostaHumaneSociety\\\/\",\"https:\\\/\\\/x.com\\\/cchumane\",\"https:\\\/\\\/www.instagram.com\\\/contracostahumanesociety\\\/\"]}]}<\/script>\n<!-- \/ Yoast SEO plugin. -->","yoast_head_json":{"title":"Cont\u00e1ctenos - Sociedad Protectora de Animales de Contra Costa","description":"Estamos ubicados en Pleasant Hill, California y nos complace organizar reuniones de adopci\u00f3n, discutir oportunidades de voluntariado y m\u00e1s.","robots":{"index":"index","follow":"follow","max-snippet":"max-snippet:-1","max-image-preview":"max-image-preview:large","max-video-preview":"max-video-preview:-1"},"canonical":"https:\/\/cchumane.org\/es\/about-us\/contact-us1\/","og_locale":"es_MX","og_type":"article","og_title":"Contact Us - Contra Costa Humane Society","og_description":"We are located in Pleasant Hill, California and happy to arrange adoption meetings, discuss volunteer opportunities and more.","og_url":"https:\/\/cchumane.org\/es\/about-us\/contact-us1\/","og_site_name":"Contra Costa Humane Society","article_publisher":"https:\/\/www.facebook.com\/ContraCostaHumaneSociety\/","article_modified_time":"2026-03-10T01:02:10+00:00","og_image":[{"width":1420,"height":400,"url":"http:\/\/cchumane.org\/wp-content\/uploads\/inner_cat_paw2.webp","type":"image\/webp"}],"twitter_card":"summary_large_image","twitter_site":"@cchumane","twitter_misc":{"Tiempo de lectura":"2 minutos"},"schema":{"@context":"https:\/\/schema.org","@graph":[{"@type":"WebPage","@id":"https:\/\/cchumane.org\/about-us\/contact-us1\/","url":"https:\/\/cchumane.org\/about-us\/contact-us1\/","name":"Cont\u00e1ctenos - Sociedad Protectora de Animales de Contra Costa","isPartOf":{"@id":"https:\/\/cchumane.org\/#website"},"primaryImageOfPage":{"@id":"https:\/\/cchumane.org\/about-us\/contact-us1\/#primaryimage"},"image":{"@id":"https:\/\/cchumane.org\/about-us\/contact-us1\/#primaryimage"},"thumbnailUrl":"https:\/\/cchumane.org\/wp-content\/uploads\/inner_cat_paw2.webp","datePublished":"2010-05-01T02:39:49+00:00","dateModified":"2026-03-10T01:02:10+00:00","description":"Estamos ubicados en Pleasant Hill, California y nos complace organizar reuniones de adopci\u00f3n, discutir oportunidades de voluntariado y m\u00e1s.","breadcrumb":{"@id":"https:\/\/cchumane.org\/about-us\/contact-us1\/#breadcrumb"},"inLanguage":"es","potentialAction":[{"@type":"ReadAction","target":["https:\/\/cchumane.org\/about-us\/contact-us1\/"]}]},{"@type":"ImageObject","inLanguage":"es","@id":"https:\/\/cchumane.org\/about-us\/contact-us1\/#primaryimage","url":"https:\/\/cchumane.org\/wp-content\/uploads\/inner_cat_paw2.webp","contentUrl":"https:\/\/cchumane.org\/wp-content\/uploads\/inner_cat_paw2.webp","width":1420,"height":400},{"@type":"BreadcrumbList","@id":"https:\/\/cchumane.org\/about-us\/contact-us1\/#breadcrumb","itemListElement":[{"@type":"ListItem","position":1,"name":"Home","item":"https:\/\/cchumane.org\/"},{"@type":"ListItem","position":2,"name":"About Us","item":"https:\/\/cchumane.org\/about-us\/"},{"@type":"ListItem","position":3,"name":"Contact Us"}]},{"@type":"WebSite","@id":"https:\/\/cchumane.org\/#website","url":"https:\/\/cchumane.org\/","name":"Contra Costa Humane Society","description":"Adoptar. Conectar. Apoyar.","publisher":{"@id":"https:\/\/cchumane.org\/#organization"},"potentialAction":[{"@type":"SearchAction","target":{"@type":"EntryPoint","urlTemplate":"https:\/\/cchumane.org\/?s={search_term_string}"},"query-input":{"@type":"PropertyValueSpecification","valueRequired":true,"valueName":"search_term_string"}}],"inLanguage":"es"},{"@type":"Organization","@id":"https:\/\/cchumane.org\/#organization","name":"Contra Costa Humane Society","url":"https:\/\/cchumane.org\/","logo":{"@type":"ImageObject","inLanguage":"es","@id":"https:\/\/cchumane.org\/#\/schema\/logo\/image\/","url":"https:\/\/cchumane.org\/wp-content\/uploads\/CCHS_logo_2line_rev_208px.webp","contentUrl":"https:\/\/cchumane.org\/wp-content\/uploads\/CCHS_logo_2line_rev_208px.webp","width":208,"height":57,"caption":"Contra Costa Humane Society"},"image":{"@id":"https:\/\/cchumane.org\/#\/schema\/logo\/image\/"},"sameAs":["https:\/\/www.facebook.com\/ContraCostaHumaneSociety\/","https:\/\/x.com\/cchumane","https:\/\/www.instagram.com\/contracostahumanesociety\/"]}]}},"rttpg_featured_image_url":{"full":["https:\/\/cchumane.org\/wp-content\/uploads\/inner_cat_paw2.webp",1420,400,false],"landscape":["https:\/\/cchumane.org\/wp-content\/uploads\/inner_cat_paw2.webp",1420,400,false],"portraits":["https:\/\/cchumane.org\/wp-content\/uploads\/inner_cat_paw2.webp",1420,400,false],"thumbnail":["https:\/\/cchumane.org\/wp-content\/uploads\/inner_cat_paw2-150x150.webp",150,150,true],"medium":["https:\/\/cchumane.org\/wp-content\/uploads\/inner_cat_paw2-300x85.webp",300,85,true],"large":["https:\/\/cchumane.org\/wp-content\/uploads\/inner_cat_paw2-1024x288.webp",1024,288,true],"1536x1536":["https:\/\/cchumane.org\/wp-content\/uploads\/inner_cat_paw2.webp",1420,400,false],"2048x2048":["https:\/\/cchumane.org\/wp-content\/uploads\/inner_cat_paw2.webp",1420,400,false],"trp-custom-language-flag":["https:\/\/cchumane.org\/wp-content\/uploads\/inner_cat_paw2.webp",18,5,false],"qi_blocks_image_size_square":["https:\/\/cchumane.org\/wp-content\/uploads\/inner_cat_paw2.webp",650,183,false],"qi_blocks_image_size_landscape":["https:\/\/cchumane.org\/wp-content\/uploads\/inner_cat_paw2.webp",1300,366,false],"qi_blocks_image_size_portrait":["https:\/\/cchumane.org\/wp-content\/uploads\/inner_cat_paw2.webp",650,183,false],"qi_blocks_image_size_huge_square":["https:\/\/cchumane.org\/wp-content\/uploads\/inner_cat_paw2.webp",1300,366,false],"rt_custom":["https:\/\/cchumane.org\/wp-content\/uploads\/inner_cat_paw2.webp",1420,400,false]},"rttpg_author":{"display_name":"Contra Costa Staff","author_link":"https:\/\/cchumane.org\/es\/author\/cchs\/"},"rttpg_comment":0,"rttpg_category":null,"rttpg_excerpt":"Adoptions Adoptions are available by contacting us and setting up an appointment or during our Open Adoption Hours. Check out our available cats and kittens. Not all our animals are&nbsp;onsite at Kitty Corner, some are in foster homes, but available for meet n\u2019 greets.&nbsp; We&nbsp;recommend you fill out an application so that we can help&hellip;","_links":{"self":[{"href":"https:\/\/cchumane.org\/es\/wp-json\/wp\/v2\/pages\/82","targetHints":{"allow":["GET"]}}],"collection":[{"href":"https:\/\/cchumane.org\/es\/wp-json\/wp\/v2\/pages"}],"about":[{"href":"https:\/\/cchumane.org\/es\/wp-json\/wp\/v2\/types\/page"}],"author":[{"embeddable":true,"href":"https:\/\/cchumane.org\/es\/wp-json\/wp\/v2\/users\/3"}],"replies":[{"embeddable":true,"href":"https:\/\/cchumane.org\/es\/wp-json\/wp\/v2\/comments?post=82"}],"version-history":[{"count":3,"href":"https:\/\/cchumane.org\/es\/wp-json\/wp\/v2\/pages\/82\/revisions"}],"predecessor-version":[{"id":24909,"href":"https:\/\/cchumane.org\/es\/wp-json\/wp\/v2\/pages\/82\/revisions\/24909"}],"up":[{"embeddable":true,"href":"https:\/\/cchumane.org\/es\/wp-json\/wp\/v2\/pages\/101"}],"wp:featuredmedia":[{"embeddable":true,"href":"https:\/\/cchumane.org\/es\/wp-json\/wp\/v2\/media\/19199"}],"wp:attachment":[{"href":"https:\/\/cchumane.org\/es\/wp-json\/wp\/v2\/media?parent=82"}],"curies":[{"name":"gracias","href":"https:\/\/api.w.org\/{rel}","templated":true}]}}