{"id":789,"date":"2013-05-31T10:38:29","date_gmt":"2013-05-31T17:38:29","guid":{"rendered":"http:\/\/wp.cchumane.org\/?page_id=789"},"modified":"2025-11-10T14:41:44","modified_gmt":"2025-11-10T22:41:44","slug":"volunteer-application-2","status":"publish","type":"page","link":"https:\/\/cchumane.org\/es\/volunteer-application-2\/","title":{"rendered":"Solicitud de voluntariado"},"content":{"rendered":"<div class=\"wp-block-group alignfull has-global-padding is-layout-constrained wp-block-group-is-layout-constrained\" id=\"page-title-box\" style=\"margin-bottom:var(--wp--preset--spacing--30)\">\n<div class=\"wp-block-group alignfull has-global-padding is-layout-constrained wp-block-group-is-layout-constrained\">\n<div class=\"wp-block-cover alignfull is-light\" style=\"min-height:340px;aspect-ratio:unset;\"><img loading=\"lazy\" decoding=\"async\" width=\"1420\" height=\"400\" class=\"wp-block-cover__image-background wp-image-20322\" alt=\"\" src=\"https:\/\/cchumane.org\/wp-content\/uploads\/inner_content_cuddled_cat.webp\" data-object-fit=\"cover\" srcset=\"https:\/\/cchumane.org\/wp-content\/uploads\/inner_content_cuddled_cat.webp 1420w, https:\/\/cchumane.org\/wp-content\/uploads\/inner_content_cuddled_cat-300x85.webp 300w, https:\/\/cchumane.org\/wp-content\/uploads\/inner_content_cuddled_cat-1024x288.webp 1024w, https:\/\/cchumane.org\/wp-content\/uploads\/inner_content_cuddled_cat-768x216.webp 768w\" sizes=\"auto, (max-width: 1420px) 100vw, 1420px\" \/><span aria-hidden=\"true\" class=\"wp-block-cover__background has-background-dim-0 has-background-dim\" style=\"background-color:#a59085\"><\/span><div class=\"wp-block-cover__inner-container is-layout-flow wp-block-cover-is-layout-flow\">\n<div class=\"wp-block-group has-global-padding is-layout-constrained wp-block-group-is-layout-constrained\">\n<div class=\"wp-block-group alignfull is-content-justification-center is-nowrap is-layout-flex wp-container-core-group-is-layout-1769166a wp-block-group-is-layout-flex\" style=\"border-style:none;border-width:0px;padding-top:0;padding-bottom:0\">\n<div class=\"wp-block-group has-border-color has-global-padding is-layout-constrained wp-block-group-is-layout-constrained\" style=\"border-color:#b9b5b5;border-width:2px\"><h1 style=\"color:#fffefe; padding-top:var(--wp--preset--spacing--10);padding-bottom:var(--wp--preset--spacing--10);padding-left:var(--wp--preset--spacing--10);padding-right:var(--wp--preset--spacing--10);\" class=\"has-text-align-center has-link-color wp-elements-db873da11665eb77ed92054808e79281 wp-block-post-title has-text-color has-large-font-size\">Solicitud de voluntariado<\/h1><\/div>\n<\/div>\n<\/div>\n<\/div><\/div>\n<\/div>\n<\/div>\n\n\n\n<h2 class=\"wp-block-heading\">No podemos hacerlo sin ti<\/h2>\n\n\n\n<div id=\"wp-block-themeisle-blocks-advanced-columns-2e549ba0\" class=\"wp-block-themeisle-blocks-advanced-columns has-2-columns has-desktop-equal-layout has-tablet-equal-layout has-mobile-collapsedRows-layout has-vertical-unset\"><div class=\"wp-block-themeisle-blocks-advanced-columns-overlay\"><\/div><div class=\"innerblocks-wrap\">\n<div id=\"wp-block-themeisle-blocks-advanced-column-5acea731\" class=\"wp-block-themeisle-blocks-advanced-column\">\n<p style=\"font-size:clamp(0.929rem, 0.929rem + ((1vw - 0.2rem) * 0.785), 1.4rem);\">\u00a1\u00danase a nuestro equipo de voluntarios! Hay muchas maneras en las que sus esfuerzos pueden respaldar nuestra misi\u00f3n de mejorar la vida de los perros y gatos en nuestra comunidad y ayudar a los due\u00f1os de mascotas que lo necesitan. Nuestros voluntarios identifican los programas y turnos o eventos que mejor se adaptan a sus intereses, experiencia, comodidad y disponibilidad.<\/p>\n\n\n\n<p>Si no est\u00e1 seguro de tener tiempo para ser voluntario, pero tiene espacio en su coraz\u00f3n para brindarle a un animal el mejor comienzo en la vida, considere una <a href=\"https:\/\/cchumane.org\/es\/volunteer\/foster\/\">criado<\/a> \u00a1Oportunidad! La acogida es una excelente manera de ayudar a un animal cuando m\u00e1s lo necesita y llenar tu hogar de amor. <\/p>\n<\/div>\n\n\n\n<div id=\"wp-block-themeisle-blocks-advanced-column-3c4c691c\" class=\"wp-block-themeisle-blocks-advanced-column\">\n<figure class=\"wp-block-image size-full\"><img loading=\"lazy\" decoding=\"async\" width=\"600\" height=\"900\" src=\"http:\/\/cchumane.org\/wp-content\/uploads\/600_900_new_volunteers.webp\" alt=\"Volunteers interacting with cats and kittens at Kitty Korner\" class=\"wp-image-24477\" srcset=\"https:\/\/cchumane.org\/wp-content\/uploads\/600_900_new_volunteers.webp 600w, https:\/\/cchumane.org\/wp-content\/uploads\/600_900_new_volunteers-200x300.webp 200w, https:\/\/cchumane.org\/wp-content\/uploads\/600_900_new_volunteers-8x12.webp 8w\" sizes=\"auto, (max-width: 600px) 100vw, 600px\" \/><\/figure>\n<\/div>\n<\/div><\/div>\n\n\n\n<div class=\"wp-block-columns is-layout-flex wp-container-core-columns-is-layout-28f84493 wp-block-columns-is-layout-flex\">\n<div class=\"wp-block-column is-layout-flow wp-block-column-is-layout-flow\">\n<div class=\"wp-block-buttons is-content-justification-center is-layout-flex wp-container-core-buttons-is-layout-98935462 wp-block-buttons-is-layout-flex\" style=\"margin-top:var(--wp--preset--spacing--10);margin-bottom:var(--wp--preset--spacing--10)\">\n<div class=\"wp-block-button has-custom-font-size\"><a class=\"wp-block-button__link has-custom-font-size wp-element-button\" href=\"https:\/\/www.volgistics.com\/ex\/portal.dll\/ap?ap=838627480\" style=\"font-size:clamp(0.875rem, 0.875rem + ((1vw - 0.2rem) * 0.542), 1.2rem);letter-spacing:0.02rem\" target=\"_blank\" rel=\"noreferrer noopener\">Solicitud de voluntariado<\/a><\/div>\n<\/div>\n<\/div>\n<\/div>\n\n\n\n<p>Se le notificar\u00e1 por correo electr\u00f3nico cuando se haya recibido su solicitud y luego nuestro equipo se comunicar\u00e1 con usted para comprender mejor sus intereses.<\/p>\n\n\n\n<p>Nuestros programas son tales que los voluntarios menores de 18 a\u00f1os deben estar presentes en el lugar con un padre o tutor. Si este es el caso, p\u00eddale a su padre o tutor que complete esta solicitud de voluntariado. \u00bfNo puede ser voluntario con un padre o tutor? Obtenga m\u00e1s informaci\u00f3n <a href=\"https:\/\/cchumane.org\/es\/ways-to-donate\/\">Otras formas en las que puedes apoyar a CCHS<\/a>.<\/p>\n\n\n\n<p class=\"has-text-align-left\"><em>Gracias por completar este formulario de solicitud y por su inter\u00e9s en ser voluntario con CCHS.<\/em><\/p>","protected":false},"excerpt":{"rendered":"<p>We can&#8217;t do it without you You will be notified by email when your application has been received and then contacted by our team to better understand your interests. Our programs are such that on-site volunteers under the age of 18 years need to be present with a parent or guardian. If this is the [&hellip;]<\/p>\n","protected":false},"author":3,"featured_media":0,"parent":0,"menu_order":0,"comment_status":"closed","ping_status":"closed","template":"","meta":{"_acf_changed":false,"_themeisle_gutenberg_block_has_review":false,"footnotes":""},"class_list":["post-789","page","type-page","status-publish","hentry"],"acf":[],"yoast_head":"<!-- This site is optimized with the Yoast SEO plugin v27.3 - https:\/\/yoast.com\/product\/yoast-seo-wordpress\/ -->\n<title>Volunteer Application - Contra Costa Humane Society<\/title>\n<meta name=\"description\" content=\"Join our volunteer team and support our mission to improve the lives of dogs and cats in our community and support pet owners in need.\" \/>\n<meta name=\"robots\" content=\"index, follow, max-snippet:-1, max-image-preview:large, max-video-preview:-1\" \/>\n<link rel=\"canonical\" href=\"https:\/\/cchumane.org\/es\/volunteer-application-2\/\" \/>\n<meta property=\"og:locale\" content=\"es_MX\" \/>\n<meta property=\"og:type\" content=\"article\" \/>\n<meta property=\"og:title\" content=\"Volunteer Application - Contra Costa Humane Society\" \/>\n<meta property=\"og:description\" content=\"Join our volunteer team and support our mission to improve the lives of dogs and cats in our community and support pet owners in need.\" \/>\n<meta property=\"og:url\" content=\"https:\/\/cchumane.org\/es\/volunteer-application-2\/\" \/>\n<meta property=\"og:site_name\" content=\"Contra Costa Humane Society\" \/>\n<meta property=\"article:publisher\" content=\"https:\/\/www.facebook.com\/ContraCostaHumaneSociety\/\" \/>\n<meta property=\"article:modified_time\" content=\"2025-11-10T22:41:44+00:00\" \/>\n<meta property=\"og:image\" content=\"https:\/\/cchumane.org\/wp-content\/uploads\/inner_content_cuddled_cat.webp\" \/>\n\t<meta property=\"og:image:width\" content=\"1420\" \/>\n\t<meta property=\"og:image:height\" content=\"400\" \/>\n\t<meta property=\"og:image:type\" content=\"image\/webp\" \/>\n<meta name=\"twitter:card\" content=\"summary_large_image\" \/>\n<meta name=\"twitter:site\" content=\"@cchumane\" \/>\n<meta name=\"twitter:label1\" content=\"Tiempo de lectura\" \/>\n\t<meta name=\"twitter:data1\" content=\"2 minutos\" \/>\n<script type=\"application\/ld+json\" class=\"yoast-schema-graph\">{\"@context\":\"https:\\\/\\\/schema.org\",\"@graph\":[{\"@type\":\"WebPage\",\"@id\":\"https:\\\/\\\/cchumane.org\\\/volunteer-application-2\\\/\",\"url\":\"https:\\\/\\\/cchumane.org\\\/volunteer-application-2\\\/\",\"name\":\"Volunteer Application - Contra Costa Humane Society\",\"isPartOf\":{\"@id\":\"https:\\\/\\\/cchumane.org\\\/#website\"},\"primaryImageOfPage\":{\"@id\":\"https:\\\/\\\/cchumane.org\\\/volunteer-application-2\\\/#primaryimage\"},\"image\":{\"@id\":\"https:\\\/\\\/cchumane.org\\\/volunteer-application-2\\\/#primaryimage\"},\"thumbnailUrl\":\"https:\\\/\\\/cchumane.org\\\/wp-content\\\/uploads\\\/inner_content_cuddled_cat.webp\",\"datePublished\":\"2013-05-31T17:38:29+00:00\",\"dateModified\":\"2025-11-10T22:41:44+00:00\",\"description\":\"Join our volunteer team and support our mission to improve the lives of dogs and cats in our community and support pet owners in need.\",\"breadcrumb\":{\"@id\":\"https:\\\/\\\/cchumane.org\\\/volunteer-application-2\\\/#breadcrumb\"},\"inLanguage\":\"es\",\"potentialAction\":[{\"@type\":\"ReadAction\",\"target\":[\"https:\\\/\\\/cchumane.org\\\/volunteer-application-2\\\/\"]}]},{\"@type\":\"ImageObject\",\"inLanguage\":\"es\",\"@id\":\"https:\\\/\\\/cchumane.org\\\/volunteer-application-2\\\/#primaryimage\",\"url\":\"https:\\\/\\\/cchumane.org\\\/wp-content\\\/uploads\\\/inner_content_cuddled_cat.webp\",\"contentUrl\":\"https:\\\/\\\/cchumane.org\\\/wp-content\\\/uploads\\\/inner_content_cuddled_cat.webp\"},{\"@type\":\"BreadcrumbList\",\"@id\":\"https:\\\/\\\/cchumane.org\\\/volunteer-application-2\\\/#breadcrumb\",\"itemListElement\":[{\"@type\":\"ListItem\",\"position\":1,\"name\":\"Home\",\"item\":\"https:\\\/\\\/cchumane.org\\\/\"},{\"@type\":\"ListItem\",\"position\":2,\"name\":\"Volunteer Application\"}]},{\"@type\":\"WebSite\",\"@id\":\"https:\\\/\\\/cchumane.org\\\/#website\",\"url\":\"https:\\\/\\\/cchumane.org\\\/\",\"name\":\"Contra Costa Humane Society\",\"description\":\"Adopt. Connect. Support.\",\"publisher\":{\"@id\":\"https:\\\/\\\/cchumane.org\\\/#organization\"},\"potentialAction\":[{\"@type\":\"SearchAction\",\"target\":{\"@type\":\"EntryPoint\",\"urlTemplate\":\"https:\\\/\\\/cchumane.org\\\/?s={search_term_string}\"},\"query-input\":{\"@type\":\"PropertyValueSpecification\",\"valueRequired\":true,\"valueName\":\"search_term_string\"}}],\"inLanguage\":\"es\"},{\"@type\":\"Organization\",\"@id\":\"https:\\\/\\\/cchumane.org\\\/#organization\",\"name\":\"Contra Costa Humane Society\",\"url\":\"https:\\\/\\\/cchumane.org\\\/\",\"logo\":{\"@type\":\"ImageObject\",\"inLanguage\":\"es\",\"@id\":\"https:\\\/\\\/cchumane.org\\\/#\\\/schema\\\/logo\\\/image\\\/\",\"url\":\"https:\\\/\\\/cchumane.org\\\/wp-content\\\/uploads\\\/CCHS_logo_2line_rev_208px.webp\",\"contentUrl\":\"https:\\\/\\\/cchumane.org\\\/wp-content\\\/uploads\\\/CCHS_logo_2line_rev_208px.webp\",\"width\":208,\"height\":57,\"caption\":\"Contra Costa Humane Society\"},\"image\":{\"@id\":\"https:\\\/\\\/cchumane.org\\\/#\\\/schema\\\/logo\\\/image\\\/\"},\"sameAs\":[\"https:\\\/\\\/www.facebook.com\\\/ContraCostaHumaneSociety\\\/\",\"https:\\\/\\\/x.com\\\/cchumane\",\"https:\\\/\\\/www.instagram.com\\\/contracostahumanesociety\\\/\"]}]}<\/script>\n<!-- \/ Yoast SEO plugin. -->","yoast_head_json":{"title":"Solicitud de voluntariado - Sociedad Protectora de Animales de Contra Costa","description":"\u00danase a nuestro equipo de voluntarios y apoye nuestra misi\u00f3n de mejorar la vida de los perros y gatos en nuestra comunidad y apoyar a los due\u00f1os de mascotas necesitados.","robots":{"index":"index","follow":"follow","max-snippet":"max-snippet:-1","max-image-preview":"max-image-preview:large","max-video-preview":"max-video-preview:-1"},"canonical":"https:\/\/cchumane.org\/es\/volunteer-application-2\/","og_locale":"es_MX","og_type":"article","og_title":"Volunteer Application - Contra Costa Humane Society","og_description":"Join our volunteer team and support our mission to improve the lives of dogs and cats in our community and support pet owners in need.","og_url":"https:\/\/cchumane.org\/es\/volunteer-application-2\/","og_site_name":"Contra Costa Humane Society","article_publisher":"https:\/\/www.facebook.com\/ContraCostaHumaneSociety\/","article_modified_time":"2025-11-10T22:41:44+00:00","og_image":[{"width":1420,"height":400,"url":"https:\/\/cchumane.org\/wp-content\/uploads\/inner_content_cuddled_cat.webp","type":"image\/webp"}],"twitter_card":"summary_large_image","twitter_site":"@cchumane","twitter_misc":{"Tiempo de lectura":"2 minutos"},"schema":{"@context":"https:\/\/schema.org","@graph":[{"@type":"WebPage","@id":"https:\/\/cchumane.org\/volunteer-application-2\/","url":"https:\/\/cchumane.org\/volunteer-application-2\/","name":"Solicitud de voluntariado - Sociedad Protectora de Animales de Contra Costa","isPartOf":{"@id":"https:\/\/cchumane.org\/#website"},"primaryImageOfPage":{"@id":"https:\/\/cchumane.org\/volunteer-application-2\/#primaryimage"},"image":{"@id":"https:\/\/cchumane.org\/volunteer-application-2\/#primaryimage"},"thumbnailUrl":"https:\/\/cchumane.org\/wp-content\/uploads\/inner_content_cuddled_cat.webp","datePublished":"2013-05-31T17:38:29+00:00","dateModified":"2025-11-10T22:41:44+00:00","description":"\u00danase a nuestro equipo de voluntarios y apoye nuestra misi\u00f3n de mejorar la vida de los perros y gatos en nuestra comunidad y apoyar a los due\u00f1os de mascotas necesitados.","breadcrumb":{"@id":"https:\/\/cchumane.org\/volunteer-application-2\/#breadcrumb"},"inLanguage":"es","potentialAction":[{"@type":"ReadAction","target":["https:\/\/cchumane.org\/volunteer-application-2\/"]}]},{"@type":"ImageObject","inLanguage":"es","@id":"https:\/\/cchumane.org\/volunteer-application-2\/#primaryimage","url":"https:\/\/cchumane.org\/wp-content\/uploads\/inner_content_cuddled_cat.webp","contentUrl":"https:\/\/cchumane.org\/wp-content\/uploads\/inner_content_cuddled_cat.webp"},{"@type":"BreadcrumbList","@id":"https:\/\/cchumane.org\/volunteer-application-2\/#breadcrumb","itemListElement":[{"@type":"ListItem","position":1,"name":"Home","item":"https:\/\/cchumane.org\/"},{"@type":"ListItem","position":2,"name":"Volunteer Application"}]},{"@type":"WebSite","@id":"https:\/\/cchumane.org\/#website","url":"https:\/\/cchumane.org\/","name":"Contra Costa Humane Society","description":"Adoptar. Conectar. Apoyar.","publisher":{"@id":"https:\/\/cchumane.org\/#organization"},"potentialAction":[{"@type":"SearchAction","target":{"@type":"EntryPoint","urlTemplate":"https:\/\/cchumane.org\/?s={search_term_string}"},"query-input":{"@type":"PropertyValueSpecification","valueRequired":true,"valueName":"search_term_string"}}],"inLanguage":"es"},{"@type":"Organization","@id":"https:\/\/cchumane.org\/#organization","name":"Contra Costa Humane Society","url":"https:\/\/cchumane.org\/","logo":{"@type":"ImageObject","inLanguage":"es","@id":"https:\/\/cchumane.org\/#\/schema\/logo\/image\/","url":"https:\/\/cchumane.org\/wp-content\/uploads\/CCHS_logo_2line_rev_208px.webp","contentUrl":"https:\/\/cchumane.org\/wp-content\/uploads\/CCHS_logo_2line_rev_208px.webp","width":208,"height":57,"caption":"Contra Costa Humane Society"},"image":{"@id":"https:\/\/cchumane.org\/#\/schema\/logo\/image\/"},"sameAs":["https:\/\/www.facebook.com\/ContraCostaHumaneSociety\/","https:\/\/x.com\/cchumane","https:\/\/www.instagram.com\/contracostahumanesociety\/"]}]}},"rttpg_featured_image_url":null,"rttpg_author":{"display_name":"Contra Costa Staff","author_link":"https:\/\/cchumane.org\/es\/author\/cchs\/"},"rttpg_comment":0,"rttpg_category":null,"rttpg_excerpt":"We can&#8217;t do it without you You will be notified by email when your application has been received and then contacted by our team to better understand your interests. Our programs are such that on-site volunteers under the age of 18 years need to be present with a parent or guardian. If this is the&hellip;","_links":{"self":[{"href":"https:\/\/cchumane.org\/es\/wp-json\/wp\/v2\/pages\/789","targetHints":{"allow":["GET"]}}],"collection":[{"href":"https:\/\/cchumane.org\/es\/wp-json\/wp\/v2\/pages"}],"about":[{"href":"https:\/\/cchumane.org\/es\/wp-json\/wp\/v2\/types\/page"}],"author":[{"embeddable":true,"href":"https:\/\/cchumane.org\/es\/wp-json\/wp\/v2\/users\/3"}],"replies":[{"embeddable":true,"href":"https:\/\/cchumane.org\/es\/wp-json\/wp\/v2\/comments?post=789"}],"version-history":[{"count":1,"href":"https:\/\/cchumane.org\/es\/wp-json\/wp\/v2\/pages\/789\/revisions"}],"predecessor-version":[{"id":24479,"href":"https:\/\/cchumane.org\/es\/wp-json\/wp\/v2\/pages\/789\/revisions\/24479"}],"wp:attachment":[{"href":"https:\/\/cchumane.org\/es\/wp-json\/wp\/v2\/media?parent=789"}],"curies":[{"name":"gracias","href":"https:\/\/api.w.org\/{rel}","templated":true}]}}