{"id":58,"date":"2010-04-30T16:56:13","date_gmt":"2010-04-30T23:56:13","guid":{"rendered":"http:\/\/wp.cchumane.org\/?page_id=58"},"modified":"2026-04-04T15:01:48","modified_gmt":"2026-04-04T22:01:48","slug":"wish-list","status":"publish","type":"page","link":"https:\/\/cchumane.org\/es\/ways-to-donate\/wish-list\/","title":{"rendered":"Lista de deseos"},"content":{"rendered":"<div class=\"wp-block-group alignfull has-global-padding is-layout-constrained wp-block-group-is-layout-constrained\" id=\"page-title-box\" style=\"margin-bottom:var(--wp--preset--spacing--30)\">\n<div class=\"wp-block-group alignfull has-global-padding is-layout-constrained wp-block-group-is-layout-constrained\">\n<div class=\"wp-block-cover alignfull\" style=\"min-height:340px;aspect-ratio:unset;\"><img loading=\"lazy\" decoding=\"async\" width=\"1420\" height=\"400\" class=\"wp-block-cover__image-background wp-image-19078\" alt=\"Cute kitten peering over blanket\" src=\"https:\/\/cchumane.org\/wp-content\/uploads\/inner_base_paws_cat.webp\" data-object-fit=\"cover\" srcset=\"https:\/\/cchumane.org\/wp-content\/uploads\/inner_base_paws_cat.webp 1420w, https:\/\/cchumane.org\/wp-content\/uploads\/inner_base_paws_cat-300x85.webp 300w, https:\/\/cchumane.org\/wp-content\/uploads\/inner_base_paws_cat-1024x288.webp 1024w, https:\/\/cchumane.org\/wp-content\/uploads\/inner_base_paws_cat-768x216.webp 768w\" sizes=\"auto, (max-width: 1420px) 100vw, 1420px\" \/><span aria-hidden=\"true\" class=\"wp-block-cover__background has-background-dim-0 has-background-dim\" style=\"background-color:#816f5c\"><\/span><div class=\"wp-block-cover__inner-container is-layout-flow wp-block-cover-is-layout-flow\">\n<div class=\"wp-block-group has-global-padding is-layout-constrained wp-block-group-is-layout-constrained\">\n<div class=\"wp-block-group alignfull is-content-justification-center is-nowrap is-layout-flex wp-container-core-group-is-layout-1769166a wp-block-group-is-layout-flex\" style=\"border-style:none;border-width:0px;padding-top:0;padding-bottom:0\">\n<div class=\"wp-block-group has-border-color has-global-padding is-layout-constrained wp-block-group-is-layout-constrained\" style=\"border-color:#b9b5b5;border-width:2px\"><h1 style=\"color:#fffefe; padding-top:var(--wp--preset--spacing--10);padding-bottom:var(--wp--preset--spacing--10);padding-left:var(--wp--preset--spacing--10);padding-right:var(--wp--preset--spacing--10);\" class=\"has-text-align-center has-link-color wp-elements-db873da11665eb77ed92054808e79281 wp-block-post-title has-text-color has-large-font-size\">Lista de deseos<\/h1><\/div>\n<\/div>\n<\/div>\n<\/div><\/div>\n<\/div>\n<\/div>\n\n\n\n<div class=\"wp-block-columns is-layout-flex wp-container-core-columns-is-layout-28f84493 wp-block-columns-is-layout-flex\">\n<div class=\"wp-block-column is-layout-flow wp-block-column-is-layout-flow\">\n<p class=\"has-text-align-center ticss-691438d9\" style=\"font-size:clamp(14.642px, 0.915rem + ((1vw - 3.2px) * 0.766), 22px);\">Gracias de antemano por considerar una generosa donaci\u00f3n, como comida para mascotas, arena para gatos y otros suministros, a trav\u00e9s de nuestras listas de deseos que se encuentran a continuaci\u00f3n. Esta es una manera sencilla de apoyar nuestros programas y nos permite destinar m\u00e1s recursos financieros a los animales.&nbsp;<\/p>\n\n\n\n<hr class=\"wp-block-separator aligncenter has-text-color has-contrast-2-color has-alpha-channel-opacity has-contrast-2-background-color has-background is-style-wide\" style=\"margin-top:var(--wp--preset--spacing--20);margin-bottom:var(--wp--preset--spacing--20)\"\/>\n\n\n\n<div class=\"wp-block-columns is-layout-flex wp-container-core-columns-is-layout-28f84493 wp-block-columns-is-layout-flex\">\n<div class=\"wp-block-column is-vertically-aligned-top is-layout-flow wp-block-column-is-layout-flow\">\n<div class=\"wp-block-columns is-layout-flex wp-container-core-columns-is-layout-28f84493 wp-block-columns-is-layout-flex\">\n<div class=\"wp-block-column is-layout-flow wp-block-column-is-layout-flow\">\n<figure class=\"wp-block-image size-full ticss-7be509ff\"><img loading=\"lazy\" decoding=\"async\" width=\"450\" height=\"207\" src=\"https:\/\/cchumane.org\/wp-content\/uploads\/amazon_wish-1.webp\" alt=\"amazon wishlist logo\" class=\"wp-image-18786\" srcset=\"https:\/\/cchumane.org\/wp-content\/uploads\/amazon_wish-1.webp 450w, https:\/\/cchumane.org\/wp-content\/uploads\/amazon_wish-1-300x138.webp 300w\" sizes=\"auto, (max-width: 450px) 100vw, 450px\" \/><\/figure>\n\n\n\n<div class=\"wp-block-buttons is-content-justification-center is-layout-flex wp-container-core-buttons-is-layout-a89b3969 wp-block-buttons-is-layout-flex\">\n<div class=\"wp-block-button\"><a class=\"wp-block-button__link has-medium-font-size has-custom-font-size wp-element-button\" href=\"https:\/\/www.amazon.com\/hz\/wishlist\/ls\/28PYBE08INTP8\/ref=hz_ls_biz_ex\" target=\"_blank\" rel=\"noreferrer noopener\">Amazonas<\/a><\/div>\n<\/div>\n<\/div>\n<\/div>\n<\/div>\n\n\n\n<div class=\"wp-block-column is-layout-flow wp-block-column-is-layout-flow\">\n<div class=\"wp-block-columns is-layout-flex wp-container-core-columns-is-layout-28f84493 wp-block-columns-is-layout-flex\">\n<div class=\"wp-block-column is-layout-flow wp-block-column-is-layout-flow\">\n<figure class=\"wp-block-image size-full ticss-c7ab5758\"><img loading=\"lazy\" decoding=\"async\" width=\"450\" height=\"207\" src=\"https:\/\/cchumane.org\/wp-content\/uploads\/chewy_wish.webp\" alt=\"Chewy Wishlist Logo\" class=\"wp-image-18782\" srcset=\"https:\/\/cchumane.org\/wp-content\/uploads\/chewy_wish.webp 450w, https:\/\/cchumane.org\/wp-content\/uploads\/chewy_wish-300x138.webp 300w\" sizes=\"auto, (max-width: 450px) 100vw, 450px\" \/><\/figure>\n\n\n\n<div class=\"wp-block-buttons is-content-justification-center is-layout-flex wp-container-core-buttons-is-layout-a89b3969 wp-block-buttons-is-layout-flex\">\n<div class=\"wp-block-button\"><a class=\"wp-block-button__link has-medium-font-size has-custom-font-size wp-element-button\" href=\"https:\/\/www.chewy.com\/g\/contra-costa-humane-society_b65808322#wish-list&amp;wishlistsortby=AVAILABILITY\" target=\"_blank\" rel=\"noreferrer noopener\">Correoso<\/a><\/div>\n<\/div>\n<\/div>\n<\/div>\n<\/div>\n\n\n\n<div class=\"wp-block-column is-layout-flow wp-block-column-is-layout-flow\">\n<div class=\"wp-block-columns is-layout-flex wp-container-core-columns-is-layout-28f84493 wp-block-columns-is-layout-flex\">\n<div class=\"wp-block-column is-layout-flow wp-block-column-is-layout-flow\">\n<figure class=\"wp-block-image size-full ticss-556d71ef\"><img loading=\"lazy\" decoding=\"async\" width=\"450\" height=\"207\" src=\"https:\/\/cchumane.org\/wp-content\/uploads\/walmart_wishlist.webp\" alt=\"Walmart Wishlist Logo\" class=\"wp-image-18783\" srcset=\"https:\/\/cchumane.org\/wp-content\/uploads\/walmart_wishlist.webp 450w, https:\/\/cchumane.org\/wp-content\/uploads\/walmart_wishlist-300x138.webp 300w\" sizes=\"auto, (max-width: 450px) 100vw, 450px\" \/><\/figure>\n\n\n\n<div class=\"wp-block-buttons is-content-justification-center is-layout-flex wp-container-core-buttons-is-layout-a89b3969 wp-block-buttons-is-layout-flex\">\n<div class=\"wp-block-button\"><a class=\"wp-block-button__link has-medium-font-size has-custom-font-size wp-element-button\" href=\"https:\/\/www.walmart.com\/lists\/shared\/WL\/f9d94670-e307-4a92-8495-9f4e983eeed1\" target=\"_blank\" rel=\"noreferrer noopener\">Walmart<\/a><\/div>\n<\/div>\n<\/div>\n<\/div>\n<\/div>\n<\/div>\n<\/div>\n<\/div>\n\n\n\n<hr class=\"wp-block-separator has-text-color has-contrast-2-color has-alpha-channel-opacity has-contrast-2-background-color has-background is-style-wide\" style=\"margin-top:var(--wp--preset--spacing--30);margin-bottom:var(--wp--preset--spacing--30)\"\/>\n\n\n\n<h3 class=\"wp-block-heading\">Actualmente aceptamos las siguientes donaciones:<\/h3>\n\n\n\n<div class=\"wp-block-columns is-layout-flex wp-container-core-columns-is-layout-28f84493 wp-block-columns-is-layout-flex\">\n<div class=\"wp-block-column is-layout-flow wp-block-column-is-layout-flow\">\n<ul class=\"wp-block-list add_marg\">\n<li>Alimento seco y h\u00famedo para perros y gatos nuevo o abierto, pero bien sellado, dentro de su fecha de caducidad.<\/li>\n\n\n\n<li>Arena para gatos, espec\u00edficamente World&#039;s Best Cat Litter (bolsa roja para uso de varios gatos); puedes encontrarla en nuestras listas de deseos arriba.<\/li>\n<\/ul>\n\n\n\n<p>Muchas gracias por pensar en CCHS y en nuestros programas comunitarios. <strong>No aceptamos toallas ni mantas usadas, art\u00edculos para mascotas como camas y rascadores para gatos, recipientes para almacenar suministros, medicamentos ni otros art\u00edculos de venta libre relacionados con mascotas.<\/strong>\u00a0<\/p>\n<\/div>\n\n\n\n<div class=\"wp-block-column is-layout-flow wp-block-column-is-layout-flow\" style=\"padding-top:0.5rem;padding-right:0;padding-bottom:var(--wp--preset--spacing--10);padding-left:var(--wp--preset--spacing--10);flex-basis:50%\">\n<figure class=\"wp-block-image aligncenter size-full is-resized\"><img loading=\"lazy\" decoding=\"async\" width=\"800\" height=\"800\" src=\"http:\/\/cchumane.org\/wp-content\/uploads\/800sq_donations.webp\" alt=\"Pet food and litter donations\" class=\"wp-image-24444\" style=\"width:376px;height:auto\" srcset=\"https:\/\/cchumane.org\/wp-content\/uploads\/800sq_donations.webp 800w, https:\/\/cchumane.org\/wp-content\/uploads\/800sq_donations-300x300.webp 300w, https:\/\/cchumane.org\/wp-content\/uploads\/800sq_donations-150x150.webp 150w, https:\/\/cchumane.org\/wp-content\/uploads\/800sq_donations-768x768.webp 768w, https:\/\/cchumane.org\/wp-content\/uploads\/800sq_donations-12x12.webp 12w, https:\/\/cchumane.org\/wp-content\/uploads\/800sq_donations-400x400.webp 400w\" sizes=\"auto, (max-width: 800px) 100vw, 800px\" \/><\/figure>\n<\/div>\n<\/div>\n\n\n\n<p>Entrega de donaciones: de lunes a viernes, de 9 a 13 h. Correo electr\u00f3nico <a href=\"mailto:info@cchumane.org\" target=\"_blank\" rel=\"noreferrer noopener\">info@cchumane.org<\/a> Para m\u00e1s informaci\u00f3n.<\/p>\n\n\n\n<p><\/p>","protected":false},"excerpt":{"rendered":"<p>Thank you in advance for considering a kind donation like pet food, litter and other supplies via our Wish Lists&#8217; below. This is an easy way to support our programs and&nbsp;enables us to focus more financial resources on animals.&nbsp; We are currently accepting the below for donation: Thank you so much for thinking of CCHS [&hellip;]<\/p>\n","protected":false},"author":7650,"featured_media":0,"parent":55,"menu_order":3,"comment_status":"closed","ping_status":"closed","template":"","meta":{"_acf_changed":false,"_themeisle_gutenberg_block_has_review":false,"footnotes":""},"class_list":["post-58","page","type-page","status-publish","hentry"],"acf":[],"yoast_head":"<!-- This site is optimized with the Yoast SEO plugin v27.3 - https:\/\/yoast.com\/product\/yoast-seo-wordpress\/ -->\n<title>Wish List - Contra Costa Humane Society<\/title>\n<meta name=\"description\" content=\"Donate pet food, litter and other supplies via our store Wish Lists&#039; below. It&#039;s an easy way to support us.\" \/>\n<meta name=\"robots\" content=\"index, follow, max-snippet:-1, max-image-preview:large, max-video-preview:-1\" \/>\n<link rel=\"canonical\" href=\"https:\/\/cchumane.org\/es\/ways-to-donate\/wish-list\/\" \/>\n<meta property=\"og:locale\" content=\"es_MX\" \/>\n<meta property=\"og:type\" content=\"article\" \/>\n<meta property=\"og:title\" content=\"Wish List - Contra Costa Humane Society\" \/>\n<meta property=\"og:description\" content=\"Donate pet food, litter and other supplies via our store Wish Lists&#039; below. It&#039;s an easy way to support us.\" \/>\n<meta property=\"og:url\" content=\"https:\/\/cchumane.org\/es\/ways-to-donate\/wish-list\/\" \/>\n<meta property=\"og:site_name\" content=\"Contra Costa Humane Society\" \/>\n<meta property=\"article:publisher\" content=\"https:\/\/www.facebook.com\/ContraCostaHumaneSociety\/\" \/>\n<meta property=\"article:modified_time\" content=\"2026-04-04T22:01:48+00:00\" \/>\n<meta property=\"og:image\" content=\"https:\/\/cchumane.org\/wp-content\/uploads\/inner_base_paws_cat.webp\" \/>\n\t<meta property=\"og:image:width\" content=\"1420\" \/>\n\t<meta property=\"og:image:height\" content=\"400\" \/>\n\t<meta property=\"og:image:type\" content=\"image\/webp\" \/>\n<meta name=\"twitter:card\" content=\"summary_large_image\" \/>\n<meta name=\"twitter:site\" content=\"@cchumane\" \/>\n<meta name=\"twitter:label1\" content=\"Tiempo de lectura\" \/>\n\t<meta name=\"twitter:data1\" content=\"2 minutos\" \/>\n<script type=\"application\/ld+json\" class=\"yoast-schema-graph\">{\"@context\":\"https:\\\/\\\/schema.org\",\"@graph\":[{\"@type\":\"WebPage\",\"@id\":\"https:\\\/\\\/cchumane.org\\\/ways-to-donate\\\/wish-list\\\/\",\"url\":\"https:\\\/\\\/cchumane.org\\\/ways-to-donate\\\/wish-list\\\/\",\"name\":\"Wish List - Contra Costa Humane Society\",\"isPartOf\":{\"@id\":\"https:\\\/\\\/cchumane.org\\\/#website\"},\"primaryImageOfPage\":{\"@id\":\"https:\\\/\\\/cchumane.org\\\/ways-to-donate\\\/wish-list\\\/#primaryimage\"},\"image\":{\"@id\":\"https:\\\/\\\/cchumane.org\\\/ways-to-donate\\\/wish-list\\\/#primaryimage\"},\"thumbnailUrl\":\"https:\\\/\\\/cchumane.org\\\/wp-content\\\/uploads\\\/inner_base_paws_cat.webp\",\"datePublished\":\"2010-04-30T23:56:13+00:00\",\"dateModified\":\"2026-04-04T22:01:48+00:00\",\"description\":\"Donate pet food, litter and other supplies via our store Wish Lists' below. It's an easy way to support us.\",\"breadcrumb\":{\"@id\":\"https:\\\/\\\/cchumane.org\\\/ways-to-donate\\\/wish-list\\\/#breadcrumb\"},\"inLanguage\":\"es\",\"potentialAction\":[{\"@type\":\"ReadAction\",\"target\":[\"https:\\\/\\\/cchumane.org\\\/ways-to-donate\\\/wish-list\\\/\"]}]},{\"@type\":\"ImageObject\",\"inLanguage\":\"es\",\"@id\":\"https:\\\/\\\/cchumane.org\\\/ways-to-donate\\\/wish-list\\\/#primaryimage\",\"url\":\"https:\\\/\\\/cchumane.org\\\/wp-content\\\/uploads\\\/inner_base_paws_cat.webp\",\"contentUrl\":\"https:\\\/\\\/cchumane.org\\\/wp-content\\\/uploads\\\/inner_base_paws_cat.webp\"},{\"@type\":\"BreadcrumbList\",\"@id\":\"https:\\\/\\\/cchumane.org\\\/ways-to-donate\\\/wish-list\\\/#breadcrumb\",\"itemListElement\":[{\"@type\":\"ListItem\",\"position\":1,\"name\":\"Home\",\"item\":\"https:\\\/\\\/cchumane.org\\\/\"},{\"@type\":\"ListItem\",\"position\":2,\"name\":\"Ways to Donate\",\"item\":\"https:\\\/\\\/cchumane.org\\\/ways-to-donate\\\/\"},{\"@type\":\"ListItem\",\"position\":3,\"name\":\"Wish List\"}]},{\"@type\":\"WebSite\",\"@id\":\"https:\\\/\\\/cchumane.org\\\/#website\",\"url\":\"https:\\\/\\\/cchumane.org\\\/\",\"name\":\"Contra Costa Humane Society\",\"description\":\"Adopt. Connect. Support.\",\"publisher\":{\"@id\":\"https:\\\/\\\/cchumane.org\\\/#organization\"},\"potentialAction\":[{\"@type\":\"SearchAction\",\"target\":{\"@type\":\"EntryPoint\",\"urlTemplate\":\"https:\\\/\\\/cchumane.org\\\/?s={search_term_string}\"},\"query-input\":{\"@type\":\"PropertyValueSpecification\",\"valueRequired\":true,\"valueName\":\"search_term_string\"}}],\"inLanguage\":\"es\"},{\"@type\":\"Organization\",\"@id\":\"https:\\\/\\\/cchumane.org\\\/#organization\",\"name\":\"Contra Costa Humane Society\",\"url\":\"https:\\\/\\\/cchumane.org\\\/\",\"logo\":{\"@type\":\"ImageObject\",\"inLanguage\":\"es\",\"@id\":\"https:\\\/\\\/cchumane.org\\\/#\\\/schema\\\/logo\\\/image\\\/\",\"url\":\"https:\\\/\\\/cchumane.org\\\/wp-content\\\/uploads\\\/CCHS_logo_2line_rev_208px.webp\",\"contentUrl\":\"https:\\\/\\\/cchumane.org\\\/wp-content\\\/uploads\\\/CCHS_logo_2line_rev_208px.webp\",\"width\":208,\"height\":57,\"caption\":\"Contra Costa Humane Society\"},\"image\":{\"@id\":\"https:\\\/\\\/cchumane.org\\\/#\\\/schema\\\/logo\\\/image\\\/\"},\"sameAs\":[\"https:\\\/\\\/www.facebook.com\\\/ContraCostaHumaneSociety\\\/\",\"https:\\\/\\\/x.com\\\/cchumane\",\"https:\\\/\\\/www.instagram.com\\\/contracostahumanesociety\\\/\"]}]}<\/script>\n<!-- \/ Yoast SEO plugin. -->","yoast_head_json":{"title":"Lista de deseos - Sociedad Protectora de Animales de Contra Costa","description":"Dona alimento, arena y otros suministros para mascotas a trav\u00e9s de las listas de deseos de nuestra tienda. Es una forma f\u00e1cil de apoyarnos.","robots":{"index":"index","follow":"follow","max-snippet":"max-snippet:-1","max-image-preview":"max-image-preview:large","max-video-preview":"max-video-preview:-1"},"canonical":"https:\/\/cchumane.org\/es\/ways-to-donate\/wish-list\/","og_locale":"es_MX","og_type":"article","og_title":"Wish List - Contra Costa Humane Society","og_description":"Donate pet food, litter and other supplies via our store Wish Lists' below. It's an easy way to support us.","og_url":"https:\/\/cchumane.org\/es\/ways-to-donate\/wish-list\/","og_site_name":"Contra Costa Humane Society","article_publisher":"https:\/\/www.facebook.com\/ContraCostaHumaneSociety\/","article_modified_time":"2026-04-04T22:01:48+00:00","og_image":[{"width":1420,"height":400,"url":"https:\/\/cchumane.org\/wp-content\/uploads\/inner_base_paws_cat.webp","type":"image\/webp"}],"twitter_card":"summary_large_image","twitter_site":"@cchumane","twitter_misc":{"Tiempo de lectura":"2 minutos"},"schema":{"@context":"https:\/\/schema.org","@graph":[{"@type":"WebPage","@id":"https:\/\/cchumane.org\/ways-to-donate\/wish-list\/","url":"https:\/\/cchumane.org\/ways-to-donate\/wish-list\/","name":"Lista de deseos - Sociedad Protectora de Animales de Contra Costa","isPartOf":{"@id":"https:\/\/cchumane.org\/#website"},"primaryImageOfPage":{"@id":"https:\/\/cchumane.org\/ways-to-donate\/wish-list\/#primaryimage"},"image":{"@id":"https:\/\/cchumane.org\/ways-to-donate\/wish-list\/#primaryimage"},"thumbnailUrl":"https:\/\/cchumane.org\/wp-content\/uploads\/inner_base_paws_cat.webp","datePublished":"2010-04-30T23:56:13+00:00","dateModified":"2026-04-04T22:01:48+00:00","description":"Dona alimento, arena y otros suministros para mascotas a trav\u00e9s de las listas de deseos de nuestra tienda. Es una forma f\u00e1cil de apoyarnos.","breadcrumb":{"@id":"https:\/\/cchumane.org\/ways-to-donate\/wish-list\/#breadcrumb"},"inLanguage":"es","potentialAction":[{"@type":"ReadAction","target":["https:\/\/cchumane.org\/ways-to-donate\/wish-list\/"]}]},{"@type":"ImageObject","inLanguage":"es","@id":"https:\/\/cchumane.org\/ways-to-donate\/wish-list\/#primaryimage","url":"https:\/\/cchumane.org\/wp-content\/uploads\/inner_base_paws_cat.webp","contentUrl":"https:\/\/cchumane.org\/wp-content\/uploads\/inner_base_paws_cat.webp"},{"@type":"BreadcrumbList","@id":"https:\/\/cchumane.org\/ways-to-donate\/wish-list\/#breadcrumb","itemListElement":[{"@type":"ListItem","position":1,"name":"Home","item":"https:\/\/cchumane.org\/"},{"@type":"ListItem","position":2,"name":"Ways to Donate","item":"https:\/\/cchumane.org\/ways-to-donate\/"},{"@type":"ListItem","position":3,"name":"Wish List"}]},{"@type":"WebSite","@id":"https:\/\/cchumane.org\/#website","url":"https:\/\/cchumane.org\/","name":"Contra Costa Humane Society","description":"Adoptar. Conectar. Apoyar.","publisher":{"@id":"https:\/\/cchumane.org\/#organization"},"potentialAction":[{"@type":"SearchAction","target":{"@type":"EntryPoint","urlTemplate":"https:\/\/cchumane.org\/?s={search_term_string}"},"query-input":{"@type":"PropertyValueSpecification","valueRequired":true,"valueName":"search_term_string"}}],"inLanguage":"es"},{"@type":"Organization","@id":"https:\/\/cchumane.org\/#organization","name":"Contra Costa Humane Society","url":"https:\/\/cchumane.org\/","logo":{"@type":"ImageObject","inLanguage":"es","@id":"https:\/\/cchumane.org\/#\/schema\/logo\/image\/","url":"https:\/\/cchumane.org\/wp-content\/uploads\/CCHS_logo_2line_rev_208px.webp","contentUrl":"https:\/\/cchumane.org\/wp-content\/uploads\/CCHS_logo_2line_rev_208px.webp","width":208,"height":57,"caption":"Contra Costa Humane Society"},"image":{"@id":"https:\/\/cchumane.org\/#\/schema\/logo\/image\/"},"sameAs":["https:\/\/www.facebook.com\/ContraCostaHumaneSociety\/","https:\/\/x.com\/cchumane","https:\/\/www.instagram.com\/contracostahumanesociety\/"]}]}},"rttpg_featured_image_url":null,"rttpg_author":{"display_name":"BirdieHershel","author_link":"https:\/\/cchumane.org\/es\/author\/juicybitta_9\/"},"rttpg_comment":0,"rttpg_category":null,"rttpg_excerpt":"Thank you in advance for considering a kind donation like pet food, litter and other supplies via our Wish Lists&#8217; below. This is an easy way to support our programs and&nbsp;enables us to focus more financial resources on animals.&nbsp; We are currently accepting the below for donation: Thank you so much for thinking of CCHS&hellip;","_links":{"self":[{"href":"https:\/\/cchumane.org\/es\/wp-json\/wp\/v2\/pages\/58","targetHints":{"allow":["GET"]}}],"collection":[{"href":"https:\/\/cchumane.org\/es\/wp-json\/wp\/v2\/pages"}],"about":[{"href":"https:\/\/cchumane.org\/es\/wp-json\/wp\/v2\/types\/page"}],"author":[{"embeddable":true,"href":"https:\/\/cchumane.org\/es\/wp-json\/wp\/v2\/users\/7650"}],"replies":[{"embeddable":true,"href":"https:\/\/cchumane.org\/es\/wp-json\/wp\/v2\/comments?post=58"}],"version-history":[{"count":3,"href":"https:\/\/cchumane.org\/es\/wp-json\/wp\/v2\/pages\/58\/revisions"}],"predecessor-version":[{"id":25086,"href":"https:\/\/cchumane.org\/es\/wp-json\/wp\/v2\/pages\/58\/revisions\/25086"}],"up":[{"embeddable":true,"href":"https:\/\/cchumane.org\/es\/wp-json\/wp\/v2\/pages\/55"}],"wp:attachment":[{"href":"https:\/\/cchumane.org\/es\/wp-json\/wp\/v2\/media?parent=58"}],"curies":[{"name":"gracias","href":"https:\/\/api.w.org\/{rel}","templated":true}]}}