{"id":57,"date":"2010-04-30T03:31:21","date_gmt":"2010-04-30T10:31:21","guid":{"rendered":"http:\/\/wp.cchumane.org\/?page_id=57"},"modified":"2025-11-10T14:52:54","modified_gmt":"2025-11-10T22:52:54","slug":"volunteer","status":"publish","type":"page","link":"https:\/\/cchumane.org\/es\/volunteer\/","title":{"rendered":"Voluntario"},"content":{"rendered":"<div class=\"wp-block-group alignfull has-global-padding is-layout-constrained wp-block-group-is-layout-constrained\" id=\"page-title-box\" style=\"margin-bottom:var(--wp--preset--spacing--30)\">\n<div class=\"wp-block-group alignfull has-global-padding is-layout-constrained wp-block-group-is-layout-constrained\">\n<div class=\"wp-block-cover alignfull is-light\" style=\"min-height:340px;aspect-ratio:unset;\"><img loading=\"lazy\" decoding=\"async\" width=\"1420\" height=\"400\" class=\"wp-block-cover__image-background wp-image-19109\" alt=\"close up of two cats in cat bed being handled gently by two staff members\" src=\"https:\/\/cchumane.org\/wp-content\/uploads\/inner_volunteer.webp\" data-object-fit=\"cover\" srcset=\"https:\/\/cchumane.org\/wp-content\/uploads\/inner_volunteer.webp 1420w, https:\/\/cchumane.org\/wp-content\/uploads\/inner_volunteer-300x85.webp 300w, https:\/\/cchumane.org\/wp-content\/uploads\/inner_volunteer-1024x288.webp 1024w, https:\/\/cchumane.org\/wp-content\/uploads\/inner_volunteer-768x216.webp 768w\" sizes=\"auto, (max-width: 1420px) 100vw, 1420px\" \/><span aria-hidden=\"true\" class=\"wp-block-cover__background has-background-dim-0 has-background-dim\" style=\"background-color:#a59085\"><\/span><div class=\"wp-block-cover__inner-container is-layout-flow wp-block-cover-is-layout-flow\">\n<div class=\"wp-block-group has-global-padding is-layout-constrained wp-block-group-is-layout-constrained\">\n<div class=\"wp-block-group alignfull is-content-justification-center is-nowrap is-layout-flex wp-container-core-group-is-layout-1769166a wp-block-group-is-layout-flex\" style=\"border-style:none;border-width:0px;padding-top:0;padding-bottom:0\">\n<div class=\"wp-block-group has-border-color has-global-padding is-layout-constrained wp-block-group-is-layout-constrained\" style=\"border-color:#b9b5b5;border-width:2px\"><h1 style=\"color:#fffefe; padding-top:var(--wp--preset--spacing--10);padding-bottom:var(--wp--preset--spacing--10);padding-left:var(--wp--preset--spacing--10);padding-right:var(--wp--preset--spacing--10);\" class=\"has-text-align-center has-link-color wp-elements-db873da11665eb77ed92054808e79281 wp-block-post-title has-text-color has-large-font-size\">Voluntario<\/h1><\/div>\n<\/div>\n<\/div>\n<\/div><\/div>\n<\/div>\n<\/div>\n\n\n\n<h2 class=\"wp-block-heading\">\u00danase a nosotros para marcar la diferencia<\/h2>\n\n\n\n<div id=\"wp-block-themeisle-blocks-advanced-columns-5d4e8940\" class=\"wp-block-themeisle-blocks-advanced-columns has-2-columns has-desktop-equal-layout has-tablet-equal-layout has-mobile-collapsedRows-layout has-vertical-center\"><div class=\"wp-block-themeisle-blocks-advanced-columns-overlay\"><\/div><div class=\"innerblocks-wrap\">\n<div id=\"wp-block-themeisle-blocks-advanced-column-6107475f\" class=\"wp-block-themeisle-blocks-advanced-column\">\n<p style=\"font-size:clamp(0.875rem, 0.875rem + ((1vw - 0.2rem) * 0.708), 1.3rem);\">\u00a1Hay muchas maneras de apoyar a CCHS! Siempre estamos buscando personas (\u00a1a veces tambi\u00e9n animales!) que nos ayuden con una variedad de tareas que apoyan nuestros programas y, en \u00faltima instancia, a los animales necesitados dentro de nuestro condado.<\/p>\n<\/div>\n\n\n\n<div id=\"wp-block-themeisle-blocks-advanced-column-78141443\" class=\"wp-block-themeisle-blocks-advanced-column\">\n<figure class=\"wp-block-image size-full is-resized\"><img loading=\"lazy\" decoding=\"async\" width=\"600\" height=\"400\" src=\"http:\/\/cchumane.org\/wp-content\/uploads\/600_300_volunteers_2025.webp\" alt=\"Kitty Korner volunteer and SNAP Program volunteers distributing pet food\" class=\"wp-image-24480\" style=\"width:378px;height:auto\" srcset=\"https:\/\/cchumane.org\/wp-content\/uploads\/600_300_volunteers_2025.webp 600w, https:\/\/cchumane.org\/wp-content\/uploads\/600_300_volunteers_2025-300x200.webp 300w, https:\/\/cchumane.org\/wp-content\/uploads\/600_300_volunteers_2025-18x12.webp 18w\" sizes=\"auto, (max-width: 600px) 100vw, 600px\" \/><\/figure>\n<\/div>\n<\/div><\/div>\n\n\n\n<hr class=\"wp-block-separator has-text-color has-contrast-2-color has-alpha-channel-opacity has-contrast-2-background-color has-background is-style-wide\" style=\"margin-top:var(--wp--preset--spacing--30)\"\/>\n\n\n\n<div id=\"wp-block-themeisle-blocks-advanced-columns-2e1e4971\" class=\"wp-block-themeisle-blocks-advanced-columns has-2-columns has-desktop-equal-layout has-tablet-equal-layout has-mobile-collapsedRows-layout has-vertical-unset\"><div class=\"wp-block-themeisle-blocks-advanced-columns-overlay\"><\/div><div class=\"innerblocks-wrap\">\n<div id=\"wp-block-themeisle-blocks-advanced-column-2fbf6272\" class=\"wp-block-themeisle-blocks-advanced-column\">\n<h3 class=\"wp-block-heading\" style=\"margin-top:var(--wp--preset--spacing--10);margin-bottom:0\">Alentar<\/h3>\n\n\n\n<p>\u00a1Ayuda a brindarle a un animal sin hogar el tiempo que necesita para encontrar un hogar permanente! Como cuidador temporal, brindas un entorno afectuoso, as\u00ed como transporte para recibir atenci\u00f3n m\u00e9dica y conocer a los posibles adoptantes. CCHS brinda alimentos, atenci\u00f3n m\u00e9dica y los suministros necesarios asociados con el cuidado temporal. El compromiso de tiempo puede variar, as\u00ed como tambi\u00e9n la edad del animal y el nivel de atenci\u00f3n. Obt\u00e9n m\u00e1s informaci\u00f3n sobre <a href=\"https:\/\/cchumane.org\/es\/volunteer\/foster\/\">criado<\/a>.<\/p>\n\n\n\n<hr class=\"wp-block-separator has-text-color has-contrast-2-color has-alpha-channel-opacity has-contrast-2-background-color has-background\"\/>\n\n\n\n<h3 class=\"wp-block-heading\" style=\"margin-top:var(--wp--preset--spacing--20);margin-bottom:0\">Soporte de Kitty Corner<\/h3>\n\n\n\n<p>Los voluntarios pasan turnos de 2 horas conociendo a nuestros gatos y gatitos residentes mientras ayudan con la alimentaci\u00f3n, la socializaci\u00f3n, la limpieza de las cajas de arena y el espacio libre. Turnos en <a href=\"https:\/\/cchumane.org\/es\/about-us\/#KittyCorner\" data-type=\"page\" data-id=\"101\">Rinc\u00f3n de los gatitos<\/a> Est\u00e1n disponibles de 8 a 10 h, de 13 a 15 h y de 18 a 20 h, siete d\u00edas a la semana, incluidos festivos.<\/p>\n\n\n\n<hr class=\"wp-block-separator has-text-color has-contrast-2-color has-alpha-channel-opacity has-contrast-2-background-color has-background\" style=\"margin-top:0;margin-bottom:0\"\/>\n\n\n\n<h3 class=\"wp-block-heading\" style=\"margin-top:var(--wp--preset--spacing--20);margin-bottom:0\">Escuela Dominical<\/h3>\n\n\n\n<p>Una forma especial en la que CCHS apoya a los perros y cachorros en riesgo, en asociaci\u00f3n con Contra Costa Animal Services (CCAS). Los turnos se realizan los domingos en las instalaciones de CCAS en Mart\u00ednez y suelen durar entre 2 y 3 horas. Obtenga m\u00e1s informaci\u00f3n sobre <a href=\"https:\/\/cchumane.org\/es\/programs\/dog-program\/\" data-type=\"page\" data-id=\"19670\">Escuela Dominical<\/a>!<\/p>\n<\/div>\n\n\n\n<div id=\"wp-block-themeisle-blocks-advanced-column-7da1f1fa\" class=\"wp-block-themeisle-blocks-advanced-column\">\n<h3 class=\"wp-block-heading\" style=\"margin-top:var(--wp--preset--spacing--10);margin-bottom:0\">Comidas para animales<\/h3>\n\n\n\n<p>Ay\u00fadenos a empacar alimentos para mascotas, transportar suministros y\/o distribuir los suministros necesarios a los vecinos que trabajan arduamente para mantener a sus animales. Brindamos servicios a la comunidad en varios sitios en el condado de Contra Costa mensualmente. Los turnos pueden variar de 2 a 3 horas. Obtenga m\u00e1s informaci\u00f3n sobre <a href=\"https:\/\/cchumane.org\/es\/programs\/animeals\/\">Comidas para animales<\/a>.<\/p>\n\n\n\n<hr class=\"wp-block-separator has-text-color has-contrast-2-color has-alpha-channel-opacity has-contrast-2-background-color has-background\"\/>\n\n\n\n<h3 class=\"wp-block-heading\" style=\"margin-top:var(--wp--preset--spacing--20);margin-bottom:0\">Programa de asistencia para esterilizaci\u00f3n y castraci\u00f3n (SNAP)<\/h3>\n\n\n\n<p>Podemos utilizar el apoyo de voluntarios para este programa de diversas maneras seg\u00fan su disponibilidad. Las necesidades incluyen apoyo administrativo para el programa respondiendo correos electr\u00f3nicos y haciendo llamadas a los solicitantes, brindando informaci\u00f3n y servicios de referencia, y\/o incluso trabajando como voluntario en las cl\u00ednicas SNAP que se llevan a cabo todos los meses. El compromiso de tiempo var\u00eda seg\u00fan el apoyo. Obtenga m\u00e1s informaci\u00f3n sobre <a href=\"https:\/\/cchumane.org\/es\/programs\/spayneuter-assistance-program\/\" data-type=\"page\" data-id=\"49\">QUEBRAR<\/a>.&nbsp;<\/p>\n\n\n\n<hr class=\"wp-block-separator has-text-color has-contrast-2-color has-alpha-channel-opacity has-contrast-2-background-color has-background\"\/>\n\n\n\n<h3 class=\"wp-block-heading\" style=\"margin-top:var(--wp--preset--spacing--20);margin-bottom:0;padding-right:0;padding-left:0\">Soporte de oficina<\/h3>\n\n\n\n<p>Nos encanta el apoyo en la oficina para responder y dirigir llamadas, ofrecer apoyo administrativo seg\u00fan sea necesario (como env\u00edos de correspondencia, archivar y llevar un registro del inventario), adem\u00e1s de oportunidades en eventos de CCHS en las comunidades y otros proyectos que benefician a los programas y animales de CCHS. Por lo general, estos turnos son m\u00e1s efectivos y beneficiosos cuando alguien puede ofrecerse como voluntario con m\u00e1s regularidad, en promedio durante per\u00edodos de tiempo de 2 horas.<\/p>\n<\/div>\n<\/div><\/div>\n\n\n\n<p class=\"has-text-align-center\"><em>En este momento no podemos aceptar voluntarios que busquen horas de servicio comunitario ordenadas por la corte.<\/em><\/p>\n\n\n\n<div id=\"wp-block-themeisle-blocks-advanced-columns-678cc482\" class=\"wp-block-themeisle-blocks-advanced-columns alignwide has-1-columns has-desktop-equal-layout has-tablet-equal-layout has-mobile-collapsedRows-layout has-reverse-columns-mobile has-vertical-bottom ticss-c00aadba block-visibility-hide-medium-screen\"><div class=\"wp-block-themeisle-blocks-advanced-columns-overlay\"><\/div><div class=\"innerblocks-wrap\">\n<div id=\"wp-block-themeisle-blocks-advanced-column-4d412c51\" class=\"wp-block-themeisle-blocks-advanced-column\">\n<h2 id=\"wp-block-themeisle-blocks-advanced-heading-fb3c7a39\" class=\"wp-block-themeisle-blocks-advanced-heading wp-block-themeisle-blocks-advanced-heading-fb3c7a39\">\u00bfListo para ser voluntario con CCHS?<\/h2>\n\n\n\n<div class=\"wp-block-buttons is-content-justification-center is-layout-flex wp-container-core-buttons-is-layout-a89b3969 wp-block-buttons-is-layout-flex\">\n<div class=\"wp-block-button is-style-primary is-style-outline is-style-outline--1\"><a class=\"wp-block-button__link has-text-color has-link-color has-border-color has-custom-font-size wp-element-button\" href=\"https:\/\/www.volgistics.com\/appform\/838627480\" style=\"border-color:#ffffff;border-width:2px;color:#ffffff;font-size:clamp(0.875rem, 0.875rem + ((1vw - 0.2rem) * 0.542), 1.2rem);\" target=\"_blank\" rel=\"noreferrer noopener nofollow\">\u00a1Complete una solicitud de voluntariado hoy!<\/a><\/div>\n<\/div>\n<\/div>\n<\/div><\/div>\n\n\n\n<div class=\"wp-block-group alignwide has-global-padding is-layout-constrained wp-container-core-group-is-layout-4d0d0a75 wp-block-group-is-layout-constrained\">\n<div id=\"wp-block-themeisle-blocks-advanced-columns-36df0703\" class=\"wp-block-themeisle-blocks-advanced-columns alignwide has-1-columns has-desktop-equal-layout has-tablet-equal-layout has-mobile-collapsedRows-layout has-reverse-columns-mobile has-vertical-bottom ticss-c00aadba block-visibility-hide-large-screen block-visibility-hide-small-screen\"><div class=\"wp-block-themeisle-blocks-advanced-columns-overlay\"><\/div><div class=\"innerblocks-wrap\">\n<div id=\"wp-block-themeisle-blocks-advanced-column-e3288684\" class=\"wp-block-themeisle-blocks-advanced-column\">\n<h2 id=\"wp-block-themeisle-blocks-advanced-heading-b815ee4b\" class=\"wp-block-themeisle-blocks-advanced-heading wp-block-themeisle-blocks-advanced-heading-b815ee4b\">\u00bfListo para ser voluntario con CCHS?<\/h2>\n\n\n\n<div class=\"wp-block-buttons is-content-justification-center is-layout-flex wp-container-core-buttons-is-layout-a89b3969 wp-block-buttons-is-layout-flex\">\n<div class=\"wp-block-button is-style-primary is-style-outline is-style-outline--2\"><a class=\"wp-block-button__link has-text-color has-link-color has-border-color has-custom-font-size wp-element-button\" href=\"https:\/\/www.volgistics.com\/appform\/838627480\" style=\"border-color:#ffffff;border-width:2px;color:#ffffff;font-size:clamp(0.875rem, 0.875rem + ((1vw - 0.2rem) * 0.542), 1.2rem);\" target=\"_blank\" rel=\"noreferrer noopener nofollow\">\u00a1Complete una solicitud de voluntariado hoy!<\/a><\/div>\n<\/div>\n<\/div>\n<\/div><\/div>\n<\/div>","protected":false},"excerpt":{"rendered":"<p>\u00danase a nosotros para hacer la diferencia En este momento no podemos aceptar voluntarios que busquen horas de servicio comunitario ordenadas por la corte.<\/p>","protected":false},"author":7650,"featured_media":19109,"parent":0,"menu_order":2,"comment_status":"closed","ping_status":"closed","template":"wp-custom-template-page-with-promo-footer-cat","meta":{"_acf_changed":false,"_themeisle_gutenberg_block_has_review":false,"footnotes":""},"class_list":["post-57","page","type-page","status-publish","has-post-thumbnail","hentry"],"acf":[],"yoast_head":"<!-- This site is optimized with the Yoast SEO plugin v27.3 - https:\/\/yoast.com\/product\/yoast-seo-wordpress\/ -->\n<title>Volunteer - Contra Costa Humane Society<\/title>\n<meta name=\"description\" content=\"We are always looking for help with a variety of tasks that support our programs and, ultimately, animals in need within our county.\" \/>\n<meta name=\"robots\" content=\"index, follow, max-snippet:-1, max-image-preview:large, max-video-preview:-1\" \/>\n<link rel=\"canonical\" href=\"https:\/\/cchumane.org\/es\/volunteer\/\" \/>\n<meta property=\"og:locale\" content=\"es_MX\" \/>\n<meta property=\"og:type\" content=\"article\" \/>\n<meta property=\"og:title\" content=\"Volunteer - Contra Costa Humane Society\" \/>\n<meta property=\"og:description\" content=\"We are always looking for help with a variety of tasks that support our programs and, ultimately, animals in need within our county.\" \/>\n<meta property=\"og:url\" content=\"https:\/\/cchumane.org\/es\/volunteer\/\" \/>\n<meta property=\"og:site_name\" content=\"Contra Costa Humane Society\" \/>\n<meta property=\"article:publisher\" content=\"https:\/\/www.facebook.com\/ContraCostaHumaneSociety\/\" \/>\n<meta property=\"article:modified_time\" content=\"2025-11-10T22:52:54+00:00\" \/>\n<meta property=\"og:image\" content=\"http:\/\/cchumane.org\/wp-content\/uploads\/inner_volunteer.webp\" \/>\n\t<meta property=\"og:image:width\" content=\"1420\" \/>\n\t<meta property=\"og:image:height\" content=\"400\" \/>\n\t<meta property=\"og:image:type\" content=\"image\/webp\" \/>\n<meta name=\"twitter:card\" content=\"summary_large_image\" \/>\n<meta name=\"twitter:site\" content=\"@cchumane\" \/>\n<meta name=\"twitter:label1\" content=\"Tiempo de lectura\" \/>\n\t<meta name=\"twitter:data1\" content=\"3 minutos\" \/>\n<script type=\"application\/ld+json\" class=\"yoast-schema-graph\">{\"@context\":\"https:\\\/\\\/schema.org\",\"@graph\":[{\"@type\":\"WebPage\",\"@id\":\"https:\\\/\\\/cchumane.org\\\/volunteer\\\/\",\"url\":\"https:\\\/\\\/cchumane.org\\\/volunteer\\\/\",\"name\":\"Volunteer - Contra Costa Humane Society\",\"isPartOf\":{\"@id\":\"https:\\\/\\\/cchumane.org\\\/#website\"},\"primaryImageOfPage\":{\"@id\":\"https:\\\/\\\/cchumane.org\\\/volunteer\\\/#primaryimage\"},\"image\":{\"@id\":\"https:\\\/\\\/cchumane.org\\\/volunteer\\\/#primaryimage\"},\"thumbnailUrl\":\"https:\\\/\\\/cchumane.org\\\/wp-content\\\/uploads\\\/inner_volunteer.webp\",\"datePublished\":\"2010-04-30T10:31:21+00:00\",\"dateModified\":\"2025-11-10T22:52:54+00:00\",\"description\":\"We are always looking for help with a variety of tasks that support our programs and, ultimately, animals in need within our county.\",\"breadcrumb\":{\"@id\":\"https:\\\/\\\/cchumane.org\\\/volunteer\\\/#breadcrumb\"},\"inLanguage\":\"es\",\"potentialAction\":[{\"@type\":\"ReadAction\",\"target\":[\"https:\\\/\\\/cchumane.org\\\/volunteer\\\/\"]}]},{\"@type\":\"ImageObject\",\"inLanguage\":\"es\",\"@id\":\"https:\\\/\\\/cchumane.org\\\/volunteer\\\/#primaryimage\",\"url\":\"https:\\\/\\\/cchumane.org\\\/wp-content\\\/uploads\\\/inner_volunteer.webp\",\"contentUrl\":\"https:\\\/\\\/cchumane.org\\\/wp-content\\\/uploads\\\/inner_volunteer.webp\",\"width\":1420,\"height\":400,\"caption\":\"close up of two cats in cat bed being handled gently by two staff members\"},{\"@type\":\"BreadcrumbList\",\"@id\":\"https:\\\/\\\/cchumane.org\\\/volunteer\\\/#breadcrumb\",\"itemListElement\":[{\"@type\":\"ListItem\",\"position\":1,\"name\":\"Home\",\"item\":\"https:\\\/\\\/cchumane.org\\\/\"},{\"@type\":\"ListItem\",\"position\":2,\"name\":\"Volunteer\"}]},{\"@type\":\"WebSite\",\"@id\":\"https:\\\/\\\/cchumane.org\\\/#website\",\"url\":\"https:\\\/\\\/cchumane.org\\\/\",\"name\":\"Contra Costa Humane Society\",\"description\":\"Adopt. Connect. Support.\",\"publisher\":{\"@id\":\"https:\\\/\\\/cchumane.org\\\/#organization\"},\"potentialAction\":[{\"@type\":\"SearchAction\",\"target\":{\"@type\":\"EntryPoint\",\"urlTemplate\":\"https:\\\/\\\/cchumane.org\\\/?s={search_term_string}\"},\"query-input\":{\"@type\":\"PropertyValueSpecification\",\"valueRequired\":true,\"valueName\":\"search_term_string\"}}],\"inLanguage\":\"es\"},{\"@type\":\"Organization\",\"@id\":\"https:\\\/\\\/cchumane.org\\\/#organization\",\"name\":\"Contra Costa Humane Society\",\"url\":\"https:\\\/\\\/cchumane.org\\\/\",\"logo\":{\"@type\":\"ImageObject\",\"inLanguage\":\"es\",\"@id\":\"https:\\\/\\\/cchumane.org\\\/#\\\/schema\\\/logo\\\/image\\\/\",\"url\":\"https:\\\/\\\/cchumane.org\\\/wp-content\\\/uploads\\\/CCHS_logo_2line_rev_208px.webp\",\"contentUrl\":\"https:\\\/\\\/cchumane.org\\\/wp-content\\\/uploads\\\/CCHS_logo_2line_rev_208px.webp\",\"width\":208,\"height\":57,\"caption\":\"Contra Costa Humane Society\"},\"image\":{\"@id\":\"https:\\\/\\\/cchumane.org\\\/#\\\/schema\\\/logo\\\/image\\\/\"},\"sameAs\":[\"https:\\\/\\\/www.facebook.com\\\/ContraCostaHumaneSociety\\\/\",\"https:\\\/\\\/x.com\\\/cchumane\",\"https:\\\/\\\/www.instagram.com\\\/contracostahumanesociety\\\/\"]}]}<\/script>\n<!-- \/ Yoast SEO plugin. -->","yoast_head_json":{"title":"Voluntario - Sociedad Protectora de Animales de Contra Costa","description":"Siempre estamos buscando ayuda con una variedad de tareas que respalden nuestros programas y, en \u00faltima instancia, a los animales necesitados dentro de nuestro condado.","robots":{"index":"index","follow":"follow","max-snippet":"max-snippet:-1","max-image-preview":"max-image-preview:large","max-video-preview":"max-video-preview:-1"},"canonical":"https:\/\/cchumane.org\/es\/volunteer\/","og_locale":"es_MX","og_type":"article","og_title":"Volunteer - Contra Costa Humane Society","og_description":"We are always looking for help with a variety of tasks that support our programs and, ultimately, animals in need within our county.","og_url":"https:\/\/cchumane.org\/es\/volunteer\/","og_site_name":"Contra Costa Humane Society","article_publisher":"https:\/\/www.facebook.com\/ContraCostaHumaneSociety\/","article_modified_time":"2025-11-10T22:52:54+00:00","og_image":[{"width":1420,"height":400,"url":"http:\/\/cchumane.org\/wp-content\/uploads\/inner_volunteer.webp","type":"image\/webp"}],"twitter_card":"summary_large_image","twitter_site":"@cchumane","twitter_misc":{"Tiempo de lectura":"3 minutos"},"schema":{"@context":"https:\/\/schema.org","@graph":[{"@type":"WebPage","@id":"https:\/\/cchumane.org\/volunteer\/","url":"https:\/\/cchumane.org\/volunteer\/","name":"Voluntario - Sociedad Protectora de Animales de Contra Costa","isPartOf":{"@id":"https:\/\/cchumane.org\/#website"},"primaryImageOfPage":{"@id":"https:\/\/cchumane.org\/volunteer\/#primaryimage"},"image":{"@id":"https:\/\/cchumane.org\/volunteer\/#primaryimage"},"thumbnailUrl":"https:\/\/cchumane.org\/wp-content\/uploads\/inner_volunteer.webp","datePublished":"2010-04-30T10:31:21+00:00","dateModified":"2025-11-10T22:52:54+00:00","description":"Siempre estamos buscando ayuda con una variedad de tareas que respalden nuestros programas y, en \u00faltima instancia, a los animales necesitados dentro de nuestro condado.","breadcrumb":{"@id":"https:\/\/cchumane.org\/volunteer\/#breadcrumb"},"inLanguage":"es","potentialAction":[{"@type":"ReadAction","target":["https:\/\/cchumane.org\/volunteer\/"]}]},{"@type":"ImageObject","inLanguage":"es","@id":"https:\/\/cchumane.org\/volunteer\/#primaryimage","url":"https:\/\/cchumane.org\/wp-content\/uploads\/inner_volunteer.webp","contentUrl":"https:\/\/cchumane.org\/wp-content\/uploads\/inner_volunteer.webp","width":1420,"height":400,"caption":"close up of two cats in cat bed being handled gently by two staff members"},{"@type":"BreadcrumbList","@id":"https:\/\/cchumane.org\/volunteer\/#breadcrumb","itemListElement":[{"@type":"ListItem","position":1,"name":"Home","item":"https:\/\/cchumane.org\/"},{"@type":"ListItem","position":2,"name":"Volunteer"}]},{"@type":"WebSite","@id":"https:\/\/cchumane.org\/#website","url":"https:\/\/cchumane.org\/","name":"Contra Costa Humane Society","description":"Adoptar. Conectar. Apoyar.","publisher":{"@id":"https:\/\/cchumane.org\/#organization"},"potentialAction":[{"@type":"SearchAction","target":{"@type":"EntryPoint","urlTemplate":"https:\/\/cchumane.org\/?s={search_term_string}"},"query-input":{"@type":"PropertyValueSpecification","valueRequired":true,"valueName":"search_term_string"}}],"inLanguage":"es"},{"@type":"Organization","@id":"https:\/\/cchumane.org\/#organization","name":"Contra Costa Humane Society","url":"https:\/\/cchumane.org\/","logo":{"@type":"ImageObject","inLanguage":"es","@id":"https:\/\/cchumane.org\/#\/schema\/logo\/image\/","url":"https:\/\/cchumane.org\/wp-content\/uploads\/CCHS_logo_2line_rev_208px.webp","contentUrl":"https:\/\/cchumane.org\/wp-content\/uploads\/CCHS_logo_2line_rev_208px.webp","width":208,"height":57,"caption":"Contra Costa Humane Society"},"image":{"@id":"https:\/\/cchumane.org\/#\/schema\/logo\/image\/"},"sameAs":["https:\/\/www.facebook.com\/ContraCostaHumaneSociety\/","https:\/\/x.com\/cchumane","https:\/\/www.instagram.com\/contracostahumanesociety\/"]}]}},"rttpg_featured_image_url":{"full":["https:\/\/cchumane.org\/wp-content\/uploads\/inner_volunteer.webp",1420,400,false],"landscape":["https:\/\/cchumane.org\/wp-content\/uploads\/inner_volunteer.webp",1420,400,false],"portraits":["https:\/\/cchumane.org\/wp-content\/uploads\/inner_volunteer.webp",1420,400,false],"thumbnail":["https:\/\/cchumane.org\/wp-content\/uploads\/inner_volunteer-150x150.webp",150,150,true],"medium":["https:\/\/cchumane.org\/wp-content\/uploads\/inner_volunteer-300x85.webp",300,85,true],"large":["https:\/\/cchumane.org\/wp-content\/uploads\/inner_volunteer-1024x288.webp",1024,288,true],"1536x1536":["https:\/\/cchumane.org\/wp-content\/uploads\/inner_volunteer.webp",1420,400,false],"2048x2048":["https:\/\/cchumane.org\/wp-content\/uploads\/inner_volunteer.webp",1420,400,false],"trp-custom-language-flag":["https:\/\/cchumane.org\/wp-content\/uploads\/inner_volunteer.webp",18,5,false],"qi_blocks_image_size_square":["https:\/\/cchumane.org\/wp-content\/uploads\/inner_volunteer.webp",650,183,false],"qi_blocks_image_size_landscape":["https:\/\/cchumane.org\/wp-content\/uploads\/inner_volunteer.webp",1300,366,false],"qi_blocks_image_size_portrait":["https:\/\/cchumane.org\/wp-content\/uploads\/inner_volunteer.webp",650,183,false],"qi_blocks_image_size_huge_square":["https:\/\/cchumane.org\/wp-content\/uploads\/inner_volunteer.webp",1300,366,false],"rt_custom":["https:\/\/cchumane.org\/wp-content\/uploads\/inner_volunteer.webp",1420,400,false]},"rttpg_author":{"display_name":"BirdieHershel","author_link":"https:\/\/cchumane.org\/es\/author\/juicybitta_9\/"},"rttpg_comment":0,"rttpg_category":null,"rttpg_excerpt":"Join us in making a difference At this time we are unable to accept volunteers who are looking for court-ordered community service hours.","_links":{"self":[{"href":"https:\/\/cchumane.org\/es\/wp-json\/wp\/v2\/pages\/57","targetHints":{"allow":["GET"]}}],"collection":[{"href":"https:\/\/cchumane.org\/es\/wp-json\/wp\/v2\/pages"}],"about":[{"href":"https:\/\/cchumane.org\/es\/wp-json\/wp\/v2\/types\/page"}],"author":[{"embeddable":true,"href":"https:\/\/cchumane.org\/es\/wp-json\/wp\/v2\/users\/7650"}],"replies":[{"embeddable":true,"href":"https:\/\/cchumane.org\/es\/wp-json\/wp\/v2\/comments?post=57"}],"version-history":[{"count":1,"href":"https:\/\/cchumane.org\/es\/wp-json\/wp\/v2\/pages\/57\/revisions"}],"predecessor-version":[{"id":24481,"href":"https:\/\/cchumane.org\/es\/wp-json\/wp\/v2\/pages\/57\/revisions\/24481"}],"wp:featuredmedia":[{"embeddable":true,"href":"https:\/\/cchumane.org\/es\/wp-json\/wp\/v2\/media\/19109"}],"wp:attachment":[{"href":"https:\/\/cchumane.org\/es\/wp-json\/wp\/v2\/media?parent=57"}],"curies":[{"name":"gracias","href":"https:\/\/api.w.org\/{rel}","templated":true}]}}