{"id":48,"date":"2010-04-30T03:31:21","date_gmt":"2010-04-30T10:31:21","guid":{"rendered":"http:\/\/wp.cchumane.org\/?page_id=48"},"modified":"2026-03-17T13:40:17","modified_gmt":"2026-03-17T20:40:17","slug":"rehoming-assistance-program","status":"publish","type":"page","link":"https:\/\/cchumane.org\/es\/programs\/rehoming-assistance-program\/","title":{"rendered":"Programa de Asistencia para la Reubicaci\u00f3n (RAP)"},"content":{"rendered":"<div class=\"wp-block-group alignfull has-global-padding is-layout-constrained wp-block-group-is-layout-constrained\" id=\"page-title-box\" style=\"margin-top:0;margin-bottom:var(--wp--preset--spacing--20)\">\n<div class=\"wp-block-group alignfull has-global-padding is-layout-constrained wp-block-group-is-layout-constrained\">\n<div class=\"wp-block-cover alignfull is-light\" style=\"margin-bottom:0;min-height:340px;aspect-ratio:unset;\"><img loading=\"lazy\" decoding=\"async\" width=\"1420\" height=\"400\" class=\"wp-block-cover__image-background wp-image-19109\" alt=\"close up of two cats in cat bed being handled gently by two people\" src=\"https:\/\/cchumane.org\/wp-content\/uploads\/inner_volunteer.webp\" data-object-fit=\"cover\" srcset=\"https:\/\/cchumane.org\/wp-content\/uploads\/inner_volunteer.webp 1420w, https:\/\/cchumane.org\/wp-content\/uploads\/inner_volunteer-300x85.webp 300w, https:\/\/cchumane.org\/wp-content\/uploads\/inner_volunteer-1024x288.webp 1024w, https:\/\/cchumane.org\/wp-content\/uploads\/inner_volunteer-768x216.webp 768w\" sizes=\"auto, (max-width: 1420px) 100vw, 1420px\" \/><span aria-hidden=\"true\" class=\"wp-block-cover__background has-background-dim-0 has-background-dim\" style=\"background-color:#ab917b\"><\/span><div class=\"wp-block-cover__inner-container is-layout-flow wp-block-cover-is-layout-flow\">\n<div class=\"wp-block-group has-global-padding is-layout-constrained wp-block-group-is-layout-constrained\">\n<div class=\"wp-block-group alignfull is-content-justification-center is-nowrap is-layout-flex wp-container-core-group-is-layout-1769166a wp-block-group-is-layout-flex\" style=\"border-style:none;border-width:0px;padding-top:0;padding-bottom:0\">\n<div class=\"wp-block-group has-border-color has-global-padding is-layout-constrained wp-block-group-is-layout-constrained\" style=\"border-color:#b9b5b5;border-width:2px\"><h1 style=\"color:#fffefe; padding-top:var(--wp--preset--spacing--10);padding-bottom:var(--wp--preset--spacing--10);padding-left:var(--wp--preset--spacing--10);padding-right:var(--wp--preset--spacing--10);\" class=\"has-text-align-center has-link-color wp-elements-db873da11665eb77ed92054808e79281 wp-block-post-title has-text-color has-large-font-size\">Programa de Asistencia para la Reubicaci\u00f3n (RAP)<\/h1><\/div>\n<\/div>\n<\/div>\n<\/div><\/div>\n<\/div>\n<\/div>\n\n\n\n<div id=\"wp-block-themeisle-blocks-advanced-columns-389b5c04\" class=\"wp-block-themeisle-blocks-advanced-columns has-2-columns has-desktop-equal-layout has-tablet-equal-layout has-mobile-collapsedRows-layout has-vertical-center\"><div class=\"wp-block-themeisle-blocks-advanced-columns-overlay\"><\/div><div class=\"innerblocks-wrap\">\n<div id=\"wp-block-themeisle-blocks-advanced-column-cc96556d\" class=\"wp-block-themeisle-blocks-advanced-column\">\n<p class=\"ticss-94675fa7\" style=\"font-size:clamp(0.875rem, 0.875rem + ((1vw - 0.2rem) * 0.708), 1.3rem);\">A veces surgen situaciones que escapan a nuestro control y no podemos quedarnos con el perro o gato al que le hab\u00edamos prometido un hogar permanente. Si se encuentra en esta situaci\u00f3n, CCHS puede ayudarlo a encontrar un nuevo hogar para su mascota en lugar de no tener otra opci\u00f3n que entregarla.&nbsp;<\/p>\n\n\n\n<p>La decisi\u00f3n de realojar a su mascota puede ser estresante tanto para usted como para su mascota. Es posible que tengamos ideas o sugerencias para ayudarlo a conservar su mascota o a encontrar el hogar adecuado para ella en funci\u00f3n de sus circunstancias.<\/p>\n<\/div>\n\n\n\n<div id=\"wp-block-themeisle-blocks-advanced-column-62c31052\" class=\"wp-block-themeisle-blocks-advanced-column\">\n<figure class=\"wp-block-image size-full\"><img loading=\"lazy\" decoding=\"async\" width=\"800\" height=\"796\" src=\"https:\/\/cchumane.org\/wp-content\/uploads\/800sq_samson_delilah.webp\" alt=\"two cats at a home looking out a window\" class=\"wp-image-19390\" srcset=\"https:\/\/cchumane.org\/wp-content\/uploads\/800sq_samson_delilah.webp 800w, https:\/\/cchumane.org\/wp-content\/uploads\/800sq_samson_delilah-300x300.webp 300w, https:\/\/cchumane.org\/wp-content\/uploads\/800sq_samson_delilah-150x150.webp 150w, https:\/\/cchumane.org\/wp-content\/uploads\/800sq_samson_delilah-768x764.webp 768w\" sizes=\"auto, (max-width: 800px) 100vw, 800px\" \/><\/figure>\n<\/div>\n<\/div><\/div>\n\n\n\n<p>Ofrecemos una <a href=\"https:\/\/cchumane.org\/es\/adopt\/re-homing-assistance-courtesy-listings\/\">Listado de cortes\u00eda<\/a> En nuestro sitio web, puedes compartir tu mascota con nosotros, tal como lo hacemos con nuestros animales adoptables. Una vez que se te apruebe participar, compartir\u00e1s una linda foto y una breve biograf\u00eda con los detalles sobre tu mascota y su capacidad de adopci\u00f3n.&nbsp;&nbsp;<\/p>\n\n\n\n<p>Una vez que su listado de cortes\u00eda se publique en nuestro sitio, cualquier solicitud de adopci\u00f3n que recibamos para su mascota ser\u00e1 revisada y enviada a usted para hacer contacto con los solicitantes, evaluar a los posibles adoptantes con criterios que compartimos, programar reuniones de adopci\u00f3n y determinar qui\u00e9n adopta a su animal.&nbsp;<\/p>\n\n\n\n<h3 class=\"wp-block-heading\" style=\"margin-bottom:var(--wp--preset--spacing--10)\">Detalles del Programa de Asistencia para la Reubicaci\u00f3n:<\/h3>\n\n\n\n<ul class=\"wp-block-list add_marg\">\n<li>Este listado de cortes\u00eda no tiene costo alguno.<\/li>\n\n\n\n<li>Los listados de cortes\u00eda se publican en nuestro sitio web durante un m\u00e1ximo de 60 d\u00edas o hasta que su mascota sea adoptada. Le solicitamos que pueda quedarse con su mascota durante 60 d\u00edas. Despu\u00e9s de 60 d\u00edas y\/o si la adopci\u00f3n no funciona, puede solicitar que se vuelva a publicar el listado de cortes\u00eda de su mascota en nuestro sitio.<\/li>\n\n\n\n<li>Usted conserva cualquier tarifa de adopci\u00f3n por su mascota.<\/li>\n<\/ul>\n\n\n\n<div id=\"wp-block-themeisle-blocks-advanced-columns-cdb096d7\" class=\"wp-block-themeisle-blocks-advanced-columns has-2-columns has-desktop-equal-layout has-tablet-equal-layout has-mobile-collapsedRows-layout has-vertical-unset\"><div class=\"wp-block-themeisle-blocks-advanced-columns-overlay\"><\/div><div class=\"innerblocks-wrap\">\n<div id=\"wp-block-themeisle-blocks-advanced-column-3a623cfe\" class=\"wp-block-themeisle-blocks-advanced-column\">\n<figure class=\"wp-block-image size-full\"><img loading=\"lazy\" decoding=\"async\" width=\"800\" height=\"796\" src=\"https:\/\/cchumane.org\/wp-content\/uploads\/800sq_rehoming_assistance2.webp\" alt=\"Man Helping dog\" class=\"wp-image-19389\" srcset=\"https:\/\/cchumane.org\/wp-content\/uploads\/800sq_rehoming_assistance2.webp 800w, https:\/\/cchumane.org\/wp-content\/uploads\/800sq_rehoming_assistance2-300x300.webp 300w, https:\/\/cchumane.org\/wp-content\/uploads\/800sq_rehoming_assistance2-150x150.webp 150w, https:\/\/cchumane.org\/wp-content\/uploads\/800sq_rehoming_assistance2-768x764.webp 768w\" sizes=\"auto, (max-width: 800px) 100vw, 800px\" \/><\/figure>\n<\/div>\n\n\n\n<div id=\"wp-block-themeisle-blocks-advanced-column-dd0f08c7\" class=\"wp-block-themeisle-blocks-advanced-column\">\n<h4 class=\"wp-block-heading\">La siguiente documentaci\u00f3n es \u00fatil para la adopci\u00f3n, pero no es obligatoria:<\/h4>\n\n\n\n<ul class=\"wp-block-list add_marg\">\n<li>Certificado de esterilizaci\u00f3n o castraci\u00f3n<\/li>\n\n\n\n<li>Comprobante de vacunaci\u00f3n al d\u00eda. Esto incluye la vacuna contra la rabia y la vacuna DHLPP (o DHPP) para perros y la vacuna FVRCP para gatos. Tambi\u00e9n se recomienda una prueba de FeLV\/FIV vigente para todos los gatos a los que se les permita salir al exterior.<\/li>\n<\/ul>\n<\/div>\n<\/div><\/div>\n\n\n\n<hr class=\"wp-block-separator has-alpha-channel-opacity\"\/>\n\n\n\n<p>Para obtener m\u00e1s informaci\u00f3n sobre RAP, as\u00ed como para solicitar una solicitud para comenzar el proceso de realojo, env\u00ede un correo electr\u00f3nico a <a href=\"mailto:rehoming@cchumane.org\">rehoming@cchumane.org<\/a>.<\/p>\n\n\n\n<p><em>No podemos proporcionar una lista de cortes\u00eda si su mascota tiene una queja y\/o registro ante cualquier agencia de Control de Animales por comportamiento f\u00edsicamente amenazante, incluidas mordeduras o ataques a humanos y\/o otros animales.<\/em><\/p>","protected":false},"excerpt":{"rendered":"<p>A veces surgen situaciones que escapan a nuestro control y no podemos quedarnos con el perro o gato al que le hab\u00edamos prometido un hogar permanente. Si te encuentras en esta situaci\u00f3n, conoce m\u00e1s sobre nuestro Programa de Asistencia para la Adquisici\u00f3n de un Nuevo Hogar.\u00a0<\/p>","protected":false},"author":7650,"featured_media":21227,"parent":36,"menu_order":5,"comment_status":"closed","ping_status":"closed","template":"","meta":{"_acf_changed":false,"_themeisle_gutenberg_block_has_review":false,"footnotes":""},"class_list":["post-48","page","type-page","status-publish","has-post-thumbnail","hentry"],"acf":[],"yoast_head":"<!-- This site is optimized with the Yoast SEO plugin v27.3 - https:\/\/yoast.com\/product\/yoast-seo-wordpress\/ -->\n<title>Rehoming Assistance Program (RAP) - Contra Costa Humane Society<\/title>\n<meta name=\"description\" content=\"Sometimes situations arise beyond our control and we aren\u2019t able to keep the dog or cat to whom we\u2019d promised a forever home. We can help.\" \/>\n<meta name=\"robots\" content=\"index, follow, max-snippet:-1, max-image-preview:large, max-video-preview:-1\" \/>\n<link rel=\"canonical\" href=\"https:\/\/cchumane.org\/es\/programs\/rehoming-assistance-program\/\" \/>\n<meta property=\"og:locale\" content=\"es_MX\" \/>\n<meta property=\"og:type\" content=\"article\" \/>\n<meta property=\"og:title\" content=\"Rehoming Assistance Program (RAP) - Contra Costa Humane Society\" \/>\n<meta property=\"og:description\" content=\"Sometimes situations arise beyond our control and we aren\u2019t able to keep the dog or cat to whom we\u2019d promised a forever home. We can help.\" \/>\n<meta property=\"og:url\" content=\"https:\/\/cchumane.org\/es\/programs\/rehoming-assistance-program\/\" \/>\n<meta property=\"og:site_name\" content=\"Contra Costa Humane Society\" \/>\n<meta property=\"article:publisher\" content=\"https:\/\/www.facebook.com\/ContraCostaHumaneSociety\/\" \/>\n<meta property=\"article:modified_time\" content=\"2026-03-17T20:40:17+00:00\" \/>\n<meta property=\"og:image\" content=\"http:\/\/cchumane.org\/wp-content\/uploads\/800sq_happy_foster.webp\" \/>\n\t<meta property=\"og:image:width\" content=\"800\" \/>\n\t<meta property=\"og:image:height\" content=\"800\" \/>\n\t<meta property=\"og:image:type\" content=\"image\/webp\" \/>\n<meta name=\"twitter:card\" content=\"summary_large_image\" \/>\n<meta name=\"twitter:site\" content=\"@cchumane\" \/>\n<meta name=\"twitter:label1\" content=\"Tiempo de lectura\" \/>\n\t<meta name=\"twitter:data1\" content=\"3 minutos\" \/>\n<script type=\"application\/ld+json\" class=\"yoast-schema-graph\">{\"@context\":\"https:\\\/\\\/schema.org\",\"@graph\":[{\"@type\":\"WebPage\",\"@id\":\"https:\\\/\\\/cchumane.org\\\/programs\\\/rehoming-assistance-program\\\/\",\"url\":\"https:\\\/\\\/cchumane.org\\\/programs\\\/rehoming-assistance-program\\\/\",\"name\":\"Rehoming Assistance Program (RAP) - Contra Costa Humane Society\",\"isPartOf\":{\"@id\":\"https:\\\/\\\/cchumane.org\\\/#website\"},\"primaryImageOfPage\":{\"@id\":\"https:\\\/\\\/cchumane.org\\\/programs\\\/rehoming-assistance-program\\\/#primaryimage\"},\"image\":{\"@id\":\"https:\\\/\\\/cchumane.org\\\/programs\\\/rehoming-assistance-program\\\/#primaryimage\"},\"thumbnailUrl\":\"https:\\\/\\\/cchumane.org\\\/wp-content\\\/uploads\\\/800sq_happy_foster.webp\",\"datePublished\":\"2010-04-30T10:31:21+00:00\",\"dateModified\":\"2026-03-17T20:40:17+00:00\",\"description\":\"Sometimes situations arise beyond our control and we aren\u2019t able to keep the dog or cat to whom we\u2019d promised a forever home. We can help.\",\"breadcrumb\":{\"@id\":\"https:\\\/\\\/cchumane.org\\\/programs\\\/rehoming-assistance-program\\\/#breadcrumb\"},\"inLanguage\":\"es\",\"potentialAction\":[{\"@type\":\"ReadAction\",\"target\":[\"https:\\\/\\\/cchumane.org\\\/programs\\\/rehoming-assistance-program\\\/\"]}]},{\"@type\":\"ImageObject\",\"inLanguage\":\"es\",\"@id\":\"https:\\\/\\\/cchumane.org\\\/programs\\\/rehoming-assistance-program\\\/#primaryimage\",\"url\":\"https:\\\/\\\/cchumane.org\\\/wp-content\\\/uploads\\\/800sq_happy_foster.webp\",\"contentUrl\":\"https:\\\/\\\/cchumane.org\\\/wp-content\\\/uploads\\\/800sq_happy_foster.webp\",\"width\":800,\"height\":800,\"caption\":\"Happy woman with pitty\"},{\"@type\":\"BreadcrumbList\",\"@id\":\"https:\\\/\\\/cchumane.org\\\/programs\\\/rehoming-assistance-program\\\/#breadcrumb\",\"itemListElement\":[{\"@type\":\"ListItem\",\"position\":1,\"name\":\"Home\",\"item\":\"https:\\\/\\\/cchumane.org\\\/\"},{\"@type\":\"ListItem\",\"position\":2,\"name\":\"Programs\",\"item\":\"https:\\\/\\\/cchumane.org\\\/programs\\\/\"},{\"@type\":\"ListItem\",\"position\":3,\"name\":\"Rehoming Assistance Program (RAP)\"}]},{\"@type\":\"WebSite\",\"@id\":\"https:\\\/\\\/cchumane.org\\\/#website\",\"url\":\"https:\\\/\\\/cchumane.org\\\/\",\"name\":\"Contra Costa Humane Society\",\"description\":\"Adopt. Connect. Support.\",\"publisher\":{\"@id\":\"https:\\\/\\\/cchumane.org\\\/#organization\"},\"potentialAction\":[{\"@type\":\"SearchAction\",\"target\":{\"@type\":\"EntryPoint\",\"urlTemplate\":\"https:\\\/\\\/cchumane.org\\\/?s={search_term_string}\"},\"query-input\":{\"@type\":\"PropertyValueSpecification\",\"valueRequired\":true,\"valueName\":\"search_term_string\"}}],\"inLanguage\":\"es\"},{\"@type\":\"Organization\",\"@id\":\"https:\\\/\\\/cchumane.org\\\/#organization\",\"name\":\"Contra Costa Humane Society\",\"url\":\"https:\\\/\\\/cchumane.org\\\/\",\"logo\":{\"@type\":\"ImageObject\",\"inLanguage\":\"es\",\"@id\":\"https:\\\/\\\/cchumane.org\\\/#\\\/schema\\\/logo\\\/image\\\/\",\"url\":\"https:\\\/\\\/cchumane.org\\\/wp-content\\\/uploads\\\/CCHS_logo_2line_rev_208px.webp\",\"contentUrl\":\"https:\\\/\\\/cchumane.org\\\/wp-content\\\/uploads\\\/CCHS_logo_2line_rev_208px.webp\",\"width\":208,\"height\":57,\"caption\":\"Contra Costa Humane Society\"},\"image\":{\"@id\":\"https:\\\/\\\/cchumane.org\\\/#\\\/schema\\\/logo\\\/image\\\/\"},\"sameAs\":[\"https:\\\/\\\/www.facebook.com\\\/ContraCostaHumaneSociety\\\/\",\"https:\\\/\\\/x.com\\\/cchumane\",\"https:\\\/\\\/www.instagram.com\\\/contracostahumanesociety\\\/\"]}]}<\/script>\n<!-- \/ Yoast SEO plugin. -->","yoast_head_json":{"title":"Rehoming Assistance Program (RAP) - Contra Costa Humane Society","description":"A veces surgen situaciones que escapan a nuestro control y no podemos quedarnos con el perro o gato al que le prometimos un hogar permanente. Podemos ayudar.","robots":{"index":"index","follow":"follow","max-snippet":"max-snippet:-1","max-image-preview":"max-image-preview:large","max-video-preview":"max-video-preview:-1"},"canonical":"https:\/\/cchumane.org\/es\/programs\/rehoming-assistance-program\/","og_locale":"es_MX","og_type":"article","og_title":"Rehoming Assistance Program (RAP) - Contra Costa Humane Society","og_description":"Sometimes situations arise beyond our control and we aren\u2019t able to keep the dog or cat to whom we\u2019d promised a forever home. We can help.","og_url":"https:\/\/cchumane.org\/es\/programs\/rehoming-assistance-program\/","og_site_name":"Contra Costa Humane Society","article_publisher":"https:\/\/www.facebook.com\/ContraCostaHumaneSociety\/","article_modified_time":"2026-03-17T20:40:17+00:00","og_image":[{"width":800,"height":800,"url":"http:\/\/cchumane.org\/wp-content\/uploads\/800sq_happy_foster.webp","type":"image\/webp"}],"twitter_card":"summary_large_image","twitter_site":"@cchumane","twitter_misc":{"Tiempo de lectura":"3 minutos"},"schema":{"@context":"https:\/\/schema.org","@graph":[{"@type":"WebPage","@id":"https:\/\/cchumane.org\/programs\/rehoming-assistance-program\/","url":"https:\/\/cchumane.org\/programs\/rehoming-assistance-program\/","name":"Rehoming Assistance Program (RAP) - Contra Costa Humane Society","isPartOf":{"@id":"https:\/\/cchumane.org\/#website"},"primaryImageOfPage":{"@id":"https:\/\/cchumane.org\/programs\/rehoming-assistance-program\/#primaryimage"},"image":{"@id":"https:\/\/cchumane.org\/programs\/rehoming-assistance-program\/#primaryimage"},"thumbnailUrl":"https:\/\/cchumane.org\/wp-content\/uploads\/800sq_happy_foster.webp","datePublished":"2010-04-30T10:31:21+00:00","dateModified":"2026-03-17T20:40:17+00:00","description":"A veces surgen situaciones que escapan a nuestro control y no podemos quedarnos con el perro o gato al que le prometimos un hogar permanente. Podemos ayudar.","breadcrumb":{"@id":"https:\/\/cchumane.org\/programs\/rehoming-assistance-program\/#breadcrumb"},"inLanguage":"es","potentialAction":[{"@type":"ReadAction","target":["https:\/\/cchumane.org\/programs\/rehoming-assistance-program\/"]}]},{"@type":"ImageObject","inLanguage":"es","@id":"https:\/\/cchumane.org\/programs\/rehoming-assistance-program\/#primaryimage","url":"https:\/\/cchumane.org\/wp-content\/uploads\/800sq_happy_foster.webp","contentUrl":"https:\/\/cchumane.org\/wp-content\/uploads\/800sq_happy_foster.webp","width":800,"height":800,"caption":"Happy woman with pitty"},{"@type":"BreadcrumbList","@id":"https:\/\/cchumane.org\/programs\/rehoming-assistance-program\/#breadcrumb","itemListElement":[{"@type":"ListItem","position":1,"name":"Home","item":"https:\/\/cchumane.org\/"},{"@type":"ListItem","position":2,"name":"Programs","item":"https:\/\/cchumane.org\/programs\/"},{"@type":"ListItem","position":3,"name":"Rehoming Assistance Program (RAP)"}]},{"@type":"WebSite","@id":"https:\/\/cchumane.org\/#website","url":"https:\/\/cchumane.org\/","name":"Contra Costa Humane Society","description":"Adoptar. Conectar. Apoyar.","publisher":{"@id":"https:\/\/cchumane.org\/#organization"},"potentialAction":[{"@type":"SearchAction","target":{"@type":"EntryPoint","urlTemplate":"https:\/\/cchumane.org\/?s={search_term_string}"},"query-input":{"@type":"PropertyValueSpecification","valueRequired":true,"valueName":"search_term_string"}}],"inLanguage":"es"},{"@type":"Organization","@id":"https:\/\/cchumane.org\/#organization","name":"Contra Costa Humane Society","url":"https:\/\/cchumane.org\/","logo":{"@type":"ImageObject","inLanguage":"es","@id":"https:\/\/cchumane.org\/#\/schema\/logo\/image\/","url":"https:\/\/cchumane.org\/wp-content\/uploads\/CCHS_logo_2line_rev_208px.webp","contentUrl":"https:\/\/cchumane.org\/wp-content\/uploads\/CCHS_logo_2line_rev_208px.webp","width":208,"height":57,"caption":"Contra Costa Humane Society"},"image":{"@id":"https:\/\/cchumane.org\/#\/schema\/logo\/image\/"},"sameAs":["https:\/\/www.facebook.com\/ContraCostaHumaneSociety\/","https:\/\/x.com\/cchumane","https:\/\/www.instagram.com\/contracostahumanesociety\/"]}]}},"rttpg_featured_image_url":{"full":["https:\/\/cchumane.org\/wp-content\/uploads\/800sq_happy_foster.webp",800,800,false],"landscape":["https:\/\/cchumane.org\/wp-content\/uploads\/800sq_happy_foster.webp",800,800,false],"portraits":["https:\/\/cchumane.org\/wp-content\/uploads\/800sq_happy_foster.webp",800,800,false],"thumbnail":["https:\/\/cchumane.org\/wp-content\/uploads\/800sq_happy_foster-150x150.webp",150,150,true],"medium":["https:\/\/cchumane.org\/wp-content\/uploads\/800sq_happy_foster-300x300.webp",300,300,true],"large":["https:\/\/cchumane.org\/wp-content\/uploads\/800sq_happy_foster.webp",800,800,false],"1536x1536":["https:\/\/cchumane.org\/wp-content\/uploads\/800sq_happy_foster.webp",800,800,false],"2048x2048":["https:\/\/cchumane.org\/wp-content\/uploads\/800sq_happy_foster.webp",800,800,false],"trp-custom-language-flag":["https:\/\/cchumane.org\/wp-content\/uploads\/800sq_happy_foster.webp",12,12,false],"qi_blocks_image_size_square":["https:\/\/cchumane.org\/wp-content\/uploads\/800sq_happy_foster.webp",650,650,false],"qi_blocks_image_size_landscape":["https:\/\/cchumane.org\/wp-content\/uploads\/800sq_happy_foster.webp",650,650,false],"qi_blocks_image_size_portrait":["https:\/\/cchumane.org\/wp-content\/uploads\/800sq_happy_foster.webp",650,650,false],"qi_blocks_image_size_huge_square":["https:\/\/cchumane.org\/wp-content\/uploads\/800sq_happy_foster.webp",800,800,false],"rt_custom":["https:\/\/cchumane.org\/wp-content\/uploads\/800sq_happy_foster.webp",800,800,false]},"rttpg_author":{"display_name":"BirdieHershel","author_link":"https:\/\/cchumane.org\/es\/author\/juicybitta_9\/"},"rttpg_comment":0,"rttpg_category":null,"rttpg_excerpt":"Sometimes situations arise beyond our control and we aren't able to keep the dog or cat to whom we'd promised a forever home. If you find yourself in this situation, Learn more about our Re-Homing Assistance Program.\u00a0","_links":{"self":[{"href":"https:\/\/cchumane.org\/es\/wp-json\/wp\/v2\/pages\/48","targetHints":{"allow":["GET"]}}],"collection":[{"href":"https:\/\/cchumane.org\/es\/wp-json\/wp\/v2\/pages"}],"about":[{"href":"https:\/\/cchumane.org\/es\/wp-json\/wp\/v2\/types\/page"}],"author":[{"embeddable":true,"href":"https:\/\/cchumane.org\/es\/wp-json\/wp\/v2\/users\/7650"}],"replies":[{"embeddable":true,"href":"https:\/\/cchumane.org\/es\/wp-json\/wp\/v2\/comments?post=48"}],"version-history":[{"count":2,"href":"https:\/\/cchumane.org\/es\/wp-json\/wp\/v2\/pages\/48\/revisions"}],"predecessor-version":[{"id":25051,"href":"https:\/\/cchumane.org\/es\/wp-json\/wp\/v2\/pages\/48\/revisions\/25051"}],"up":[{"embeddable":true,"href":"https:\/\/cchumane.org\/es\/wp-json\/wp\/v2\/pages\/36"}],"wp:featuredmedia":[{"embeddable":true,"href":"https:\/\/cchumane.org\/es\/wp-json\/wp\/v2\/media\/21227"}],"wp:attachment":[{"href":"https:\/\/cchumane.org\/es\/wp-json\/wp\/v2\/media?parent=48"}],"curies":[{"name":"gracias","href":"https:\/\/api.w.org\/{rel}","templated":true}]}}