{"id":4341,"date":"2015-03-04T16:41:33","date_gmt":"2015-03-05T00:41:33","guid":{"rendered":"https:\/\/cchumane.org\/?page_id=4341"},"modified":"2025-08-01T14:12:26","modified_gmt":"2025-08-01T21:12:26","slug":"legacy-giving","status":"publish","type":"page","link":"https:\/\/cchumane.org\/es\/ways-to-donate\/legacy-giving\/","title":{"rendered":"Donaciones planificadas y de legado"},"content":{"rendered":"<div class=\"wp-block-group alignfull has-global-padding is-layout-constrained wp-block-group-is-layout-constrained\" id=\"page-title-box\" style=\"margin-bottom:var(--wp--preset--spacing--30)\">\n<div class=\"wp-block-group alignfull has-global-padding is-layout-constrained wp-block-group-is-layout-constrained\">\n<div class=\"wp-block-cover alignfull is-light\" style=\"min-height:340px;aspect-ratio:unset;\"><img loading=\"lazy\" decoding=\"async\" width=\"1420\" height=\"400\" class=\"wp-block-cover__image-background wp-image-20322\" alt=\"Volunteer holding senior content cat\" src=\"https:\/\/cchumane.org\/wp-content\/uploads\/inner_content_cuddled_cat.webp\" data-object-fit=\"cover\" srcset=\"https:\/\/cchumane.org\/wp-content\/uploads\/inner_content_cuddled_cat.webp 1420w, https:\/\/cchumane.org\/wp-content\/uploads\/inner_content_cuddled_cat-300x85.webp 300w, https:\/\/cchumane.org\/wp-content\/uploads\/inner_content_cuddled_cat-1024x288.webp 1024w, https:\/\/cchumane.org\/wp-content\/uploads\/inner_content_cuddled_cat-768x216.webp 768w\" sizes=\"auto, (max-width: 1420px) 100vw, 1420px\" \/><span aria-hidden=\"true\" class=\"wp-block-cover__background has-background-dim-0 has-background-dim\" style=\"background-color:#a59085\"><\/span><div class=\"wp-block-cover__inner-container is-layout-flow wp-block-cover-is-layout-flow\">\n<div class=\"wp-block-group has-global-padding is-layout-constrained wp-block-group-is-layout-constrained\">\n<div class=\"wp-block-group alignfull is-content-justification-center is-nowrap is-layout-flex wp-container-core-group-is-layout-1769166a wp-block-group-is-layout-flex\" style=\"border-style:none;border-width:0px;padding-top:0;padding-bottom:0\">\n<div class=\"wp-block-group has-border-color has-global-padding is-layout-constrained wp-block-group-is-layout-constrained\" style=\"border-color:#b9b5b5;border-width:2px\"><h1 style=\"color:#fffefe; padding-top:var(--wp--preset--spacing--10);padding-bottom:var(--wp--preset--spacing--10);padding-left:var(--wp--preset--spacing--10);padding-right:var(--wp--preset--spacing--10);\" class=\"has-text-align-center has-link-color wp-elements-db873da11665eb77ed92054808e79281 wp-block-post-title has-text-color has-large-font-size\">Donaciones planificadas y de legado<\/h1><\/div>\n<\/div>\n<\/div>\n<\/div><\/div>\n<\/div>\n<\/div>\n\n\n\n<p style=\"font-size:clamp(0.929rem, 0.929rem + ((1vw - 0.2rem) * 0.785), 1.4rem);\">\u00bfSab\u00edas que cada vez m\u00e1s donantes eligen veh\u00edculos \u201cno monetarios\u201d para apoyar a organizaciones sin fines de lucro como la nuestra? Hay muchas formas de donar con una donaci\u00f3n planificada y, en el futuro, con un legado. Puedes ayudarnos a apoyar a los animales necesitados y, al mismo tiempo, obtener un beneficio fiscal.<\/p>\n\n\n\n<hr class=\"wp-block-separator has-text-color has-contrast-2-color has-alpha-channel-opacity has-contrast-2-background-color has-background\" style=\"margin-top:var(--wp--preset--spacing--20);margin-bottom:var(--wp--preset--spacing--20)\"\/>\n\n\n\n<h3 class=\"wp-block-heading\">Oportunidades de donaciones planificadas<\/h3>\n\n\n\n<p><strong>Transferencia de acciones y\/o fondos mutuos valorizados<\/strong> directamente para respaldar las ganancias de capital a fin de obtener una deducci\u00f3n del impuesto a la renta federal por el valor actual de mercado. Tambi\u00e9n pueden aplicarse algunos beneficios estatales.<\/p>\n\n\n\n<p><strong><strong>Transferencia caritativa de IRA <em>o<\/em> Distribuciones caritativas calificadas (QCD)<\/strong><br><\/strong>Puede donar cualquier cantidad (hasta un m\u00e1ximo de 108.000 T\/T) al a\u00f1o desde su cuenta IRA directamente a una organizaci\u00f3n ben\u00e9fica calificada, como CCHS, sin tener que pagar impuestos sobre la renta. Las donaciones de cualquier valor igual o inferior a 108.000 T\/T son elegibles para este beneficio y puede sentirse tranquilo sabiendo que est\u00e1 marcando la diferencia para los animales necesitados.&nbsp;<\/p>\n\n\n\n<h3 class=\"wp-block-heading\" style=\"margin-bottom:var(--wp--preset--spacing--10)\">\u00bfPor qu\u00e9 considerar este regalo?<\/h3>\n\n\n\n<ul class=\"wp-block-list\">\n<li><strong>Tu donaci\u00f3n ser\u00e1 utilizada hoy<\/strong>, permiti\u00e9ndole ver la diferencia que su donaci\u00f3n est\u00e1 generando.<\/li>\n\n\n\n<li>A partir del a\u00f1o en que cumpla 73 a\u00f1os, puede usar su donaci\u00f3n para satisfacer la totalidad o parte de su distribuci\u00f3n m\u00ednima requerida (RMD).<\/li>\n\n\n\n<li><strong>No pagas impuestos sobre la renta por el regalo<\/strong>La transferencia no genera ni renta imponible ni deducci\u00f3n fiscal, por lo que usted se beneficia incluso si no detalla sus deducciones.<\/li>\n\n\n\n<li>Dado que la donaci\u00f3n no se considera ingreso, puede reducir sus ingresos anuales. Esto podr\u00eda ayudar a reducir sus primas de Medicare y la cantidad de Seguridad Social sujeta a impuestos.\n<ul class=\"wp-block-list\">\n<li style=\"margin-left:var(--wp--preset--spacing--10)\">Para personas de 59 a\u00f1os y medio o m\u00e1s<\/li>\n\n\n\n<li style=\"margin-left:var(--wp--preset--spacing--10)\">Si tiene al menos 59 a\u00f1os y medio, puede recibir una distribuci\u00f3n y luego hacer una donaci\u00f3n de su cuenta IRA sin penalizaci\u00f3n. Si detalla sus deducciones, puede obtener una deducci\u00f3n por donaci\u00f3n por el monto de su donaci\u00f3n.<\/li>\n\n\n\n<li style=\"margin-left:var(--wp--preset--spacing--10)\">A cualquier edad<\/li>\n\n\n\n<li style=\"margin-left:var(--wp--preset--spacing--10)\">Sin importar su edad, puede designar a la Sociedad Humanitaria de Contra Costa como beneficiaria de la totalidad o un porcentaje de su IRA, y esta pasar\u00e1 a nosotros libre de impuestos despu\u00e9s de su vida. Es sencillo: solo necesita contactar al administrador de su IRA para obtener un formulario de cambio de beneficiario o descargarlo del sitio web de su proveedor.<\/li>\n<\/ul>\n<\/li>\n<\/ul>\n\n\n\n<p>Consejo: Es fundamental que nos informe sobre su donaci\u00f3n, ya que muchos administradores de planes de jubilaci\u00f3n populares no tienen la obligaci\u00f3n de notificar a una organizaci\u00f3n ben\u00e9fica sobre su designaci\u00f3n. El administrador tampoco supervisar\u00e1 si se cumplen sus designaciones de donaci\u00f3n. Nos encantar\u00eda hablar con usted sobre sus intenciones para asegurarnos de que se cumplan. Tambi\u00e9n queremos agradecerle su generosidad.<\/p>\n\n\n\n<p><strong><em>Busque el asesoramiento de su contador o asesor financiero para obtener m\u00e1s informaci\u00f3n ya que las circunstancias var\u00edan seg\u00fan el individuo.<\/em><\/strong><\/p>\n\n\n\n<p>Nos esforzamos al m\u00e1ximo para procesar las donaciones de forma r\u00e1pida y eficiente, pero este tipo de donaciones puede requerir m\u00e1s tiempo. Si planea hacer una donaci\u00f3n de fin de a\u00f1o, le rogamos que inicie la documentaci\u00f3n correspondiente lo antes posible en diciembre. Env\u00ede un correo electr\u00f3nico a <a href=\"mailto:development@cchumane.org\">development@cchumane.org<\/a> para comenzar los pasos.<\/p>\n\n\n\n<hr class=\"wp-block-separator has-text-color has-contrast-2-color has-alpha-channel-opacity has-contrast-2-background-color has-background\" style=\"margin-top:var(--wp--preset--spacing--20);margin-bottom:var(--wp--preset--spacing--20)\"\/>\n\n\n\n<h3 class=\"wp-block-heading\">Oportunidades para dar un legado<\/h3>\n\n\n\n<p>Designar a Contra Costa Humane Society como uno de sus benefactores es una manera de crear un legado vivo. A continuaci\u00f3n, se incluye un ejemplo de redacci\u00f3n para su testamento, fideicomiso u otros documentos legales:<\/p>\n\n\n\n<figure class=\"wp-block-table\"><table><tbody><tr><td>(A) <\/td><td>\u201cLe doy $_______ a Contra Costa Humane Society, con sede en Pleasant Hill, CA, identificaci\u00f3n fiscal 68-0281428 para sus programas en curso y uso general\u201d.<\/td><\/tr><tr><td>(B)<\/td><td>\u201cDejo el ______ % residual de mi patrimonio a Contra Costa Humane Society, con sede en Pleasant Hill, CA, identificaci\u00f3n fiscal 68-0281428 para programas en curso y uso general\u201d.<\/td><\/tr><tr><td>(DO)<\/td><td>\u201cSi alguno de los beneficiarios nombrados anteriormente falleciera antes que yo, por la presente lego su parte a Contra Costa Humane Society, una organizaci\u00f3n ben\u00e9fica sin fines de lucro con identificaci\u00f3n fiscal 68-0281428 y oficinas en Pleasant Hill, CA, para programas en curso y uso general\u201d.<\/td><\/tr><tr><td>(D)<\/td><td>\u201cPor la presente, dejo (monto detallado) (en forma de n\u00famero) a la organizaci\u00f3n sin fines de lucro conocida como Contra Costa Humane Society (ID fiscal 68-0281428) actualmente ubicada en Pleasant Hill, CA para que se utilice en sus programas en curso y uso general.<\/td><\/tr><\/tbody><\/table><\/figure>\n\n\n\n<div style=\"height:28px\" aria-hidden=\"true\" class=\"wp-block-spacer\"><\/div>\n\n\n\n<div class=\"wp-block-columns is-layout-flex wp-container-core-columns-is-layout-28f84493 wp-block-columns-is-layout-flex\">\n<div class=\"wp-block-column is-layout-flow wp-block-column-is-layout-flow\">\n<div class=\"wp-block-columns is-layout-flex wp-container-core-columns-is-layout-28f84493 wp-block-columns-is-layout-flex\">\n<div class=\"wp-block-column is-layout-flow wp-block-column-is-layout-flow\">\n<p>Otras opciones a considerar tambi\u00e9n incluyen nombrar a CCHS como beneficiario de una p\u00f3liza de seguro personal, IRA y\/o cuenta bancaria.&nbsp;<\/p>\n\n\n\n<p><strong><em>CCHS proporciona el texto anterior como gu\u00eda para su uso. Todo el lenguaje y los t\u00e9rminos que se mencionan en un documento legal deben ser revisados por un asesor legal.&nbsp;<\/em><\/strong><\/p>\n\n\n\n<p>Para discutir m\u00e1s a fondo e iniciar uno de los obsequios anteriores, env\u00ede un correo electr\u00f3nico a <a href=\"mailto:development@cchumane.org\" target=\"_blank\" rel=\"noreferrer noopener\">development@cchumane.org<\/a> hoy para conectarse con nuestro equipo de Desarrollo.<\/p>\n<\/div>\n<\/div>\n<\/div>\n<\/div>","protected":false},"excerpt":{"rendered":"<p>Did you know more and more donors are choosing \u201cnon-cash\u201d vehicles to support nonprofits like ours? There are many ways to donate with a planned gift and in the future with a legacy gift. You can help us support animals in need while affording yourself a tax benefit. Planned Giving Opportunities Transfer appreciated stock and\/or [&hellip;]<\/p>\n","protected":false},"author":3,"featured_media":0,"parent":55,"menu_order":1,"comment_status":"closed","ping_status":"closed","template":"wp-custom-template-page-with-promo-above-footer","meta":{"_acf_changed":false,"_themeisle_gutenberg_block_has_review":false,"footnotes":""},"class_list":["post-4341","page","type-page","status-publish","hentry"],"acf":[],"yoast_head":"<!-- This site is optimized with the Yoast SEO plugin v27.3 - https:\/\/yoast.com\/product\/yoast-seo-wordpress\/ -->\n<title>Planned &amp; Legacy Giving - Contra Costa Humane Society<\/title>\n<meta name=\"description\" content=\"There are many ways to donate with a planned gift and in the future with a legacy gift. Support animals and give yourself a tax benefit.\" \/>\n<meta name=\"robots\" content=\"index, follow, max-snippet:-1, max-image-preview:large, max-video-preview:-1\" \/>\n<link rel=\"canonical\" href=\"https:\/\/cchumane.org\/es\/ways-to-donate\/legacy-giving\/\" \/>\n<meta property=\"og:locale\" content=\"es_MX\" \/>\n<meta property=\"og:type\" content=\"article\" \/>\n<meta property=\"og:title\" content=\"Planned &amp; Legacy Giving - Contra Costa Humane Society\" \/>\n<meta property=\"og:description\" content=\"There are many ways to donate with a planned gift and in the future with a legacy gift. Support animals and give yourself a tax benefit.\" \/>\n<meta property=\"og:url\" content=\"https:\/\/cchumane.org\/es\/ways-to-donate\/legacy-giving\/\" \/>\n<meta property=\"og:site_name\" content=\"Contra Costa Humane Society\" \/>\n<meta property=\"article:publisher\" content=\"https:\/\/www.facebook.com\/ContraCostaHumaneSociety\/\" \/>\n<meta property=\"article:modified_time\" content=\"2025-08-01T21:12:26+00:00\" \/>\n<meta property=\"og:image\" content=\"https:\/\/cchumane.org\/wp-content\/uploads\/inner_content_cuddled_cat.webp\" \/>\n\t<meta property=\"og:image:width\" content=\"1420\" \/>\n\t<meta property=\"og:image:height\" content=\"400\" \/>\n\t<meta property=\"og:image:type\" content=\"image\/webp\" \/>\n<meta name=\"twitter:card\" content=\"summary_large_image\" \/>\n<meta name=\"twitter:site\" content=\"@cchumane\" \/>\n<meta name=\"twitter:label1\" content=\"Tiempo de lectura\" \/>\n\t<meta name=\"twitter:data1\" content=\"4 minutos\" \/>\n<script type=\"application\/ld+json\" class=\"yoast-schema-graph\">{\"@context\":\"https:\\\/\\\/schema.org\",\"@graph\":[{\"@type\":\"WebPage\",\"@id\":\"https:\\\/\\\/cchumane.org\\\/ways-to-donate\\\/legacy-giving\\\/\",\"url\":\"https:\\\/\\\/cchumane.org\\\/ways-to-donate\\\/legacy-giving\\\/\",\"name\":\"Planned &amp; Legacy Giving - Contra Costa Humane Society\",\"isPartOf\":{\"@id\":\"https:\\\/\\\/cchumane.org\\\/#website\"},\"primaryImageOfPage\":{\"@id\":\"https:\\\/\\\/cchumane.org\\\/ways-to-donate\\\/legacy-giving\\\/#primaryimage\"},\"image\":{\"@id\":\"https:\\\/\\\/cchumane.org\\\/ways-to-donate\\\/legacy-giving\\\/#primaryimage\"},\"thumbnailUrl\":\"https:\\\/\\\/cchumane.org\\\/wp-content\\\/uploads\\\/inner_content_cuddled_cat.webp\",\"datePublished\":\"2015-03-05T00:41:33+00:00\",\"dateModified\":\"2025-08-01T21:12:26+00:00\",\"description\":\"There are many ways to donate with a planned gift and in the future with a legacy gift. Support animals and give yourself a tax benefit.\",\"breadcrumb\":{\"@id\":\"https:\\\/\\\/cchumane.org\\\/ways-to-donate\\\/legacy-giving\\\/#breadcrumb\"},\"inLanguage\":\"es\",\"potentialAction\":[{\"@type\":\"ReadAction\",\"target\":[\"https:\\\/\\\/cchumane.org\\\/ways-to-donate\\\/legacy-giving\\\/\"]}]},{\"@type\":\"ImageObject\",\"inLanguage\":\"es\",\"@id\":\"https:\\\/\\\/cchumane.org\\\/ways-to-donate\\\/legacy-giving\\\/#primaryimage\",\"url\":\"https:\\\/\\\/cchumane.org\\\/wp-content\\\/uploads\\\/inner_content_cuddled_cat.webp\",\"contentUrl\":\"https:\\\/\\\/cchumane.org\\\/wp-content\\\/uploads\\\/inner_content_cuddled_cat.webp\"},{\"@type\":\"BreadcrumbList\",\"@id\":\"https:\\\/\\\/cchumane.org\\\/ways-to-donate\\\/legacy-giving\\\/#breadcrumb\",\"itemListElement\":[{\"@type\":\"ListItem\",\"position\":1,\"name\":\"Home\",\"item\":\"https:\\\/\\\/cchumane.org\\\/\"},{\"@type\":\"ListItem\",\"position\":2,\"name\":\"Ways to Donate\",\"item\":\"https:\\\/\\\/cchumane.org\\\/ways-to-donate\\\/\"},{\"@type\":\"ListItem\",\"position\":3,\"name\":\"Planned &amp; Legacy Giving\"}]},{\"@type\":\"WebSite\",\"@id\":\"https:\\\/\\\/cchumane.org\\\/#website\",\"url\":\"https:\\\/\\\/cchumane.org\\\/\",\"name\":\"Contra Costa Humane Society\",\"description\":\"Adopt. Connect. Support.\",\"publisher\":{\"@id\":\"https:\\\/\\\/cchumane.org\\\/#organization\"},\"potentialAction\":[{\"@type\":\"SearchAction\",\"target\":{\"@type\":\"EntryPoint\",\"urlTemplate\":\"https:\\\/\\\/cchumane.org\\\/?s={search_term_string}\"},\"query-input\":{\"@type\":\"PropertyValueSpecification\",\"valueRequired\":true,\"valueName\":\"search_term_string\"}}],\"inLanguage\":\"es\"},{\"@type\":\"Organization\",\"@id\":\"https:\\\/\\\/cchumane.org\\\/#organization\",\"name\":\"Contra Costa Humane Society\",\"url\":\"https:\\\/\\\/cchumane.org\\\/\",\"logo\":{\"@type\":\"ImageObject\",\"inLanguage\":\"es\",\"@id\":\"https:\\\/\\\/cchumane.org\\\/#\\\/schema\\\/logo\\\/image\\\/\",\"url\":\"https:\\\/\\\/cchumane.org\\\/wp-content\\\/uploads\\\/CCHS_logo_2line_rev_208px.webp\",\"contentUrl\":\"https:\\\/\\\/cchumane.org\\\/wp-content\\\/uploads\\\/CCHS_logo_2line_rev_208px.webp\",\"width\":208,\"height\":57,\"caption\":\"Contra Costa Humane Society\"},\"image\":{\"@id\":\"https:\\\/\\\/cchumane.org\\\/#\\\/schema\\\/logo\\\/image\\\/\"},\"sameAs\":[\"https:\\\/\\\/www.facebook.com\\\/ContraCostaHumaneSociety\\\/\",\"https:\\\/\\\/x.com\\\/cchumane\",\"https:\\\/\\\/www.instagram.com\\\/contracostahumanesociety\\\/\"]}]}<\/script>\n<!-- \/ Yoast SEO plugin. -->","yoast_head_json":{"title":"Donaciones planificadas y de legado - Sociedad Protectora de Animales de Contra Costa","description":"Hay muchas maneras de donar con una donaci\u00f3n planificada y, en el futuro, con un legado. Apoya a los animales y obt\u00e9n un beneficio fiscal.","robots":{"index":"index","follow":"follow","max-snippet":"max-snippet:-1","max-image-preview":"max-image-preview:large","max-video-preview":"max-video-preview:-1"},"canonical":"https:\/\/cchumane.org\/es\/ways-to-donate\/legacy-giving\/","og_locale":"es_MX","og_type":"article","og_title":"Planned &amp; Legacy Giving - Contra Costa Humane Society","og_description":"There are many ways to donate with a planned gift and in the future with a legacy gift. Support animals and give yourself a tax benefit.","og_url":"https:\/\/cchumane.org\/es\/ways-to-donate\/legacy-giving\/","og_site_name":"Contra Costa Humane Society","article_publisher":"https:\/\/www.facebook.com\/ContraCostaHumaneSociety\/","article_modified_time":"2025-08-01T21:12:26+00:00","og_image":[{"width":1420,"height":400,"url":"https:\/\/cchumane.org\/wp-content\/uploads\/inner_content_cuddled_cat.webp","type":"image\/webp"}],"twitter_card":"summary_large_image","twitter_site":"@cchumane","twitter_misc":{"Tiempo de lectura":"4 minutos"},"schema":{"@context":"https:\/\/schema.org","@graph":[{"@type":"WebPage","@id":"https:\/\/cchumane.org\/ways-to-donate\/legacy-giving\/","url":"https:\/\/cchumane.org\/ways-to-donate\/legacy-giving\/","name":"Donaciones planificadas y de legado - Sociedad Protectora de Animales de Contra Costa","isPartOf":{"@id":"https:\/\/cchumane.org\/#website"},"primaryImageOfPage":{"@id":"https:\/\/cchumane.org\/ways-to-donate\/legacy-giving\/#primaryimage"},"image":{"@id":"https:\/\/cchumane.org\/ways-to-donate\/legacy-giving\/#primaryimage"},"thumbnailUrl":"https:\/\/cchumane.org\/wp-content\/uploads\/inner_content_cuddled_cat.webp","datePublished":"2015-03-05T00:41:33+00:00","dateModified":"2025-08-01T21:12:26+00:00","description":"Hay muchas maneras de donar con una donaci\u00f3n planificada y, en el futuro, con un legado. Apoya a los animales y obt\u00e9n un beneficio fiscal.","breadcrumb":{"@id":"https:\/\/cchumane.org\/ways-to-donate\/legacy-giving\/#breadcrumb"},"inLanguage":"es","potentialAction":[{"@type":"ReadAction","target":["https:\/\/cchumane.org\/ways-to-donate\/legacy-giving\/"]}]},{"@type":"ImageObject","inLanguage":"es","@id":"https:\/\/cchumane.org\/ways-to-donate\/legacy-giving\/#primaryimage","url":"https:\/\/cchumane.org\/wp-content\/uploads\/inner_content_cuddled_cat.webp","contentUrl":"https:\/\/cchumane.org\/wp-content\/uploads\/inner_content_cuddled_cat.webp"},{"@type":"BreadcrumbList","@id":"https:\/\/cchumane.org\/ways-to-donate\/legacy-giving\/#breadcrumb","itemListElement":[{"@type":"ListItem","position":1,"name":"Home","item":"https:\/\/cchumane.org\/"},{"@type":"ListItem","position":2,"name":"Ways to Donate","item":"https:\/\/cchumane.org\/ways-to-donate\/"},{"@type":"ListItem","position":3,"name":"Planned &amp; Legacy Giving"}]},{"@type":"WebSite","@id":"https:\/\/cchumane.org\/#website","url":"https:\/\/cchumane.org\/","name":"Contra Costa Humane Society","description":"Adoptar. Conectar. Apoyar.","publisher":{"@id":"https:\/\/cchumane.org\/#organization"},"potentialAction":[{"@type":"SearchAction","target":{"@type":"EntryPoint","urlTemplate":"https:\/\/cchumane.org\/?s={search_term_string}"},"query-input":{"@type":"PropertyValueSpecification","valueRequired":true,"valueName":"search_term_string"}}],"inLanguage":"es"},{"@type":"Organization","@id":"https:\/\/cchumane.org\/#organization","name":"Contra Costa Humane Society","url":"https:\/\/cchumane.org\/","logo":{"@type":"ImageObject","inLanguage":"es","@id":"https:\/\/cchumane.org\/#\/schema\/logo\/image\/","url":"https:\/\/cchumane.org\/wp-content\/uploads\/CCHS_logo_2line_rev_208px.webp","contentUrl":"https:\/\/cchumane.org\/wp-content\/uploads\/CCHS_logo_2line_rev_208px.webp","width":208,"height":57,"caption":"Contra Costa Humane Society"},"image":{"@id":"https:\/\/cchumane.org\/#\/schema\/logo\/image\/"},"sameAs":["https:\/\/www.facebook.com\/ContraCostaHumaneSociety\/","https:\/\/x.com\/cchumane","https:\/\/www.instagram.com\/contracostahumanesociety\/"]}]}},"rttpg_featured_image_url":null,"rttpg_author":{"display_name":"Contra Costa Staff","author_link":"https:\/\/cchumane.org\/es\/author\/cchs\/"},"rttpg_comment":0,"rttpg_category":null,"rttpg_excerpt":"Did you know more and more donors are choosing \u201cnon-cash\u201d vehicles to support nonprofits like ours? There are many ways to donate with a planned gift and in the future with a legacy gift. You can help us support animals in need while affording yourself a tax benefit. Planned Giving Opportunities Transfer appreciated stock and\/or&hellip;","_links":{"self":[{"href":"https:\/\/cchumane.org\/es\/wp-json\/wp\/v2\/pages\/4341","targetHints":{"allow":["GET"]}}],"collection":[{"href":"https:\/\/cchumane.org\/es\/wp-json\/wp\/v2\/pages"}],"about":[{"href":"https:\/\/cchumane.org\/es\/wp-json\/wp\/v2\/types\/page"}],"author":[{"embeddable":true,"href":"https:\/\/cchumane.org\/es\/wp-json\/wp\/v2\/users\/3"}],"replies":[{"embeddable":true,"href":"https:\/\/cchumane.org\/es\/wp-json\/wp\/v2\/comments?post=4341"}],"version-history":[{"count":10,"href":"https:\/\/cchumane.org\/es\/wp-json\/wp\/v2\/pages\/4341\/revisions"}],"predecessor-version":[{"id":24107,"href":"https:\/\/cchumane.org\/es\/wp-json\/wp\/v2\/pages\/4341\/revisions\/24107"}],"up":[{"embeddable":true,"href":"https:\/\/cchumane.org\/es\/wp-json\/wp\/v2\/pages\/55"}],"wp:attachment":[{"href":"https:\/\/cchumane.org\/es\/wp-json\/wp\/v2\/media?parent=4341"}],"curies":[{"name":"gracias","href":"https:\/\/api.w.org\/{rel}","templated":true}]}}