{"id":33,"date":"2010-04-30T03:31:21","date_gmt":"2010-04-30T10:31:21","guid":{"rendered":"http:\/\/wp.cchumane.org\/?page_id=33"},"modified":"2026-01-09T07:04:31","modified_gmt":"2026-01-09T15:04:31","slug":"adopt","status":"publish","type":"page","link":"https:\/\/cchumane.org\/es\/adopt\/","title":{"rendered":"Adoptar"},"content":{"rendered":"<div class=\"wp-block-group alignfull has-global-padding is-layout-constrained wp-block-group-is-layout-constrained\" id=\"page-title-box\" style=\"margin-bottom:var(--wp--preset--spacing--30)\">\n<div class=\"wp-block-group alignfull has-global-padding is-layout-constrained wp-block-group-is-layout-constrained\">\n<div class=\"wp-block-cover alignfull\" style=\"min-height:340px;aspect-ratio:unset;\"><img loading=\"lazy\" decoding=\"async\" width=\"1024\" height=\"288\" class=\"wp-block-cover__image-background wp-image-19078\" alt=\"Cute Kitten peeping over blanket\" src=\"https:\/\/cchumane.org\/wp-content\/uploads\/inner_base_paws_cat-1024x288.webp\" data-object-fit=\"cover\" srcset=\"https:\/\/cchumane.org\/wp-content\/uploads\/inner_base_paws_cat-1024x288.webp 1024w, https:\/\/cchumane.org\/wp-content\/uploads\/inner_base_paws_cat-300x85.webp 300w, https:\/\/cchumane.org\/wp-content\/uploads\/inner_base_paws_cat-768x216.webp 768w, https:\/\/cchumane.org\/wp-content\/uploads\/inner_base_paws_cat.webp 1420w\" sizes=\"auto, (max-width: 1024px) 100vw, 1024px\" \/><span aria-hidden=\"true\" class=\"wp-block-cover__background has-background-dim-0 has-background-dim\"><\/span><div class=\"wp-block-cover__inner-container is-layout-flow wp-block-cover-is-layout-flow\">\n<div class=\"wp-block-group has-global-padding is-layout-constrained wp-block-group-is-layout-constrained\">\n<div class=\"wp-block-group alignfull is-content-justification-center is-nowrap is-layout-flex wp-container-core-group-is-layout-1769166a wp-block-group-is-layout-flex\" style=\"border-style:none;border-width:0px;padding-top:0;padding-bottom:0\">\n<div class=\"wp-block-group has-global-padding is-layout-constrained wp-block-group-is-layout-constrained\" style=\"border-width:2px\"><h1 style=\"color:#ffffff; padding-top:var(--wp--preset--spacing--10);padding-bottom:var(--wp--preset--spacing--10);padding-left:var(--wp--preset--spacing--10);padding-right:var(--wp--preset--spacing--10);\" class=\"has-text-align-center has-link-color wp-elements-7f2efc9ae0992cb54d02bc27d2cbdeeb wp-block-post-title has-text-color has-large-font-size\">Adoptar<\/h1><\/div>\n<\/div>\n<\/div>\n<\/div><\/div>\n<\/div>\n<\/div>\n\n\n\n<h2 class=\"wp-block-heading\" style=\"margin-bottom:0\">Te ayudamos a encontrar la mascota perfecta<\/h2>\n\n\n\n<div id=\"wp-block-themeisle-blocks-advanced-columns-81d33923\" class=\"wp-block-themeisle-blocks-advanced-columns has-2-columns has-desktop-twoOne-layout has-tablet-equal-layout has-mobile-collapsedRows-layout has-vertical-unset\"><div class=\"wp-block-themeisle-blocks-advanced-columns-overlay\"><\/div><div class=\"innerblocks-wrap\">\n<div id=\"wp-block-themeisle-blocks-advanced-column-c4d0f69a\" class=\"wp-block-themeisle-blocks-advanced-column\">\n<p class=\"ticss-3cc2aa4b\" style=\"font-size:clamp(14.642px, 0.915rem + ((1vw - 3.2px) * 0.766), 22px);\">\u00a1Gracias por considerar la adopci\u00f3n de CCHS! Valoramos la oportunidad de ayudarlo a encontrar a su pr\u00f3ximo miembro de la familia y queremos asegurarnos de que ese animal sea adecuado para su hogar, estilo de vida y otros miembros de la familia (tanto animales como humanos). Hay muchas buenas razones para adoptar una mascota; la primera y m\u00e1s importante: \u00a1est\u00e1 salvando vidas!<\/p>\n\n\n\n<p>Todos nuestros animales disponibles para adopci\u00f3n est\u00e1n esterilizados\/castrados, desparasitados seg\u00fan sea necesario, vacunados y microchipados.<\/p>\n<\/div>\n\n\n\n<div id=\"wp-block-themeisle-blocks-advanced-column-778f4866\" class=\"wp-block-themeisle-blocks-advanced-column\">\n<figure class=\"wp-block-image size-full\"><img loading=\"lazy\" decoding=\"async\" width=\"400\" height=\"600\" src=\"https:\/\/cchumane.org\/wp-content\/uploads\/400_600_adopt_cat_dog.webp\" alt=\"cuddled cat and happy dog\" class=\"wp-image-20542\" srcset=\"https:\/\/cchumane.org\/wp-content\/uploads\/400_600_adopt_cat_dog.webp 400w, https:\/\/cchumane.org\/wp-content\/uploads\/400_600_adopt_cat_dog-200x300.webp 200w\" sizes=\"auto, (max-width: 400px) 100vw, 400px\" \/><\/figure>\n<\/div>\n<\/div><\/div>\n\n\n\n<p style=\"margin-top:0\">Todas las solicitudes de adopci\u00f3n se revisan en el orden en el que se reciben. Algunos animales resultan ser bastante populares, por lo que si llegan varias solicitudes en un per\u00edodo de 24 horas, las revisaremos en el orden en el que lleguen y luego evaluaremos la compatibilidad en funci\u00f3n de las solicitudes disponibles. Nuestro objetivo es hacer que el proceso sea lo m\u00e1s justo posible, manteniendo las necesidades de los animales en primer plano.<\/p>\n\n\n\n<p>Te recomendamos navegar por nuestra <a href=\"https:\/\/cchumane.org\/es\/adopt\/dogs-and-puppies\/\">gatos adoptables<\/a> y <a href=\"https:\/\/staging.cchumane.org\/adopt\/adoptable-dogs\/\">perros<\/a> Primero, complete una solicitud donde podr\u00e1 indicar los animales espec\u00edficos que le interesan. Adem\u00e1s, esto nos ayudar\u00e1 a tener una mejor idea del tipo de animal que desea.&nbsp;<\/p>\n\n\n\n<p class=\"has-text-align-center\"><strong>Tasas de adopci\u00f3n actuales<\/strong><\/p>\n\n\n\n<div id=\"wp-block-themeisle-blocks-advanced-columns-5ff3eddd\" class=\"wp-block-themeisle-blocks-advanced-columns has-2-columns has-desktop-equal-layout has-tablet-equal-layout has-mobile-collapsedRows-layout has-vertical-unset\"><div class=\"wp-block-themeisle-blocks-advanced-columns-overlay\"><\/div><div class=\"innerblocks-wrap\">\n<div id=\"wp-block-themeisle-blocks-advanced-column-ccbb9ad8\" class=\"wp-block-themeisle-blocks-advanced-column\">\n<figure class=\"wp-block-table is-style-stripes\" style=\"margin-right:var(--wp--preset--spacing--10);margin-left:var(--wp--preset--spacing--10)\"><table><tbody><tr><td>Gatitos &lt; 6 meses<\/td><td class=\"has-text-align-right\" data-align=\"right\">$175<\/td><\/tr><tr><td>Segundo gatito<\/td><td class=\"has-text-align-right\" data-align=\"right\">$95<\/td><\/tr><tr><td>Gatos &gt; 6 meses<\/td><td class=\"has-text-align-right\" data-align=\"right\">$135<\/td><\/tr><tr><td>Segundo gato &gt; 6 meses<\/td><td class=\"has-text-align-right\" data-align=\"right\">$65<\/td><\/tr><\/tbody><\/table><\/figure>\n<\/div>\n\n\n\n<div id=\"wp-block-themeisle-blocks-advanced-column-a4badc5d\" class=\"wp-block-themeisle-blocks-advanced-column\">\n<figure class=\"wp-block-table is-style-stripes\" style=\"margin-right:var(--wp--preset--spacing--10);margin-left:var(--wp--preset--spacing--10)\"><table><tbody><tr><td>Gatos adultos (5 a\u00f1os \u2013 11 a\u00f1os)<\/td><td class=\"has-text-align-right\" data-align=\"right\">$100<\/td><\/tr><tr><td>Segundo gato adulto<\/td><td class=\"has-text-align-right\" data-align=\"right\">$50<\/td><\/tr><tr><td>Gatos mayores (11 a\u00f1os o m\u00e1s)<\/td><td class=\"has-text-align-right\" data-align=\"right\">$50<\/td><\/tr><tr><td>Segundo gato mayor<\/td><td class=\"has-text-align-right\" data-align=\"right\">$25<\/td><\/tr><\/tbody><\/table><\/figure>\n<\/div>\n<\/div><\/div>\n\n\n\n<h3 class=\"wp-block-heading has-text-align-center\" style=\"margin-top:var(--wp--preset--spacing--10)\">Cosas que debes saber <a href=\"https:\/\/cchumane.org\/es\/adopt\/before-you-adopt-an-animal\/\">Antes de adoptar<\/a><\/h3>\n\n\n\n<div class=\"wp-block-columns is-layout-flex wp-container-core-columns-is-layout-28f84493 wp-block-columns-is-layout-flex\">\n<div class=\"wp-block-column ticss-54a0f4e3 is-layout-flow wp-block-column-is-layout-flow\">\n<div class=\"wp-block-cover is-light ticss-099582f8\" style=\"min-height:250px;aspect-ratio:unset;\"><span aria-hidden=\"true\" class=\"wp-block-cover__background has-white-background-color has-background-dim-30 has-background-dim\"><\/span><img loading=\"lazy\" decoding=\"async\" width=\"400\" height=\"250\" class=\"wp-block-cover__image-background wp-image-19098\" alt=\"kitties looking up\" src=\"https:\/\/cchumane.org\/wp-content\/uploads\/400_250but_cats_adopt.webp\" style=\"object-position:50% 38%\" data-object-fit=\"cover\" data-object-position=\"50% 38%\" srcset=\"https:\/\/cchumane.org\/wp-content\/uploads\/400_250but_cats_adopt.webp 400w, https:\/\/cchumane.org\/wp-content\/uploads\/400_250but_cats_adopt-300x188.webp 300w\" sizes=\"auto, (max-width: 400px) 100vw, 400px\" \/><div class=\"wp-block-cover__inner-container is-layout-flow wp-block-cover-is-layout-flow\">\n<div class=\"wp-block-buttons is-content-justification-center is-layout-flex wp-container-core-buttons-is-layout-c9c739d2 wp-block-buttons-is-layout-flex\" style=\"margin-top:var(--wp--preset--spacing--50)\">\n<div class=\"wp-block-button has-custom-font-size\" style=\"font-size:clamp(0.875rem, 0.875rem + ((1vw - 0.2rem) * 0.542), 1.2rem);letter-spacing:0.05rem\"><a class=\"wp-block-button__link wp-element-button\" href=\"https:\/\/cchumane.org\/es\/adopt\/adoptable-cats\/\" style=\"padding-top:0.5rem;padding-right:1.2rem;padding-bottom:0.5rem;padding-left:1.2rem\">Gatos y gatitos<\/a><\/div>\n<\/div>\n<\/div><\/div>\n<\/div>\n\n\n\n<div class=\"wp-block-column is-vertically-aligned-top ticss-ef8e83c6 is-layout-flow wp-block-column-is-layout-flow\">\n<div class=\"wp-block-cover is-light ticss-6f42bf36\" style=\"min-height:250px;aspect-ratio:unset;\"><span aria-hidden=\"true\" class=\"wp-block-cover__background has-white-background-color has-background-dim-30 has-background-dim\"><\/span><img loading=\"lazy\" decoding=\"async\" width=\"400\" height=\"250\" class=\"wp-block-cover__image-background wp-image-19124\" alt=\"dogs happy\" src=\"https:\/\/cchumane.org\/wp-content\/uploads\/400_250but_adoptdogs.webp\" style=\"object-position:49% 39%\" data-object-fit=\"cover\" data-object-position=\"49% 39%\" srcset=\"https:\/\/cchumane.org\/wp-content\/uploads\/400_250but_adoptdogs.webp 400w, https:\/\/cchumane.org\/wp-content\/uploads\/400_250but_adoptdogs-300x188.webp 300w\" sizes=\"auto, (max-width: 400px) 100vw, 400px\" \/><div class=\"wp-block-cover__inner-container is-layout-flow wp-block-cover-is-layout-flow\">\n<div class=\"wp-block-buttons is-content-justification-center is-layout-flex wp-container-core-buttons-is-layout-bb659de6 wp-block-buttons-is-layout-flex\" style=\"margin-top:var(--wp--preset--spacing--50)\">\n<div class=\"wp-block-button has-custom-font-size\" style=\"font-size:clamp(0.875rem, 0.875rem + ((1vw - 0.2rem) * 0.542), 1.2rem);letter-spacing:0.05rem\"><a class=\"wp-block-button__link wp-element-button\" href=\"https:\/\/cchumane.org\/es\/adopt\/dogs-and-puppies\/\" style=\"padding-top:0.5rem;padding-right:1.2rem;padding-bottom:0.5rem;padding-left:1.2rem\">Perros y cachorros<\/a><\/div>\n<\/div>\n<\/div><\/div>\n<\/div>\n<\/div>","protected":false},"excerpt":{"rendered":"<p>Helping you find the perfect pet All adoption applications are reviewed based on the order in which they are received.&nbsp; Some animals prove to be quite popular, so if multiple applications arrive within a 24-hour period, we will review applications based on the order in which they arrive and then assess compatibility based on the [&hellip;]<\/p>\n","protected":false},"author":7650,"featured_media":0,"parent":0,"menu_order":4,"comment_status":"closed","ping_status":"closed","template":"wp-custom-template-page-with-promo-above-footer","meta":{"_acf_changed":false,"_themeisle_gutenberg_block_has_review":false,"footnotes":""},"class_list":["post-33","page","type-page","status-publish","hentry"],"acf":[],"yoast_head":"<!-- This site is optimized with the Yoast SEO plugin v27.2 - https:\/\/yoast.com\/product\/yoast-seo-wordpress\/ -->\n<title>Adopt - Contra Costa Humane Society<\/title>\n<meta name=\"description\" content=\"We help you find your next family member and want to ensure that that animal is a good fit for your home, lifestyle and other family members.\" \/>\n<meta name=\"robots\" content=\"index, follow, max-snippet:-1, max-image-preview:large, max-video-preview:-1\" \/>\n<link rel=\"canonical\" href=\"https:\/\/cchumane.org\/es\/adopt\/\" \/>\n<meta property=\"og:locale\" content=\"es_MX\" \/>\n<meta property=\"og:type\" content=\"article\" \/>\n<meta property=\"og:title\" content=\"Adopt - Contra Costa Humane Society\" \/>\n<meta property=\"og:description\" content=\"We help you find your next family member and want to ensure that that animal is a good fit for your home, lifestyle and other family members.\" \/>\n<meta property=\"og:url\" content=\"https:\/\/cchumane.org\/es\/adopt\/\" \/>\n<meta property=\"og:site_name\" content=\"Contra Costa Humane Society\" \/>\n<meta property=\"article:publisher\" content=\"https:\/\/www.facebook.com\/ContraCostaHumaneSociety\/\" \/>\n<meta property=\"article:modified_time\" content=\"2026-01-09T15:04:31+00:00\" \/>\n<meta property=\"og:image\" content=\"https:\/\/cchumane.org\/wp-content\/uploads\/inner_base_paws_cat.webp\" \/>\n\t<meta property=\"og:image:width\" content=\"1420\" \/>\n\t<meta property=\"og:image:height\" content=\"400\" \/>\n\t<meta property=\"og:image:type\" content=\"image\/webp\" \/>\n<meta name=\"twitter:card\" content=\"summary_large_image\" \/>\n<meta name=\"twitter:site\" content=\"@cchumane\" \/>\n<meta name=\"twitter:label1\" content=\"Tiempo de lectura\" \/>\n\t<meta name=\"twitter:data1\" content=\"2 minutos\" \/>\n<script type=\"application\/ld+json\" class=\"yoast-schema-graph\">{\"@context\":\"https:\/\/schema.org\",\"@graph\":[{\"@type\":\"WebPage\",\"@id\":\"https:\/\/cchumane.org\/adopt\/\",\"url\":\"https:\/\/cchumane.org\/adopt\/\",\"name\":\"Adopt - Contra Costa Humane Society\",\"isPartOf\":{\"@id\":\"https:\/\/cchumane.org\/#website\"},\"primaryImageOfPage\":{\"@id\":\"https:\/\/cchumane.org\/adopt\/#primaryimage\"},\"image\":{\"@id\":\"https:\/\/cchumane.org\/adopt\/#primaryimage\"},\"thumbnailUrl\":\"https:\/\/cchumane.org\/wp-content\/uploads\/inner_base_paws_cat-1024x288.webp\",\"datePublished\":\"2010-04-30T10:31:21+00:00\",\"dateModified\":\"2026-01-09T15:04:31+00:00\",\"description\":\"We help you find your next family member and want to ensure that that animal is a good fit for your home, lifestyle and other family members.\",\"breadcrumb\":{\"@id\":\"https:\/\/cchumane.org\/adopt\/#breadcrumb\"},\"inLanguage\":\"es\",\"potentialAction\":[{\"@type\":\"ReadAction\",\"target\":[\"https:\/\/cchumane.org\/adopt\/\"]}]},{\"@type\":\"ImageObject\",\"inLanguage\":\"es\",\"@id\":\"https:\/\/cchumane.org\/adopt\/#primaryimage\",\"url\":\"https:\/\/cchumane.org\/wp-content\/uploads\/inner_base_paws_cat-1024x288.webp\",\"contentUrl\":\"https:\/\/cchumane.org\/wp-content\/uploads\/inner_base_paws_cat-1024x288.webp\"},{\"@type\":\"BreadcrumbList\",\"@id\":\"https:\/\/cchumane.org\/adopt\/#breadcrumb\",\"itemListElement\":[{\"@type\":\"ListItem\",\"position\":1,\"name\":\"Home\",\"item\":\"https:\/\/cchumane.org\/\"},{\"@type\":\"ListItem\",\"position\":2,\"name\":\"Adopt\"}]},{\"@type\":\"WebSite\",\"@id\":\"https:\/\/cchumane.org\/#website\",\"url\":\"https:\/\/cchumane.org\/\",\"name\":\"Contra Costa Humane Society\",\"description\":\"Adopt. Connect. Support.\",\"publisher\":{\"@id\":\"https:\/\/cchumane.org\/#organization\"},\"potentialAction\":[{\"@type\":\"SearchAction\",\"target\":{\"@type\":\"EntryPoint\",\"urlTemplate\":\"https:\/\/cchumane.org\/?s={search_term_string}\"},\"query-input\":{\"@type\":\"PropertyValueSpecification\",\"valueRequired\":true,\"valueName\":\"search_term_string\"}}],\"inLanguage\":\"es\"},{\"@type\":\"Organization\",\"@id\":\"https:\/\/cchumane.org\/#organization\",\"name\":\"Contra Costa Humane Society\",\"url\":\"https:\/\/cchumane.org\/\",\"logo\":{\"@type\":\"ImageObject\",\"inLanguage\":\"es\",\"@id\":\"https:\/\/cchumane.org\/#\/schema\/logo\/image\/\",\"url\":\"https:\/\/cchumane.org\/wp-content\/uploads\/CCHS_logo_2line_rev_208px.webp\",\"contentUrl\":\"https:\/\/cchumane.org\/wp-content\/uploads\/CCHS_logo_2line_rev_208px.webp\",\"width\":208,\"height\":57,\"caption\":\"Contra Costa Humane Society\"},\"image\":{\"@id\":\"https:\/\/cchumane.org\/#\/schema\/logo\/image\/\"},\"sameAs\":[\"https:\/\/www.facebook.com\/ContraCostaHumaneSociety\/\",\"https:\/\/x.com\/cchumane\",\"https:\/\/www.instagram.com\/contracostahumanesociety\/\"]}]}<\/script>\n<!-- \/ Yoast SEO plugin. -->","yoast_head_json":{"title":"Adoptar - Sociedad Protectora de Animales de Contra Costa","description":"Le ayudamos a encontrar a su pr\u00f3ximo miembro de la familia y queremos asegurarnos de que ese animal sea adecuado para su hogar, estilo de vida y otros miembros de la familia.","robots":{"index":"index","follow":"follow","max-snippet":"max-snippet:-1","max-image-preview":"max-image-preview:large","max-video-preview":"max-video-preview:-1"},"canonical":"https:\/\/cchumane.org\/es\/adopt\/","og_locale":"es_MX","og_type":"article","og_title":"Adopt - Contra Costa Humane Society","og_description":"We help you find your next family member and want to ensure that that animal is a good fit for your home, lifestyle and other family members.","og_url":"https:\/\/cchumane.org\/es\/adopt\/","og_site_name":"Contra Costa Humane Society","article_publisher":"https:\/\/www.facebook.com\/ContraCostaHumaneSociety\/","article_modified_time":"2026-01-09T15:04:31+00:00","og_image":[{"width":1420,"height":400,"url":"https:\/\/cchumane.org\/wp-content\/uploads\/inner_base_paws_cat.webp","type":"image\/webp"}],"twitter_card":"summary_large_image","twitter_site":"@cchumane","twitter_misc":{"Tiempo de lectura":"2 minutos"},"schema":{"@context":"https:\/\/schema.org","@graph":[{"@type":"WebPage","@id":"https:\/\/cchumane.org\/adopt\/","url":"https:\/\/cchumane.org\/adopt\/","name":"Adoptar - Sociedad Protectora de Animales de Contra Costa","isPartOf":{"@id":"https:\/\/cchumane.org\/#website"},"primaryImageOfPage":{"@id":"https:\/\/cchumane.org\/adopt\/#primaryimage"},"image":{"@id":"https:\/\/cchumane.org\/adopt\/#primaryimage"},"thumbnailUrl":"https:\/\/cchumane.org\/wp-content\/uploads\/inner_base_paws_cat-1024x288.webp","datePublished":"2010-04-30T10:31:21+00:00","dateModified":"2026-01-09T15:04:31+00:00","description":"Le ayudamos a encontrar a su pr\u00f3ximo miembro de la familia y queremos asegurarnos de que ese animal sea adecuado para su hogar, estilo de vida y otros miembros de la familia.","breadcrumb":{"@id":"https:\/\/cchumane.org\/adopt\/#breadcrumb"},"inLanguage":"es","potentialAction":[{"@type":"ReadAction","target":["https:\/\/cchumane.org\/adopt\/"]}]},{"@type":"ImageObject","inLanguage":"es","@id":"https:\/\/cchumane.org\/adopt\/#primaryimage","url":"https:\/\/cchumane.org\/wp-content\/uploads\/inner_base_paws_cat-1024x288.webp","contentUrl":"https:\/\/cchumane.org\/wp-content\/uploads\/inner_base_paws_cat-1024x288.webp"},{"@type":"BreadcrumbList","@id":"https:\/\/cchumane.org\/adopt\/#breadcrumb","itemListElement":[{"@type":"ListItem","position":1,"name":"Home","item":"https:\/\/cchumane.org\/"},{"@type":"ListItem","position":2,"name":"Adopt"}]},{"@type":"WebSite","@id":"https:\/\/cchumane.org\/#website","url":"https:\/\/cchumane.org\/","name":"Contra Costa Humane Society","description":"Adoptar. Conectar. Apoyar.","publisher":{"@id":"https:\/\/cchumane.org\/#organization"},"potentialAction":[{"@type":"SearchAction","target":{"@type":"EntryPoint","urlTemplate":"https:\/\/cchumane.org\/?s={search_term_string}"},"query-input":{"@type":"PropertyValueSpecification","valueRequired":true,"valueName":"search_term_string"}}],"inLanguage":"es"},{"@type":"Organization","@id":"https:\/\/cchumane.org\/#organization","name":"Contra Costa Humane Society","url":"https:\/\/cchumane.org\/","logo":{"@type":"ImageObject","inLanguage":"es","@id":"https:\/\/cchumane.org\/#\/schema\/logo\/image\/","url":"https:\/\/cchumane.org\/wp-content\/uploads\/CCHS_logo_2line_rev_208px.webp","contentUrl":"https:\/\/cchumane.org\/wp-content\/uploads\/CCHS_logo_2line_rev_208px.webp","width":208,"height":57,"caption":"Contra Costa Humane Society"},"image":{"@id":"https:\/\/cchumane.org\/#\/schema\/logo\/image\/"},"sameAs":["https:\/\/www.facebook.com\/ContraCostaHumaneSociety\/","https:\/\/x.com\/cchumane","https:\/\/www.instagram.com\/contracostahumanesociety\/"]}]}},"rttpg_featured_image_url":null,"rttpg_author":{"display_name":"BirdieHershel","author_link":"https:\/\/cchumane.org\/es\/author\/juicybitta_9\/"},"rttpg_comment":0,"rttpg_category":null,"rttpg_excerpt":"Helping you find the perfect pet All adoption applications are reviewed based on the order in which they are received.&nbsp; Some animals prove to be quite popular, so if multiple applications arrive within a 24-hour period, we will review applications based on the order in which they arrive and then assess compatibility based on the&hellip;","_links":{"self":[{"href":"https:\/\/cchumane.org\/es\/wp-json\/wp\/v2\/pages\/33","targetHints":{"allow":["GET"]}}],"collection":[{"href":"https:\/\/cchumane.org\/es\/wp-json\/wp\/v2\/pages"}],"about":[{"href":"https:\/\/cchumane.org\/es\/wp-json\/wp\/v2\/types\/page"}],"author":[{"embeddable":true,"href":"https:\/\/cchumane.org\/es\/wp-json\/wp\/v2\/users\/7650"}],"replies":[{"embeddable":true,"href":"https:\/\/cchumane.org\/es\/wp-json\/wp\/v2\/comments?post=33"}],"version-history":[{"count":7,"href":"https:\/\/cchumane.org\/es\/wp-json\/wp\/v2\/pages\/33\/revisions"}],"predecessor-version":[{"id":24644,"href":"https:\/\/cchumane.org\/es\/wp-json\/wp\/v2\/pages\/33\/revisions\/24644"}],"wp:attachment":[{"href":"https:\/\/cchumane.org\/es\/wp-json\/wp\/v2\/media?parent=33"}],"curies":[{"name":"gracias","href":"https:\/\/api.w.org\/{rel}","templated":true}]}}