{"id":21533,"date":"2024-06-25T11:07:57","date_gmt":"2024-06-25T18:07:57","guid":{"rendered":"https:\/\/cchumane.org\/?page_id=21533"},"modified":"2024-07-08T10:44:57","modified_gmt":"2024-07-08T17:44:57","slug":"privacy-policy","status":"publish","type":"page","link":"https:\/\/cchumane.org\/es\/privacy-policy\/","title":{"rendered":"Pol\u00edtica de Privacidad"},"content":{"rendered":"<div style=\"height:70px\" aria-hidden=\"true\" class=\"wp-block-spacer\"><\/div>\n\n\n<h1 style=\"font-size:clamp(1.502rem, 1.502rem + ((1vw - 0.2rem) * 1.663), 2.5rem);\" class=\"wp-block-post-title\">Pol\u00edtica de Privacidad<\/h1>\n\n\n<p><br>\u00daltima actualizaci\u00f3n el 25 de junio de 2024<br>Fecha de entrada en vigor: 25 de junio de 2024<\/p>\n\n\n\n<p>Esta Pol\u00edtica de privacidad describe las pol\u00edticas de Contra Costa Humane Society, 3341 Vincent Road, Pleasant Hill, California 94523, Estados Unidos de Am\u00e9rica (el), correo electr\u00f3nico: info@cchumane.org, tel\u00e9fono: 925-279-2247 sobre la recopilaci\u00f3n, el uso y la divulgaci\u00f3n de su informaci\u00f3n que recopilamos cuando utiliza nuestro sitio web (https:\/\/cchumane.org). (el &quot;Servicio&quot;). Al acceder o utilizar el Servicio, usted da su consentimiento para la recopilaci\u00f3n, el uso y la divulgaci\u00f3n de su informaci\u00f3n de acuerdo con esta Pol\u00edtica de privacidad. Si no da su consentimiento, no acceda ni utilice el Servicio.<\/p>\n\n\n\n<p>Podemos modificar esta Pol\u00edtica de privacidad en cualquier momento sin previo aviso y publicaremos la Pol\u00edtica de privacidad revisada en el Servicio. La Pol\u00edtica revisada entrar\u00e1 en vigor 180 d\u00edas despu\u00e9s de su publicaci\u00f3n en el Servicio y su acceso o uso continuo del Servicio despu\u00e9s de ese tiempo constituir\u00e1 su aceptaci\u00f3n de la Pol\u00edtica de privacidad revisada. Por lo tanto, le recomendamos que revise peri\u00f3dicamente esta p\u00e1gina.<\/p>\n\n\n\n<p><strong>C\u00f3mo utilizamos su informaci\u00f3n:<\/strong><\/p>\n\n\n\n<p>Utilizaremos la informaci\u00f3n que recopilemos sobre usted para los siguientes fines:<\/p>\n\n\n\n<ul class=\"wp-block-list\">\n<li>Marketing\/Promoci\u00f3n<\/li>\n\n\n\n<li>Informaci\u00f3n de administraci\u00f3n<\/li>\n\n\n\n<li>Protecci\u00f3n del sitio<\/li>\n<\/ul>\n\n\n\n<p>Si deseamos utilizar su informaci\u00f3n para cualquier otro prop\u00f3sito, le solicitaremos su consentimiento y utilizaremos su informaci\u00f3n solo despu\u00e9s de recibir su consentimiento y, luego, solo para los fines para los cuales otorg\u00f3 el consentimiento, a menos que la ley nos obligue a hacer lo contrario.<\/p>\n\n\n\n<p><strong>C\u00f3mo compartimos su informaci\u00f3n:<\/strong><\/p>\n\n\n\n<p>No transferiremos su informaci\u00f3n personal a ning\u00fan tercero sin solicitar su consentimiento, excepto en circunstancias limitadas como se describe a continuaci\u00f3n:<\/p>\n\n\n\n<ul class=\"wp-block-list\">\n<li>Recopilaci\u00f3n y procesamiento de datos<\/li>\n<\/ul>\n\n\n\n<p>Requerimos que dichos terceros utilicen la informaci\u00f3n personal que les transferimos solo para el prop\u00f3sito para el cual fue transferida y no la retengan por m\u00e1s tiempo del necesario para cumplir dicho prop\u00f3sito.<\/p>\n\n\n\n<p>Tambi\u00e9n podemos divulgar su informaci\u00f3n personal para lo siguiente: (1) para cumplir con la ley, la reglamentaci\u00f3n, la orden judicial u otro proceso legal aplicable; (2) para hacer cumplir sus acuerdos con nosotros, incluida esta Pol\u00edtica de privacidad; o (3) para responder a reclamos de que su uso del Servicio viola los derechos de terceros. Si el Servicio o nuestra empresa se fusionan o se adquieren con otra empresa, su informaci\u00f3n ser\u00e1 uno de los activos que se transfieren al nuevo propietario.<\/p>\n\n\n\n<p><strong>Sus derechos:<\/strong><\/p>\n\n\n\n<p>Dependiendo de la ley aplicable, usted puede tener derecho a acceder, rectificar o borrar sus datos personales o recibir una copia de sus datos personales, restringir u oponerse al procesamiento activo de sus datos, solicitarnos que compartamos (transfiramos) su informaci\u00f3n personal a otra entidad, retirar cualquier consentimiento que nos haya proporcionado para procesar sus datos, derecho a presentar una queja ante una autoridad legal y otros derechos que puedan ser relevantes seg\u00fan las leyes aplicables. Para ejercer estos derechos, puede escribirnos a info@cchumane.org. Responderemos a su solicitud de acuerdo con la ley aplicable.<\/p>\n\n\n\n<p>Tenga en cuenta que si no nos permite recopilar o procesar la informaci\u00f3n personal requerida o retira el consentimiento para procesarla para los fines requeridos, es posible que no pueda acceder ni utilizar los servicios para los que se solicit\u00f3 su informaci\u00f3n.<\/p>\n\n\n\n<p><strong>Galletas Etc.<\/strong><\/p>\n\n\n\n<p>Para obtener m\u00e1s informaci\u00f3n sobre c\u00f3mo las utilizamos y sus opciones en relaci\u00f3n con estas tecnolog\u00edas de seguimiento, consulte nuestra Pol\u00edtica de cookies.<\/p>\n\n\n\n<p><strong>Seguridad:<\/strong><\/p>\n\n\n\n<p>La seguridad de su informaci\u00f3n es importante para nosotros y utilizaremos medidas de seguridad razonables para evitar la p\u00e9rdida, el uso indebido o la alteraci\u00f3n no autorizada de la informaci\u00f3n que se encuentra bajo nuestro control. Sin embargo, dados los riesgos inherentes, no podemos garantizar la seguridad absoluta y, en consecuencia, no podemos asegurar ni garantizar la seguridad de la informaci\u00f3n que nos transmita y lo hace por su cuenta y riesgo.<\/p>\n\n\n\n<p><strong>Enlaces de terceros y uso de su informaci\u00f3n:<\/strong><\/p>\n\n\n\n<p>Nuestro Servicio puede contener enlaces a otros sitios web que no son operados por nosotros. Esta Pol\u00edtica de privacidad no aborda la pol\u00edtica de privacidad ni otras pr\u00e1cticas de terceros, incluidos los terceros que operan sitios web o servicios a los que se puede acceder a trav\u00e9s de un enlace en el Servicio. Le recomendamos encarecidamente que revise la pol\u00edtica de privacidad de todos los sitios que visite. No tenemos control ni asumimos ninguna responsabilidad por el contenido, las pol\u00edticas de privacidad o las pr\u00e1cticas de sitios o servicios de terceros.<\/p>\n\n\n\n<p><strong>Delegado de Quejas \/ Protecci\u00f3n de Datos:<\/strong><\/p>\n\n\n\n<p>Si tiene alguna pregunta o inquietud sobre el procesamiento de su informaci\u00f3n que est\u00e1 disponible en nuestro sitio web, puede enviar un correo electr\u00f3nico a nuestro Oficial de Quejas en Contra Costa Humane Society, 3341 Vincent Road, Pleasant Hill, correo electr\u00f3nico: info@cchumane.org. Abordaremos sus inquietudes de acuerdo con la ley aplicable.<\/p>\n\n\n\n<p><br><\/p>","protected":false},"excerpt":{"rendered":"<p>Last Updated On 25-Jun-2024Effective Date 25-Jun-2024 This Privacy Policy describes the policies of Contra Costa Humane Society, 3341 Vincent Road, Pleasant Hill, California 94523, United States of America (the), email: info@cchumane.org, phone: 925-279-2247 on the collection, use and disclosure of your information that we collect when you use our website ( https:\/\/cchumane.org ). (the \u201cService\u201d). [&hellip;]<\/p>\n","protected":false},"author":7650,"featured_media":0,"parent":0,"menu_order":0,"comment_status":"closed","ping_status":"closed","template":"","meta":{"_acf_changed":false,"_themeisle_gutenberg_block_has_review":false,"footnotes":""},"class_list":["post-21533","page","type-page","status-publish","hentry"],"acf":[],"yoast_head":"<!-- This site is optimized with the Yoast SEO plugin v27.3 - https:\/\/yoast.com\/product\/yoast-seo-wordpress\/ -->\n<title>Privacy Policy - Contra Costa Humane Society<\/title>\n<meta name=\"description\" content=\"Policies of Contra Costa Humane Society on the collection, use and disclosure of your information that we collect when you use our website.\" \/>\n<meta name=\"robots\" content=\"index, follow, max-snippet:-1, max-image-preview:large, max-video-preview:-1\" \/>\n<link rel=\"canonical\" href=\"https:\/\/cchumane.org\/es\/privacy-policy\/\" \/>\n<meta property=\"og:locale\" content=\"es_MX\" \/>\n<meta property=\"og:type\" content=\"article\" \/>\n<meta property=\"og:title\" content=\"Privacy Policy - Contra Costa Humane Society\" \/>\n<meta property=\"og:description\" content=\"Policies of Contra Costa Humane Society on the collection, use and disclosure of your information that we collect when you use our website.\" \/>\n<meta property=\"og:url\" content=\"https:\/\/cchumane.org\/es\/privacy-policy\/\" \/>\n<meta property=\"og:site_name\" content=\"Contra Costa Humane Society\" \/>\n<meta property=\"article:publisher\" content=\"https:\/\/www.facebook.com\/ContraCostaHumaneSociety\/\" \/>\n<meta property=\"article:modified_time\" content=\"2024-07-08T17:44:57+00:00\" \/>\n<meta name=\"twitter:card\" content=\"summary_large_image\" \/>\n<meta name=\"twitter:site\" content=\"@cchumane\" \/>\n<meta name=\"twitter:label1\" content=\"Tiempo de lectura\" \/>\n\t<meta name=\"twitter:data1\" content=\"4 minutos\" \/>\n<script type=\"application\/ld+json\" class=\"yoast-schema-graph\">{\"@context\":\"https:\\\/\\\/schema.org\",\"@graph\":[{\"@type\":\"WebPage\",\"@id\":\"https:\\\/\\\/cchumane.org\\\/privacy-policy\\\/\",\"url\":\"https:\\\/\\\/cchumane.org\\\/privacy-policy\\\/\",\"name\":\"Privacy Policy - Contra Costa Humane Society\",\"isPartOf\":{\"@id\":\"https:\\\/\\\/cchumane.org\\\/#website\"},\"datePublished\":\"2024-06-25T18:07:57+00:00\",\"dateModified\":\"2024-07-08T17:44:57+00:00\",\"description\":\"Policies of Contra Costa Humane Society on the collection, use and disclosure of your information that we collect when you use our website.\",\"breadcrumb\":{\"@id\":\"https:\\\/\\\/cchumane.org\\\/privacy-policy\\\/#breadcrumb\"},\"inLanguage\":\"es\",\"potentialAction\":[{\"@type\":\"ReadAction\",\"target\":[\"https:\\\/\\\/cchumane.org\\\/privacy-policy\\\/\"]}]},{\"@type\":\"BreadcrumbList\",\"@id\":\"https:\\\/\\\/cchumane.org\\\/privacy-policy\\\/#breadcrumb\",\"itemListElement\":[{\"@type\":\"ListItem\",\"position\":1,\"name\":\"Home\",\"item\":\"https:\\\/\\\/cchumane.org\\\/\"},{\"@type\":\"ListItem\",\"position\":2,\"name\":\"Privacy Policy\"}]},{\"@type\":\"WebSite\",\"@id\":\"https:\\\/\\\/cchumane.org\\\/#website\",\"url\":\"https:\\\/\\\/cchumane.org\\\/\",\"name\":\"Contra Costa Humane Society\",\"description\":\"Adopt. Connect. Support.\",\"publisher\":{\"@id\":\"https:\\\/\\\/cchumane.org\\\/#organization\"},\"potentialAction\":[{\"@type\":\"SearchAction\",\"target\":{\"@type\":\"EntryPoint\",\"urlTemplate\":\"https:\\\/\\\/cchumane.org\\\/?s={search_term_string}\"},\"query-input\":{\"@type\":\"PropertyValueSpecification\",\"valueRequired\":true,\"valueName\":\"search_term_string\"}}],\"inLanguage\":\"es\"},{\"@type\":\"Organization\",\"@id\":\"https:\\\/\\\/cchumane.org\\\/#organization\",\"name\":\"Contra Costa Humane Society\",\"url\":\"https:\\\/\\\/cchumane.org\\\/\",\"logo\":{\"@type\":\"ImageObject\",\"inLanguage\":\"es\",\"@id\":\"https:\\\/\\\/cchumane.org\\\/#\\\/schema\\\/logo\\\/image\\\/\",\"url\":\"https:\\\/\\\/cchumane.org\\\/wp-content\\\/uploads\\\/CCHS_logo_2line_rev_208px.webp\",\"contentUrl\":\"https:\\\/\\\/cchumane.org\\\/wp-content\\\/uploads\\\/CCHS_logo_2line_rev_208px.webp\",\"width\":208,\"height\":57,\"caption\":\"Contra Costa Humane Society\"},\"image\":{\"@id\":\"https:\\\/\\\/cchumane.org\\\/#\\\/schema\\\/logo\\\/image\\\/\"},\"sameAs\":[\"https:\\\/\\\/www.facebook.com\\\/ContraCostaHumaneSociety\\\/\",\"https:\\\/\\\/x.com\\\/cchumane\",\"https:\\\/\\\/www.instagram.com\\\/contracostahumanesociety\\\/\"]}]}<\/script>\n<!-- \/ Yoast SEO plugin. -->","yoast_head_json":{"title":"Pol\u00edtica de privacidad - Sociedad Protectora de Animales de Contra Costa","description":"Pol\u00edticas de Contra Costa Humane Society sobre la recopilaci\u00f3n, el uso y la divulgaci\u00f3n de su informaci\u00f3n que recopilamos cuando utiliza nuestro sitio web.","robots":{"index":"index","follow":"follow","max-snippet":"max-snippet:-1","max-image-preview":"max-image-preview:large","max-video-preview":"max-video-preview:-1"},"canonical":"https:\/\/cchumane.org\/es\/privacy-policy\/","og_locale":"es_MX","og_type":"article","og_title":"Privacy Policy - Contra Costa Humane Society","og_description":"Policies of Contra Costa Humane Society on the collection, use and disclosure of your information that we collect when you use our website.","og_url":"https:\/\/cchumane.org\/es\/privacy-policy\/","og_site_name":"Contra Costa Humane Society","article_publisher":"https:\/\/www.facebook.com\/ContraCostaHumaneSociety\/","article_modified_time":"2024-07-08T17:44:57+00:00","twitter_card":"summary_large_image","twitter_site":"@cchumane","twitter_misc":{"Tiempo de lectura":"4 minutos"},"schema":{"@context":"https:\/\/schema.org","@graph":[{"@type":"WebPage","@id":"https:\/\/cchumane.org\/privacy-policy\/","url":"https:\/\/cchumane.org\/privacy-policy\/","name":"Pol\u00edtica de privacidad - Sociedad Protectora de Animales de Contra Costa","isPartOf":{"@id":"https:\/\/cchumane.org\/#website"},"datePublished":"2024-06-25T18:07:57+00:00","dateModified":"2024-07-08T17:44:57+00:00","description":"Pol\u00edticas de Contra Costa Humane Society sobre la recopilaci\u00f3n, el uso y la divulgaci\u00f3n de su informaci\u00f3n que recopilamos cuando utiliza nuestro sitio web.","breadcrumb":{"@id":"https:\/\/cchumane.org\/privacy-policy\/#breadcrumb"},"inLanguage":"es","potentialAction":[{"@type":"ReadAction","target":["https:\/\/cchumane.org\/privacy-policy\/"]}]},{"@type":"BreadcrumbList","@id":"https:\/\/cchumane.org\/privacy-policy\/#breadcrumb","itemListElement":[{"@type":"ListItem","position":1,"name":"Home","item":"https:\/\/cchumane.org\/"},{"@type":"ListItem","position":2,"name":"Privacy Policy"}]},{"@type":"WebSite","@id":"https:\/\/cchumane.org\/#website","url":"https:\/\/cchumane.org\/","name":"Contra Costa Humane Society","description":"Adoptar. Conectar. Apoyar.","publisher":{"@id":"https:\/\/cchumane.org\/#organization"},"potentialAction":[{"@type":"SearchAction","target":{"@type":"EntryPoint","urlTemplate":"https:\/\/cchumane.org\/?s={search_term_string}"},"query-input":{"@type":"PropertyValueSpecification","valueRequired":true,"valueName":"search_term_string"}}],"inLanguage":"es"},{"@type":"Organization","@id":"https:\/\/cchumane.org\/#organization","name":"Contra Costa Humane Society","url":"https:\/\/cchumane.org\/","logo":{"@type":"ImageObject","inLanguage":"es","@id":"https:\/\/cchumane.org\/#\/schema\/logo\/image\/","url":"https:\/\/cchumane.org\/wp-content\/uploads\/CCHS_logo_2line_rev_208px.webp","contentUrl":"https:\/\/cchumane.org\/wp-content\/uploads\/CCHS_logo_2line_rev_208px.webp","width":208,"height":57,"caption":"Contra Costa Humane Society"},"image":{"@id":"https:\/\/cchumane.org\/#\/schema\/logo\/image\/"},"sameAs":["https:\/\/www.facebook.com\/ContraCostaHumaneSociety\/","https:\/\/x.com\/cchumane","https:\/\/www.instagram.com\/contracostahumanesociety\/"]}]}},"rttpg_featured_image_url":null,"rttpg_author":{"display_name":"BirdieHershel","author_link":"https:\/\/cchumane.org\/es\/author\/juicybitta_9\/"},"rttpg_comment":0,"rttpg_category":null,"rttpg_excerpt":"Last Updated On 25-Jun-2024Effective Date 25-Jun-2024 This Privacy Policy describes the policies of Contra Costa Humane Society, 3341 Vincent Road, Pleasant Hill, California 94523, United States of America (the), email: info@cchumane.org, phone: 925-279-2247 on the collection, use and disclosure of your information that we collect when you use our website ( https:\/\/cchumane.org ). (the \u201cService\u201d).&hellip;","_links":{"self":[{"href":"https:\/\/cchumane.org\/es\/wp-json\/wp\/v2\/pages\/21533","targetHints":{"allow":["GET"]}}],"collection":[{"href":"https:\/\/cchumane.org\/es\/wp-json\/wp\/v2\/pages"}],"about":[{"href":"https:\/\/cchumane.org\/es\/wp-json\/wp\/v2\/types\/page"}],"author":[{"embeddable":true,"href":"https:\/\/cchumane.org\/es\/wp-json\/wp\/v2\/users\/7650"}],"replies":[{"embeddable":true,"href":"https:\/\/cchumane.org\/es\/wp-json\/wp\/v2\/comments?post=21533"}],"version-history":[{"count":0,"href":"https:\/\/cchumane.org\/es\/wp-json\/wp\/v2\/pages\/21533\/revisions"}],"wp:attachment":[{"href":"https:\/\/cchumane.org\/es\/wp-json\/wp\/v2\/media?parent=21533"}],"curies":[{"name":"gracias","href":"https:\/\/api.w.org\/{rel}","templated":true}]}}