{"id":19666,"date":"2024-04-10T13:47:46","date_gmt":"2024-04-10T20:47:46","guid":{"rendered":"https:\/\/cchumane.org\/?page_id=19666"},"modified":"2025-02-03T18:57:43","modified_gmt":"2025-02-04T02:57:43","slug":"cat-program","status":"publish","type":"page","link":"https:\/\/cchumane.org\/es\/programs\/cat-program\/","title":{"rendered":"Programa de gatos y gatitos"},"content":{"rendered":"<div class=\"wp-block-group alignfull has-global-padding is-layout-constrained wp-block-group-is-layout-constrained\" id=\"page-title-box\">\n<div class=\"wp-block-group alignfull has-global-padding is-layout-constrained wp-block-group-is-layout-constrained\">\n<div class=\"wp-block-cover alignfull is-light\" style=\"min-height:340px;aspect-ratio:unset;\"><span aria-hidden=\"true\" class=\"wp-block-cover__background has-background-dim-0 has-background-dim\" style=\"background-color:#8e8a86\"><\/span><img loading=\"lazy\" decoding=\"async\" width=\"1420\" height=\"400\" class=\"wp-block-cover__image-background wp-image-21204\" alt=\"black cat resting on volunteer leg\" src=\"https:\/\/cchumane.org\/wp-content\/uploads\/inner_cats_kittens.webp\" data-object-fit=\"cover\" srcset=\"https:\/\/cchumane.org\/wp-content\/uploads\/inner_cats_kittens.webp 1420w, https:\/\/cchumane.org\/wp-content\/uploads\/inner_cats_kittens-300x85.webp 300w, https:\/\/cchumane.org\/wp-content\/uploads\/inner_cats_kittens-1024x288.webp 1024w, https:\/\/cchumane.org\/wp-content\/uploads\/inner_cats_kittens-768x216.webp 768w, https:\/\/cchumane.org\/wp-content\/uploads\/inner_cats_kittens-350x100.webp 350w\" sizes=\"auto, (max-width: 1420px) 100vw, 1420px\" \/><div class=\"wp-block-cover__inner-container is-layout-flow wp-block-cover-is-layout-flow\">\n<div class=\"wp-block-group has-global-padding is-layout-constrained wp-block-group-is-layout-constrained\">\n<div class=\"wp-block-group alignfull is-content-justification-center is-nowrap is-layout-flex wp-container-core-group-is-layout-1769166a wp-block-group-is-layout-flex\" style=\"border-style:none;border-width:0px;padding-top:0;padding-bottom:0\">\n<div class=\"wp-block-group has-border-color has-global-padding is-layout-constrained wp-block-group-is-layout-constrained\" style=\"border-color:#ffffff;border-width:2px\"><h1 style=\"color:#fffefe; padding-top:var(--wp--preset--spacing--10);padding-bottom:var(--wp--preset--spacing--10);padding-left:var(--wp--preset--spacing--10);padding-right:var(--wp--preset--spacing--10);\" class=\"has-text-align-center has-link-color wp-elements-db873da11665eb77ed92054808e79281 wp-block-post-title has-text-color has-large-font-size\">Programa de gatos y gatitos<\/h1><\/div>\n<\/div>\n<\/div>\n<\/div><\/div>\n<\/div>\n<\/div>\n\n\n\n<div id=\"wp-block-themeisle-blocks-advanced-columns-71b642c5\" class=\"wp-block-themeisle-blocks-advanced-columns has-2-columns has-desktop-equal-layout has-tablet-equal-layout has-mobile-collapsedRows-layout has-vertical-center\"><div class=\"wp-block-themeisle-blocks-advanced-columns-overlay\"><\/div><div class=\"innerblocks-wrap\">\n<div id=\"wp-block-themeisle-blocks-advanced-column-756490f6\" class=\"wp-block-themeisle-blocks-advanced-column\">\n<p class=\"ticss-01287b61\" style=\"font-size:clamp(0.901rem, 0.901rem + ((1vw - 0.2rem) * 0.748), 1.35rem);\">CCHS apoya a gatos y gatitos de todas las edades a trav\u00e9s de una variedad de oportunidades de crianza, asociaci\u00f3n con Contra Costa Animal Services (CCAS) y <a href=\"https:\/\/cchumane.org\/es\/about-us\/#KittyCorner\">Rinc\u00f3n de los gatitos<\/a> \u2014 nuestra zona de libre circulaci\u00f3n representa un entorno hogare\u00f1o donde los posibles adoptantes pueden pasar tiempo con los gatos y gatitos en un ambiente relajado. Nuestros felinos tienen un hogar con nosotros en nuestro entorno Kitty Corner hasta que se encuentre la familia adecuada.&nbsp;<\/p>\n<\/div>\n\n\n\n<div id=\"wp-block-themeisle-blocks-advanced-column-0b62db51\" class=\"wp-block-themeisle-blocks-advanced-column\">\n<figure class=\"wp-block-image size-full\"><img loading=\"lazy\" decoding=\"async\" width=\"450\" height=\"450\" src=\"https:\/\/cchumane.org\/wp-content\/uploads\/450sq_Kitty_Corner.webp\" alt=\"Kitty Corner free roaming cats and toys\" class=\"wp-image-19097\" srcset=\"https:\/\/cchumane.org\/wp-content\/uploads\/450sq_Kitty_Corner.webp 450w, https:\/\/cchumane.org\/wp-content\/uploads\/450sq_Kitty_Corner-300x300.webp 300w, https:\/\/cchumane.org\/wp-content\/uploads\/450sq_Kitty_Corner-150x150.webp 150w\" sizes=\"auto, (max-width: 450px) 100vw, 450px\" \/><\/figure>\n<\/div>\n<\/div><\/div>\n\n\n\n<hr class=\"wp-block-separator has-alpha-channel-opacity\"\/>\n\n\n\n<p>Los gatos y los gatitos tienen necesidades diferentes seg\u00fan la edad, la salud y los niveles sociales. Estamos comprometidos a eliminar la eutanasia viable para gatitos y estamos orgullosos de ser parte de la <a href=\"https:\/\/bestfriends.org\/no-kill-2025\" target=\"_blank\" rel=\"noreferrer noopener nofollow\">Iniciativa \u201cNo Kill 2025\u201d de Best Friends Society<\/a>.&nbsp;&nbsp;&nbsp;<\/p>\n\n\n\n<ul style=\"padding-top:var(--wp--preset--spacing--20)\" class=\"wp-block-list add_marg\">\n<li><em><strong>Gatitos neonatos (de 0 d\u00edas a 5 semanas)<\/strong><\/em><strong><em> <\/em><\/strong>\u2014 Este grupo de edad de gatitos es el m\u00e1s cr\u00edtico para rescatar de los refugios, ya que necesitan atenci\u00f3n a tiempo completo, las 24 horas del d\u00eda. Reclutamos familias de acogida para apoyar a esta poblaci\u00f3n de gatitos en sus hogares y les brindamos capacitaci\u00f3n y suministros.&nbsp;<\/li>\n\n\n\n<li><strong><em>Gatitos destetados (5-12 semanas) <\/em><\/strong>\u2014 Este grupo de edad generalmente puede comer por s\u00ed solo, pero a\u00fan necesita la atenci\u00f3n de un hogar de acogida para garantizar un crecimiento saludable y la socializaci\u00f3n. Una vez que se completa la esterilizaci\u00f3n\/castraci\u00f3n (generalmente alrededor de las 10 a 12 semanas de edad), los gatitos se transfieren a Kitty Corner y quedan disponibles para su adopci\u00f3n.<\/li>\n<\/ul>\n\n\n\n<figure class=\"wp-block-image size-large\"><img loading=\"lazy\" decoding=\"async\" width=\"1024\" height=\"299\" src=\"https:\/\/cchumane.org\/wp-content\/uploads\/1200_300_cat_program-1024x299.webp\" alt=\"Young kittens\" class=\"wp-image-19690\" srcset=\"https:\/\/cchumane.org\/wp-content\/uploads\/1200_300_cat_program-1024x299.webp 1024w, https:\/\/cchumane.org\/wp-content\/uploads\/1200_300_cat_program-300x88.webp 300w, https:\/\/cchumane.org\/wp-content\/uploads\/1200_300_cat_program-768x224.webp 768w, https:\/\/cchumane.org\/wp-content\/uploads\/1200_300_cat_program.webp 1200w\" sizes=\"auto, (max-width: 1024px) 100vw, 1024px\" \/><\/figure>\n\n\n\n<ul style=\"padding-top:var(--wp--preset--spacing--20)\" class=\"wp-block-list add_marg\">\n<li><strong><em>Gatos adultos (seis meses y m\u00e1s)<\/em><\/strong> \u2014Estamos orgullosos de rescatar gatos adultos de distintas edades y asociarnos con CCAS para acoger a gatos que podr\u00edan estar qued\u00e1ndose sin tiempo y llevarlos a <a href=\"https:\/\/cchumane.org\/es\/about-us\/\" data-type=\"page\" data-id=\"101\">Rinc\u00f3n de los gatitos<\/a> Estar\u00e1 disponible a trav\u00e9s de nuestro programa de adopci\u00f3n y cuidado.&nbsp;<\/li>\n\n\n\n<li><strong><em>Gatos de hospicio <\/em><\/strong>\u2014 Kitty Corner es el hogar de aquellos gatos que necesitan vivir el resto de sus vidas con comodidad y amor mientras reciben tratamiento m\u00e9dico.<\/li>\n\n\n\n<li><strong><em>Gatos y gatitos con necesidades especiales <\/em><\/strong>\u2014 Las necesidades de salud de los animales no los excluyen de nuestro programa. Estamos preparados para brindarles a los animales la atenci\u00f3n m\u00e9dica que necesitan para vivir una vida larga y saludable. Obtenga m\u00e1s informaci\u00f3n sobre nuestros <a data-type=\"page\" data-id=\"6426\" href=\"https:\/\/cchumane.org\/es\/phinny-fund-for-emergency-medical-and-special-needs-animals\/\">Brindando apoyo para el bienestar animal<\/a> Fondo para estas situaciones especiales.<\/li>\n<\/ul>\n\n\n\n<p>No podemos hacer lo que hacemos por los gatos y los gatitos sin el apoyo de voluntarios. Obtenga m\u00e1s informaci\u00f3n sobre <a href=\"https:\/\/cchumane.org\/es\/volunteer\/foster\/\" data-type=\"page\" data-id=\"12271\">criado<\/a> y\/o <a href=\"https:\/\/cchumane.org\/es\/volunteer\/\" data-type=\"page\" data-id=\"57\">voluntariado<\/a> en Kitty Corner, entre otras oportunidades.<\/p>\n\n\n\n<h3 class=\"wp-block-heading has-text-align-center\" style=\"margin-top:var(--wp--preset--spacing--30);font-size:clamp(1.092rem, 1.092rem + ((1vw - 0.2rem) * 1.013), 1.7rem);\">Visita <a href=\"https:\/\/cchumane.org\/es\/adopt\/adoptable-cats\/\">do<\/a><a href=\"https:\/\/staging.cchumane.org\/adopt\/adoptable-cats\/\">ATS y gatitos<\/a> para obtener una lista completa de nuestros gatos adoptables.<\/h3>","protected":false},"excerpt":{"rendered":"<p>Cats and kittens all have different needs based on age, health and social levels. We are committed to eliminating viable kitten euthanasia and are proud to be a part of the Best Friends Society &#8220;No Kill 2025&#8221; initiative.&nbsp;&nbsp;&nbsp; We cannot do what we do for cats and kittens without supportive volunteers. Learn more about fostering [&hellip;]<\/p>\n","protected":false},"author":7650,"featured_media":19097,"parent":36,"menu_order":1,"comment_status":"closed","ping_status":"closed","template":"wp-custom-template-page-with-promo-footer-cat","meta":{"_acf_changed":false,"_themeisle_gutenberg_block_has_review":false,"footnotes":""},"class_list":["post-19666","page","type-page","status-publish","has-post-thumbnail","hentry"],"acf":[],"yoast_head":"<!-- This site is optimized with the Yoast SEO plugin v27.3 - https:\/\/yoast.com\/product\/yoast-seo-wordpress\/ -->\n<title>Cat and Kitten Program - Contra Costa Humane Society<\/title>\n<meta name=\"description\" content=\"We support cats and kittens of all ages in partnership with Contra Costa Animal Services (CCAS) and Kitty Corner, our free-roam area.\" \/>\n<meta name=\"robots\" content=\"index, follow, max-snippet:-1, max-image-preview:large, max-video-preview:-1\" \/>\n<link rel=\"canonical\" href=\"https:\/\/cchumane.org\/es\/programs\/cat-program\/\" \/>\n<meta property=\"og:locale\" content=\"es_MX\" \/>\n<meta property=\"og:type\" content=\"article\" \/>\n<meta property=\"og:title\" content=\"Cat and Kitten Program - Contra Costa Humane Society\" \/>\n<meta property=\"og:description\" content=\"We support cats and kittens of all ages in partnership with Contra Costa Animal Services (CCAS) and Kitty Corner, our free-roam area.\" \/>\n<meta property=\"og:url\" content=\"https:\/\/cchumane.org\/es\/programs\/cat-program\/\" \/>\n<meta property=\"og:site_name\" content=\"Contra Costa Humane Society\" \/>\n<meta property=\"article:publisher\" content=\"https:\/\/www.facebook.com\/ContraCostaHumaneSociety\/\" \/>\n<meta property=\"article:modified_time\" content=\"2025-02-04T02:57:43+00:00\" \/>\n<meta property=\"og:image\" content=\"https:\/\/cchumane.org\/wp-content\/uploads\/450sq_Kitty_Corner.webp\" \/>\n\t<meta property=\"og:image:width\" content=\"450\" \/>\n\t<meta property=\"og:image:height\" content=\"450\" \/>\n\t<meta property=\"og:image:type\" content=\"image\/webp\" \/>\n<meta name=\"twitter:card\" content=\"summary_large_image\" \/>\n<meta name=\"twitter:site\" content=\"@cchumane\" \/>\n<meta name=\"twitter:label1\" content=\"Tiempo de lectura\" \/>\n\t<meta name=\"twitter:data1\" content=\"3 minutos\" \/>\n<script type=\"application\/ld+json\" class=\"yoast-schema-graph\">{\"@context\":\"https:\\\/\\\/schema.org\",\"@graph\":[{\"@type\":\"WebPage\",\"@id\":\"https:\\\/\\\/cchumane.org\\\/programs\\\/cat-program\\\/\",\"url\":\"https:\\\/\\\/cchumane.org\\\/programs\\\/cat-program\\\/\",\"name\":\"Cat and Kitten Program - Contra Costa Humane Society\",\"isPartOf\":{\"@id\":\"https:\\\/\\\/cchumane.org\\\/#website\"},\"primaryImageOfPage\":{\"@id\":\"https:\\\/\\\/cchumane.org\\\/programs\\\/cat-program\\\/#primaryimage\"},\"image\":{\"@id\":\"https:\\\/\\\/cchumane.org\\\/programs\\\/cat-program\\\/#primaryimage\"},\"thumbnailUrl\":\"https:\\\/\\\/cchumane.org\\\/wp-content\\\/uploads\\\/450sq_Kitty_Corner.webp\",\"datePublished\":\"2024-04-10T20:47:46+00:00\",\"dateModified\":\"2025-02-04T02:57:43+00:00\",\"description\":\"We support cats and kittens of all ages in partnership with Contra Costa Animal Services (CCAS) and Kitty Corner, our free-roam area.\",\"breadcrumb\":{\"@id\":\"https:\\\/\\\/cchumane.org\\\/programs\\\/cat-program\\\/#breadcrumb\"},\"inLanguage\":\"es\",\"potentialAction\":[{\"@type\":\"ReadAction\",\"target\":[\"https:\\\/\\\/cchumane.org\\\/programs\\\/cat-program\\\/\"]}]},{\"@type\":\"ImageObject\",\"inLanguage\":\"es\",\"@id\":\"https:\\\/\\\/cchumane.org\\\/programs\\\/cat-program\\\/#primaryimage\",\"url\":\"https:\\\/\\\/cchumane.org\\\/wp-content\\\/uploads\\\/450sq_Kitty_Corner.webp\",\"contentUrl\":\"https:\\\/\\\/cchumane.org\\\/wp-content\\\/uploads\\\/450sq_Kitty_Corner.webp\",\"width\":450,\"height\":450,\"caption\":\"Kitty Corner free roaming cats and toys\"},{\"@type\":\"BreadcrumbList\",\"@id\":\"https:\\\/\\\/cchumane.org\\\/programs\\\/cat-program\\\/#breadcrumb\",\"itemListElement\":[{\"@type\":\"ListItem\",\"position\":1,\"name\":\"Home\",\"item\":\"https:\\\/\\\/cchumane.org\\\/\"},{\"@type\":\"ListItem\",\"position\":2,\"name\":\"Programs\",\"item\":\"https:\\\/\\\/cchumane.org\\\/programs\\\/\"},{\"@type\":\"ListItem\",\"position\":3,\"name\":\"Cat and Kitten Program\"}]},{\"@type\":\"WebSite\",\"@id\":\"https:\\\/\\\/cchumane.org\\\/#website\",\"url\":\"https:\\\/\\\/cchumane.org\\\/\",\"name\":\"Contra Costa Humane Society\",\"description\":\"Adopt. Connect. Support.\",\"publisher\":{\"@id\":\"https:\\\/\\\/cchumane.org\\\/#organization\"},\"potentialAction\":[{\"@type\":\"SearchAction\",\"target\":{\"@type\":\"EntryPoint\",\"urlTemplate\":\"https:\\\/\\\/cchumane.org\\\/?s={search_term_string}\"},\"query-input\":{\"@type\":\"PropertyValueSpecification\",\"valueRequired\":true,\"valueName\":\"search_term_string\"}}],\"inLanguage\":\"es\"},{\"@type\":\"Organization\",\"@id\":\"https:\\\/\\\/cchumane.org\\\/#organization\",\"name\":\"Contra Costa Humane Society\",\"url\":\"https:\\\/\\\/cchumane.org\\\/\",\"logo\":{\"@type\":\"ImageObject\",\"inLanguage\":\"es\",\"@id\":\"https:\\\/\\\/cchumane.org\\\/#\\\/schema\\\/logo\\\/image\\\/\",\"url\":\"https:\\\/\\\/cchumane.org\\\/wp-content\\\/uploads\\\/CCHS_logo_2line_rev_208px.webp\",\"contentUrl\":\"https:\\\/\\\/cchumane.org\\\/wp-content\\\/uploads\\\/CCHS_logo_2line_rev_208px.webp\",\"width\":208,\"height\":57,\"caption\":\"Contra Costa Humane Society\"},\"image\":{\"@id\":\"https:\\\/\\\/cchumane.org\\\/#\\\/schema\\\/logo\\\/image\\\/\"},\"sameAs\":[\"https:\\\/\\\/www.facebook.com\\\/ContraCostaHumaneSociety\\\/\",\"https:\\\/\\\/x.com\\\/cchumane\",\"https:\\\/\\\/www.instagram.com\\\/contracostahumanesociety\\\/\"]}]}<\/script>\n<!-- \/ Yoast SEO plugin. -->","yoast_head_json":{"title":"Programa de gatos y gatitos - Sociedad Protectora de Animales de Contra Costa","description":"Apoyamos a gatos y gatitos de todas las edades en asociaci\u00f3n con Contra Costa Animal Services (CCAS) y Kitty Corner, nuestra \u00e1rea de libre circulaci\u00f3n.","robots":{"index":"index","follow":"follow","max-snippet":"max-snippet:-1","max-image-preview":"max-image-preview:large","max-video-preview":"max-video-preview:-1"},"canonical":"https:\/\/cchumane.org\/es\/programs\/cat-program\/","og_locale":"es_MX","og_type":"article","og_title":"Cat and Kitten Program - Contra Costa Humane Society","og_description":"We support cats and kittens of all ages in partnership with Contra Costa Animal Services (CCAS) and Kitty Corner, our free-roam area.","og_url":"https:\/\/cchumane.org\/es\/programs\/cat-program\/","og_site_name":"Contra Costa Humane Society","article_publisher":"https:\/\/www.facebook.com\/ContraCostaHumaneSociety\/","article_modified_time":"2025-02-04T02:57:43+00:00","og_image":[{"width":450,"height":450,"url":"https:\/\/cchumane.org\/wp-content\/uploads\/450sq_Kitty_Corner.webp","type":"image\/webp"}],"twitter_card":"summary_large_image","twitter_site":"@cchumane","twitter_misc":{"Tiempo de lectura":"3 minutos"},"schema":{"@context":"https:\/\/schema.org","@graph":[{"@type":"WebPage","@id":"https:\/\/cchumane.org\/programs\/cat-program\/","url":"https:\/\/cchumane.org\/programs\/cat-program\/","name":"Programa de gatos y gatitos - Sociedad Protectora de Animales de Contra Costa","isPartOf":{"@id":"https:\/\/cchumane.org\/#website"},"primaryImageOfPage":{"@id":"https:\/\/cchumane.org\/programs\/cat-program\/#primaryimage"},"image":{"@id":"https:\/\/cchumane.org\/programs\/cat-program\/#primaryimage"},"thumbnailUrl":"https:\/\/cchumane.org\/wp-content\/uploads\/450sq_Kitty_Corner.webp","datePublished":"2024-04-10T20:47:46+00:00","dateModified":"2025-02-04T02:57:43+00:00","description":"Apoyamos a gatos y gatitos de todas las edades en asociaci\u00f3n con Contra Costa Animal Services (CCAS) y Kitty Corner, nuestra \u00e1rea de libre circulaci\u00f3n.","breadcrumb":{"@id":"https:\/\/cchumane.org\/programs\/cat-program\/#breadcrumb"},"inLanguage":"es","potentialAction":[{"@type":"ReadAction","target":["https:\/\/cchumane.org\/programs\/cat-program\/"]}]},{"@type":"ImageObject","inLanguage":"es","@id":"https:\/\/cchumane.org\/programs\/cat-program\/#primaryimage","url":"https:\/\/cchumane.org\/wp-content\/uploads\/450sq_Kitty_Corner.webp","contentUrl":"https:\/\/cchumane.org\/wp-content\/uploads\/450sq_Kitty_Corner.webp","width":450,"height":450,"caption":"Kitty Corner free roaming cats and toys"},{"@type":"BreadcrumbList","@id":"https:\/\/cchumane.org\/programs\/cat-program\/#breadcrumb","itemListElement":[{"@type":"ListItem","position":1,"name":"Home","item":"https:\/\/cchumane.org\/"},{"@type":"ListItem","position":2,"name":"Programs","item":"https:\/\/cchumane.org\/programs\/"},{"@type":"ListItem","position":3,"name":"Cat and Kitten Program"}]},{"@type":"WebSite","@id":"https:\/\/cchumane.org\/#website","url":"https:\/\/cchumane.org\/","name":"Contra Costa Humane Society","description":"Adoptar. Conectar. Apoyar.","publisher":{"@id":"https:\/\/cchumane.org\/#organization"},"potentialAction":[{"@type":"SearchAction","target":{"@type":"EntryPoint","urlTemplate":"https:\/\/cchumane.org\/?s={search_term_string}"},"query-input":{"@type":"PropertyValueSpecification","valueRequired":true,"valueName":"search_term_string"}}],"inLanguage":"es"},{"@type":"Organization","@id":"https:\/\/cchumane.org\/#organization","name":"Contra Costa Humane Society","url":"https:\/\/cchumane.org\/","logo":{"@type":"ImageObject","inLanguage":"es","@id":"https:\/\/cchumane.org\/#\/schema\/logo\/image\/","url":"https:\/\/cchumane.org\/wp-content\/uploads\/CCHS_logo_2line_rev_208px.webp","contentUrl":"https:\/\/cchumane.org\/wp-content\/uploads\/CCHS_logo_2line_rev_208px.webp","width":208,"height":57,"caption":"Contra Costa Humane Society"},"image":{"@id":"https:\/\/cchumane.org\/#\/schema\/logo\/image\/"},"sameAs":["https:\/\/www.facebook.com\/ContraCostaHumaneSociety\/","https:\/\/x.com\/cchumane","https:\/\/www.instagram.com\/contracostahumanesociety\/"]}]}},"rttpg_featured_image_url":{"full":["https:\/\/cchumane.org\/wp-content\/uploads\/450sq_Kitty_Corner.webp",450,450,false],"landscape":["https:\/\/cchumane.org\/wp-content\/uploads\/450sq_Kitty_Corner.webp",450,450,false],"portraits":["https:\/\/cchumane.org\/wp-content\/uploads\/450sq_Kitty_Corner.webp",450,450,false],"thumbnail":["https:\/\/cchumane.org\/wp-content\/uploads\/450sq_Kitty_Corner-150x150.webp",150,150,true],"medium":["https:\/\/cchumane.org\/wp-content\/uploads\/450sq_Kitty_Corner-300x300.webp",300,300,true],"large":["https:\/\/cchumane.org\/wp-content\/uploads\/450sq_Kitty_Corner.webp",450,450,false],"1536x1536":["https:\/\/cchumane.org\/wp-content\/uploads\/450sq_Kitty_Corner.webp",450,450,false],"2048x2048":["https:\/\/cchumane.org\/wp-content\/uploads\/450sq_Kitty_Corner.webp",450,450,false],"trp-custom-language-flag":["https:\/\/cchumane.org\/wp-content\/uploads\/450sq_Kitty_Corner.webp",12,12,false],"qi_blocks_image_size_square":["https:\/\/cchumane.org\/wp-content\/uploads\/450sq_Kitty_Corner.webp",450,450,false],"qi_blocks_image_size_landscape":["https:\/\/cchumane.org\/wp-content\/uploads\/450sq_Kitty_Corner.webp",450,450,false],"qi_blocks_image_size_portrait":["https:\/\/cchumane.org\/wp-content\/uploads\/450sq_Kitty_Corner.webp",450,450,false],"qi_blocks_image_size_huge_square":["https:\/\/cchumane.org\/wp-content\/uploads\/450sq_Kitty_Corner.webp",450,450,false],"rt_custom":["https:\/\/cchumane.org\/wp-content\/uploads\/450sq_Kitty_Corner.webp",450,450,false]},"rttpg_author":{"display_name":"BirdieHershel","author_link":"https:\/\/cchumane.org\/es\/author\/juicybitta_9\/"},"rttpg_comment":0,"rttpg_category":null,"rttpg_excerpt":"Cats and kittens all have different needs based on age, health and social levels. We are committed to eliminating viable kitten euthanasia and are proud to be a part of the Best Friends Society &#8220;No Kill 2025&#8221; initiative.&nbsp;&nbsp;&nbsp; We cannot do what we do for cats and kittens without supportive volunteers. Learn more about fostering&hellip;","_links":{"self":[{"href":"https:\/\/cchumane.org\/es\/wp-json\/wp\/v2\/pages\/19666","targetHints":{"allow":["GET"]}}],"collection":[{"href":"https:\/\/cchumane.org\/es\/wp-json\/wp\/v2\/pages"}],"about":[{"href":"https:\/\/cchumane.org\/es\/wp-json\/wp\/v2\/types\/page"}],"author":[{"embeddable":true,"href":"https:\/\/cchumane.org\/es\/wp-json\/wp\/v2\/users\/7650"}],"replies":[{"embeddable":true,"href":"https:\/\/cchumane.org\/es\/wp-json\/wp\/v2\/comments?post=19666"}],"version-history":[{"count":0,"href":"https:\/\/cchumane.org\/es\/wp-json\/wp\/v2\/pages\/19666\/revisions"}],"up":[{"embeddable":true,"href":"https:\/\/cchumane.org\/es\/wp-json\/wp\/v2\/pages\/36"}],"wp:featuredmedia":[{"embeddable":true,"href":"https:\/\/cchumane.org\/es\/wp-json\/wp\/v2\/media\/19097"}],"wp:attachment":[{"href":"https:\/\/cchumane.org\/es\/wp-json\/wp\/v2\/media?parent=19666"}],"curies":[{"name":"gracias","href":"https:\/\/api.w.org\/{rel}","templated":true}]}}