{"id":18807,"date":"2024-03-12T09:50:40","date_gmt":"2024-03-12T16:50:40","guid":{"rendered":"https:\/\/cchumane.org\/?page_id=18807"},"modified":"2025-02-05T10:20:11","modified_gmt":"2025-02-05T18:20:11","slug":"corporate-giving-grants","status":"publish","type":"page","link":"https:\/\/cchumane.org\/es\/ways-to-donate\/corporate-giving-grants\/","title":{"rendered":"Donaciones y subvenciones corporativas"},"content":{"rendered":"<div class=\"wp-block-group alignfull has-global-padding is-layout-constrained wp-block-group-is-layout-constrained\" id=\"page-title-box\" style=\"margin-bottom:var(--wp--preset--spacing--30)\">\n<div class=\"wp-block-group alignfull has-global-padding is-layout-constrained wp-block-group-is-layout-constrained\">\n<div class=\"wp-block-cover alignfull\" style=\"min-height:340px;aspect-ratio:unset;\"><span aria-hidden=\"true\" class=\"wp-block-cover__background has-background-dim-0 has-background-dim\" style=\"background-color:#816f5c\"><\/span><img loading=\"lazy\" decoding=\"async\" width=\"1420\" height=\"400\" class=\"wp-block-cover__image-background wp-image-19078\" alt=\"Cute kitten peering over blanket\" src=\"https:\/\/cchumane.org\/wp-content\/uploads\/inner_base_paws_cat.webp\" data-object-fit=\"cover\" srcset=\"https:\/\/cchumane.org\/wp-content\/uploads\/inner_base_paws_cat.webp 1420w, https:\/\/cchumane.org\/wp-content\/uploads\/inner_base_paws_cat-300x85.webp 300w, https:\/\/cchumane.org\/wp-content\/uploads\/inner_base_paws_cat-1024x288.webp 1024w, https:\/\/cchumane.org\/wp-content\/uploads\/inner_base_paws_cat-768x216.webp 768w\" sizes=\"auto, (max-width: 1420px) 100vw, 1420px\" \/><div class=\"wp-block-cover__inner-container is-layout-flow wp-block-cover-is-layout-flow\">\n<div class=\"wp-block-group has-global-padding is-layout-constrained wp-block-group-is-layout-constrained\">\n<div class=\"wp-block-group alignfull is-content-justification-center is-nowrap is-layout-flex wp-container-core-group-is-layout-1769166a wp-block-group-is-layout-flex\" style=\"border-style:none;border-width:0px;padding-top:0;padding-bottom:0\">\n<div class=\"wp-block-group has-border-color has-global-padding is-layout-constrained wp-block-group-is-layout-constrained\" style=\"border-color:#b9b5b5;border-width:2px\"><h1 style=\"color:#fffefe; padding-top:var(--wp--preset--spacing--10);padding-bottom:var(--wp--preset--spacing--10);padding-left:var(--wp--preset--spacing--10);padding-right:var(--wp--preset--spacing--10);\" class=\"has-text-align-center has-link-color wp-elements-db873da11665eb77ed92054808e79281 wp-block-post-title has-text-color has-large-font-size\">Donaciones y subvenciones corporativas<\/h1><\/div>\n<\/div>\n<\/div>\n<\/div><\/div>\n<\/div>\n<\/div>\n\n\n\n<div class=\"wp-block-columns is-layout-flex wp-container-core-columns-is-layout-28f84493 wp-block-columns-is-layout-flex\">\n<div class=\"wp-block-column is-vertically-aligned-center is-layout-flow wp-block-column-is-layout-flow\" style=\"font-size:clamp(0.875rem, 0.875rem + ((1vw - 0.2rem) * 0.708), 1.3rem);flex-basis:50%\">\n<p style=\"font-size:clamp(0.875rem, 0.875rem + ((1vw - 0.2rem) * 0.708), 1.3rem);\">Para las empresas que puedan inspirar a sus clientes a salvar animales, nos encantar\u00eda conectarnos para compartir m\u00e1s sobre oportunidades de patrocinio de eventos y programas.<\/p>\n\n\n\n<p>Las subvenciones son una parte importante de nuestras iniciativas de recaudaci\u00f3n de fondos. Si conoce alguna oportunidad de otorgamiento de subvenciones, comun\u00edquese con nosotros y comparta sus conocimientos.<\/p>\n\n\n\n<p>Si tiene preguntas sobre la forma de donaci\u00f3n que eligi\u00f3, env\u00ede un correo electr\u00f3nico a <a href=\"mailto:development@cchumane.org\" target=\"_blank\" rel=\"noreferrer noopener\">development@cchumane.org<\/a> para conectarse con nuestro equipo de desarrollo.<\/p>\n<\/div>\n\n\n\n<div class=\"wp-block-column is-layout-flow wp-block-column-is-layout-flow\">\n<figure class=\"wp-block-image size-full\"><img loading=\"lazy\" decoding=\"async\" width=\"400\" height=\"600\" src=\"https:\/\/cchumane.org\/wp-content\/uploads\/400_600_corporate_giving.webp\" alt=\"Outdoor fundraising event with woman holding up large donation check\" class=\"wp-image-20887\" srcset=\"https:\/\/cchumane.org\/wp-content\/uploads\/400_600_corporate_giving.webp 400w, https:\/\/cchumane.org\/wp-content\/uploads\/400_600_corporate_giving-200x300.webp 200w\" sizes=\"auto, (max-width: 400px) 100vw, 400px\" \/><\/figure>\n<\/div>\n<\/div>","protected":false},"excerpt":{"rendered":"<p>For companies which might inspire customers and clients to save animals, we would love to connect to share more about event and program sponsorship opportunities. Grants are a large part of our fundraising efforts. If you are aware of a grant making opportunity, please reach out to us and share your knowledge. For questions about [&hellip;]<\/p>\n","protected":false},"author":7650,"featured_media":0,"parent":55,"menu_order":5,"comment_status":"closed","ping_status":"closed","template":"","meta":{"_acf_changed":false,"_themeisle_gutenberg_block_has_review":false,"footnotes":""},"class_list":["post-18807","page","type-page","status-publish","hentry"],"acf":[],"yoast_head":"<!-- This site is optimized with the Yoast SEO plugin v27.2 - https:\/\/yoast.com\/product\/yoast-seo-wordpress\/ -->\n<title>Corporate Giving &amp; Grants - Contra Costa Humane Society<\/title>\n<meta name=\"description\" content=\"Connecting with companies and organizations to help fund events and programs. Grants are a large part of our fundraising efforts.\" \/>\n<meta name=\"robots\" content=\"index, follow, max-snippet:-1, max-image-preview:large, max-video-preview:-1\" \/>\n<link rel=\"canonical\" href=\"https:\/\/cchumane.org\/es\/ways-to-donate\/corporate-giving-grants\/\" \/>\n<meta property=\"og:locale\" content=\"es_MX\" \/>\n<meta property=\"og:type\" content=\"article\" \/>\n<meta property=\"og:title\" content=\"Corporate Giving &amp; Grants - Contra Costa Humane Society\" \/>\n<meta property=\"og:description\" content=\"Connecting with companies and organizations to help fund events and programs. Grants are a large part of our fundraising efforts.\" \/>\n<meta property=\"og:url\" content=\"https:\/\/cchumane.org\/es\/ways-to-donate\/corporate-giving-grants\/\" \/>\n<meta property=\"og:site_name\" content=\"Contra Costa Humane Society\" \/>\n<meta property=\"article:publisher\" content=\"https:\/\/www.facebook.com\/ContraCostaHumaneSociety\/\" \/>\n<meta property=\"article:modified_time\" content=\"2025-02-05T18:20:11+00:00\" \/>\n<meta property=\"og:image\" content=\"https:\/\/cchumane.org\/wp-content\/uploads\/inner_base_paws_cat.webp\" \/>\n<meta name=\"twitter:card\" content=\"summary_large_image\" \/>\n<meta name=\"twitter:site\" content=\"@cchumane\" \/>\n<meta name=\"twitter:label1\" content=\"Tiempo de lectura\" \/>\n\t<meta name=\"twitter:data1\" content=\"1 minuto\" \/>\n<script type=\"application\/ld+json\" class=\"yoast-schema-graph\">{\"@context\":\"https:\/\/schema.org\",\"@graph\":[{\"@type\":\"WebPage\",\"@id\":\"https:\/\/cchumane.org\/ways-to-donate\/corporate-giving-grants\/\",\"url\":\"https:\/\/cchumane.org\/ways-to-donate\/corporate-giving-grants\/\",\"name\":\"Corporate Giving &amp; Grants - Contra Costa Humane Society\",\"isPartOf\":{\"@id\":\"https:\/\/cchumane.org\/#website\"},\"primaryImageOfPage\":{\"@id\":\"https:\/\/cchumane.org\/ways-to-donate\/corporate-giving-grants\/#primaryimage\"},\"image\":{\"@id\":\"https:\/\/cchumane.org\/ways-to-donate\/corporate-giving-grants\/#primaryimage\"},\"thumbnailUrl\":\"https:\/\/cchumane.org\/wp-content\/uploads\/inner_base_paws_cat.webp\",\"datePublished\":\"2024-03-12T16:50:40+00:00\",\"dateModified\":\"2025-02-05T18:20:11+00:00\",\"description\":\"Connecting with companies and organizations to help fund events and programs. Grants are a large part of our fundraising efforts.\",\"breadcrumb\":{\"@id\":\"https:\/\/cchumane.org\/ways-to-donate\/corporate-giving-grants\/#breadcrumb\"},\"inLanguage\":\"es\",\"potentialAction\":[{\"@type\":\"ReadAction\",\"target\":[\"https:\/\/cchumane.org\/ways-to-donate\/corporate-giving-grants\/\"]}]},{\"@type\":\"ImageObject\",\"inLanguage\":\"es\",\"@id\":\"https:\/\/cchumane.org\/ways-to-donate\/corporate-giving-grants\/#primaryimage\",\"url\":\"https:\/\/cchumane.org\/wp-content\/uploads\/inner_base_paws_cat.webp\",\"contentUrl\":\"https:\/\/cchumane.org\/wp-content\/uploads\/inner_base_paws_cat.webp\"},{\"@type\":\"BreadcrumbList\",\"@id\":\"https:\/\/cchumane.org\/ways-to-donate\/corporate-giving-grants\/#breadcrumb\",\"itemListElement\":[{\"@type\":\"ListItem\",\"position\":1,\"name\":\"Home\",\"item\":\"https:\/\/cchumane.org\/\"},{\"@type\":\"ListItem\",\"position\":2,\"name\":\"Ways to Donate\",\"item\":\"https:\/\/cchumane.org\/ways-to-donate\/\"},{\"@type\":\"ListItem\",\"position\":3,\"name\":\"Corporate Giving &amp; Grants\"}]},{\"@type\":\"WebSite\",\"@id\":\"https:\/\/cchumane.org\/#website\",\"url\":\"https:\/\/cchumane.org\/\",\"name\":\"Contra Costa Humane Society\",\"description\":\"Adopt. Connect. Support.\",\"publisher\":{\"@id\":\"https:\/\/cchumane.org\/#organization\"},\"potentialAction\":[{\"@type\":\"SearchAction\",\"target\":{\"@type\":\"EntryPoint\",\"urlTemplate\":\"https:\/\/cchumane.org\/?s={search_term_string}\"},\"query-input\":{\"@type\":\"PropertyValueSpecification\",\"valueRequired\":true,\"valueName\":\"search_term_string\"}}],\"inLanguage\":\"es\"},{\"@type\":\"Organization\",\"@id\":\"https:\/\/cchumane.org\/#organization\",\"name\":\"Contra Costa Humane Society\",\"url\":\"https:\/\/cchumane.org\/\",\"logo\":{\"@type\":\"ImageObject\",\"inLanguage\":\"es\",\"@id\":\"https:\/\/cchumane.org\/#\/schema\/logo\/image\/\",\"url\":\"https:\/\/cchumane.org\/wp-content\/uploads\/CCHS_logo_2line_rev_208px.webp\",\"contentUrl\":\"https:\/\/cchumane.org\/wp-content\/uploads\/CCHS_logo_2line_rev_208px.webp\",\"width\":208,\"height\":57,\"caption\":\"Contra Costa Humane Society\"},\"image\":{\"@id\":\"https:\/\/cchumane.org\/#\/schema\/logo\/image\/\"},\"sameAs\":[\"https:\/\/www.facebook.com\/ContraCostaHumaneSociety\/\",\"https:\/\/x.com\/cchumane\",\"https:\/\/www.instagram.com\/contracostahumanesociety\/\"]}]}<\/script>\n<!-- \/ Yoast SEO plugin. -->","yoast_head_json":{"title":"Donaciones y subvenciones corporativas - Sociedad Protectora de Animales de Contra Costa","description":"Conectamos con empresas y organizaciones para financiar eventos y programas. Las subvenciones son una parte importante de nuestra recaudaci\u00f3n de fondos.","robots":{"index":"index","follow":"follow","max-snippet":"max-snippet:-1","max-image-preview":"max-image-preview:large","max-video-preview":"max-video-preview:-1"},"canonical":"https:\/\/cchumane.org\/es\/ways-to-donate\/corporate-giving-grants\/","og_locale":"es_MX","og_type":"article","og_title":"Corporate Giving &amp; Grants - Contra Costa Humane Society","og_description":"Connecting with companies and organizations to help fund events and programs. Grants are a large part of our fundraising efforts.","og_url":"https:\/\/cchumane.org\/es\/ways-to-donate\/corporate-giving-grants\/","og_site_name":"Contra Costa Humane Society","article_publisher":"https:\/\/www.facebook.com\/ContraCostaHumaneSociety\/","article_modified_time":"2025-02-05T18:20:11+00:00","og_image":[{"url":"https:\/\/cchumane.org\/wp-content\/uploads\/inner_base_paws_cat.webp","type":"","width":"","height":""}],"twitter_card":"summary_large_image","twitter_site":"@cchumane","twitter_misc":{"Tiempo de lectura":"1 minuto"},"schema":{"@context":"https:\/\/schema.org","@graph":[{"@type":"WebPage","@id":"https:\/\/cchumane.org\/ways-to-donate\/corporate-giving-grants\/","url":"https:\/\/cchumane.org\/ways-to-donate\/corporate-giving-grants\/","name":"Donaciones y subvenciones corporativas - Sociedad Protectora de Animales de Contra Costa","isPartOf":{"@id":"https:\/\/cchumane.org\/#website"},"primaryImageOfPage":{"@id":"https:\/\/cchumane.org\/ways-to-donate\/corporate-giving-grants\/#primaryimage"},"image":{"@id":"https:\/\/cchumane.org\/ways-to-donate\/corporate-giving-grants\/#primaryimage"},"thumbnailUrl":"https:\/\/cchumane.org\/wp-content\/uploads\/inner_base_paws_cat.webp","datePublished":"2024-03-12T16:50:40+00:00","dateModified":"2025-02-05T18:20:11+00:00","description":"Conectamos con empresas y organizaciones para financiar eventos y programas. Las subvenciones son una parte importante de nuestra recaudaci\u00f3n de fondos.","breadcrumb":{"@id":"https:\/\/cchumane.org\/ways-to-donate\/corporate-giving-grants\/#breadcrumb"},"inLanguage":"es","potentialAction":[{"@type":"ReadAction","target":["https:\/\/cchumane.org\/ways-to-donate\/corporate-giving-grants\/"]}]},{"@type":"ImageObject","inLanguage":"es","@id":"https:\/\/cchumane.org\/ways-to-donate\/corporate-giving-grants\/#primaryimage","url":"https:\/\/cchumane.org\/wp-content\/uploads\/inner_base_paws_cat.webp","contentUrl":"https:\/\/cchumane.org\/wp-content\/uploads\/inner_base_paws_cat.webp"},{"@type":"BreadcrumbList","@id":"https:\/\/cchumane.org\/ways-to-donate\/corporate-giving-grants\/#breadcrumb","itemListElement":[{"@type":"ListItem","position":1,"name":"Home","item":"https:\/\/cchumane.org\/"},{"@type":"ListItem","position":2,"name":"Ways to Donate","item":"https:\/\/cchumane.org\/ways-to-donate\/"},{"@type":"ListItem","position":3,"name":"Corporate Giving &amp; Grants"}]},{"@type":"WebSite","@id":"https:\/\/cchumane.org\/#website","url":"https:\/\/cchumane.org\/","name":"Contra Costa Humane Society","description":"Adoptar. Conectar. Apoyar.","publisher":{"@id":"https:\/\/cchumane.org\/#organization"},"potentialAction":[{"@type":"SearchAction","target":{"@type":"EntryPoint","urlTemplate":"https:\/\/cchumane.org\/?s={search_term_string}"},"query-input":{"@type":"PropertyValueSpecification","valueRequired":true,"valueName":"search_term_string"}}],"inLanguage":"es"},{"@type":"Organization","@id":"https:\/\/cchumane.org\/#organization","name":"Contra Costa Humane Society","url":"https:\/\/cchumane.org\/","logo":{"@type":"ImageObject","inLanguage":"es","@id":"https:\/\/cchumane.org\/#\/schema\/logo\/image\/","url":"https:\/\/cchumane.org\/wp-content\/uploads\/CCHS_logo_2line_rev_208px.webp","contentUrl":"https:\/\/cchumane.org\/wp-content\/uploads\/CCHS_logo_2line_rev_208px.webp","width":208,"height":57,"caption":"Contra Costa Humane Society"},"image":{"@id":"https:\/\/cchumane.org\/#\/schema\/logo\/image\/"},"sameAs":["https:\/\/www.facebook.com\/ContraCostaHumaneSociety\/","https:\/\/x.com\/cchumane","https:\/\/www.instagram.com\/contracostahumanesociety\/"]}]}},"rttpg_featured_image_url":null,"rttpg_author":{"display_name":"BirdieHershel","author_link":"https:\/\/cchumane.org\/es\/author\/juicybitta_9\/"},"rttpg_comment":0,"rttpg_category":null,"rttpg_excerpt":"For companies which might inspire customers and clients to save animals, we would love to connect to share more about event and program sponsorship opportunities. Grants are a large part of our fundraising efforts. If you are aware of a grant making opportunity, please reach out to us and share your knowledge. For questions about&hellip;","_links":{"self":[{"href":"https:\/\/cchumane.org\/es\/wp-json\/wp\/v2\/pages\/18807","targetHints":{"allow":["GET"]}}],"collection":[{"href":"https:\/\/cchumane.org\/es\/wp-json\/wp\/v2\/pages"}],"about":[{"href":"https:\/\/cchumane.org\/es\/wp-json\/wp\/v2\/types\/page"}],"author":[{"embeddable":true,"href":"https:\/\/cchumane.org\/es\/wp-json\/wp\/v2\/users\/7650"}],"replies":[{"embeddable":true,"href":"https:\/\/cchumane.org\/es\/wp-json\/wp\/v2\/comments?post=18807"}],"version-history":[{"count":0,"href":"https:\/\/cchumane.org\/es\/wp-json\/wp\/v2\/pages\/18807\/revisions"}],"up":[{"embeddable":true,"href":"https:\/\/cchumane.org\/es\/wp-json\/wp\/v2\/pages\/55"}],"wp:attachment":[{"href":"https:\/\/cchumane.org\/es\/wp-json\/wp\/v2\/media?parent=18807"}],"curies":[{"name":"gracias","href":"https:\/\/api.w.org\/{rel}","templated":true}]}}