{"id":18176,"date":"2022-11-29T23:05:03","date_gmt":"2022-11-30T07:05:03","guid":{"rendered":"https:\/\/cchumane.org\/?page_id=18176"},"modified":"2026-03-09T17:56:11","modified_gmt":"2026-03-10T00:56:11","slug":"adoptable-cats","status":"publish","type":"page","link":"https:\/\/cchumane.org\/es\/adopt\/adoptable-cats\/","title":{"rendered":"Gatos y gatitos"},"content":{"rendered":"<div class=\"wp-block-group alignfull has-global-padding is-layout-constrained wp-block-group-is-layout-constrained\" id=\"page-title-box\" style=\"margin-bottom:var(--wp--preset--spacing--30)\">\n<div class=\"wp-block-group alignfull has-global-padding is-layout-constrained wp-block-group-is-layout-constrained\">\n<div class=\"wp-block-cover alignfull is-light\" style=\"min-height:340px;aspect-ratio:unset;\"><img loading=\"lazy\" decoding=\"async\" width=\"1420\" height=\"400\" class=\"wp-block-cover__image-background wp-image-18823\" alt=\"cute white calico on it's side\" src=\"https:\/\/cchumane.org\/wp-content\/uploads\/inner_cat_adopt-1.webp\" data-object-fit=\"cover\" srcset=\"https:\/\/cchumane.org\/wp-content\/uploads\/inner_cat_adopt-1.webp 1420w, https:\/\/cchumane.org\/wp-content\/uploads\/inner_cat_adopt-1-300x85.webp 300w, https:\/\/cchumane.org\/wp-content\/uploads\/inner_cat_adopt-1-1024x288.webp 1024w, https:\/\/cchumane.org\/wp-content\/uploads\/inner_cat_adopt-1-768x216.webp 768w\" sizes=\"auto, (max-width: 1420px) 100vw, 1420px\" \/><span aria-hidden=\"true\" class=\"wp-block-cover__background has-background-dim-0 has-background-dim\" style=\"background-color:#c89860\"><\/span><div class=\"wp-block-cover__inner-container is-layout-flow wp-block-cover-is-layout-flow\">\n<div class=\"wp-block-group has-global-padding is-layout-constrained wp-block-group-is-layout-constrained\">\n<div class=\"wp-block-group alignfull is-content-justification-center is-nowrap is-layout-flex wp-container-core-group-is-layout-1769166a wp-block-group-is-layout-flex\" style=\"border-style:none;border-width:0px;padding-top:0;padding-bottom:0\">\n<div class=\"wp-block-group has-border-color has-global-padding is-layout-constrained wp-block-group-is-layout-constrained\" style=\"border-color:#fdfdfd;border-width:2px\"><h1 style=\"color:#ffffff; padding-top:var(--wp--preset--spacing--10);padding-bottom:var(--wp--preset--spacing--10);padding-left:var(--wp--preset--spacing--10);padding-right:var(--wp--preset--spacing--10);\" class=\"has-text-align-center has-link-color wp-elements-7f2efc9ae0992cb54d02bc27d2cbdeeb wp-block-post-title has-text-color has-large-font-size\">Gatos y gatitos<\/h1><\/div>\n<\/div>\n<\/div>\n<\/div><\/div>\n<\/div>\n<\/div>\n\n\n\n<h2 class=\"wp-block-heading has-text-align-center\">Dale un hogar a un compa\u00f1ero amoroso<\/h2>\n\n\n\n<h4 class=\"wp-block-heading has-text-align-center\">Todos los animales de esta p\u00e1gina est\u00e1n disponibles para adopci\u00f3n. Para conocer a un gato, haga clic en la foto del que le interesa y luego en el bot\u00f3n gris &quot;Solicitar Adopci\u00f3n&quot; para completar la solicitud. Un miembro de nuestro personal se pondr\u00e1 en contacto con usted para programar una reuni\u00f3n; o visite nuestra p\u00e1gina.&nbsp;<a href=\"https:\/\/cchumane.org\/es\/events\/\">p\u00e1gina de eventos<\/a>&nbsp;para ver nuestro horario de adopci\u00f3n abierta.&nbsp;<\/h4>\n\n\n\n<div class=\"wp-block-group alignwide has-global-padding is-layout-constrained wp-container-core-group-is-layout-b148cdb0 wp-block-group-is-layout-constrained\">\n<div id=\"wp-block-themeisle-blocks-advanced-columns-9d86815d\" class=\"wp-block-themeisle-blocks-advanced-columns alignwide has-1-columns has-desktop-twoOne-layout has-tablet-equal-layout has-mobile-collapsedRows-layout has-vertical-unset\"><div class=\"wp-block-themeisle-blocks-advanced-columns-overlay\"><\/div><div class=\"innerblocks-wrap\">\n<div id=\"wp-block-themeisle-blocks-advanced-column-6b581a21\" class=\"wp-block-themeisle-blocks-advanced-column\">\n<div class=\"wp-block-group alignwide has-very-light-gray-background-color has-background is-layout-flow wp-block-group-is-layout-flow\" id=\"adoptable-cats\" style=\"padding-top:var(--wp--preset--spacing--10);padding-right:1.5rem;padding-left:1.5rem\">\n<div class=\"wp-block-group is-layout-flow wp-block-group-is-layout-flow\">\n<div id=\"shelterluv_wrap_1582228796406\"><\/div><div>Esta p\u00e1gina est\u00e1 desarrollada por Shelterluv. M\u00e1s informaci\u00f3n <a href=\"http:\/\/www.shelterluv.com\/\" target=\"_blank\" rel=\"noopener noreferrer\">www.shelterluv.com<\/a><\/div>\n<script type=\"text\/javascript\" src=\"https:\/\/www.shelterluv.com\/misc\/shelterluv_embed.js\"><\/script>\n<script type=\"text\/javascript\">\nvar sourceDomain=\"https:\/\/www.shelterluv.com\";\nvar base_path=\"\";\nvar GID = 168;\nvar filters = {\"species\":\"Cat\"};\nEmbedAvailablePets(\"shelterluv_wrap_1582228796406\",GID,filters, 1,sourceDomain,base_path);\n<\/script>\n<\/div>\n<\/div>\n<\/div>\n<\/div><\/div>\n<\/div>\n\n\n\n<div class=\"wp-block-group alignwide has-global-padding is-layout-constrained wp-container-core-group-is-layout-7958b332 wp-block-group-is-layout-constrained\" style=\"margin-top:var(--wp--preset--spacing--40)\">\n<div id=\"wp-block-themeisle-blocks-advanced-columns-f7fbf837\" class=\"wp-block-themeisle-blocks-advanced-columns alignwide has-2-columns has-desktop-twoOne-layout has-tablet-equal-layout has-mobile-collapsedRows-layout has-vertical-unset has-dark-bg\"><div class=\"wp-block-themeisle-blocks-advanced-columns-overlay\"><\/div><div class=\"innerblocks-wrap\">\n<div id=\"wp-block-themeisle-blocks-advanced-column-8021dbd4\" class=\"wp-block-themeisle-blocks-advanced-column\">\n<h3 id=\"wp-block-themeisle-blocks-advanced-heading-0ea818e0\" class=\"wp-block-themeisle-blocks-advanced-heading wp-block-themeisle-blocks-advanced-heading-0ea818e0 ticss-0ea818e0\">Cuidando necesidades especiales. Salvando vidas.<\/h3>\n\n\n\n<p class=\"has-text-align-center\" style=\"font-size:clamp(0.875rem, 0.875rem + ((1vw - 0.2rem) * 0.708), 1.3rem);\">Dona al Fondo PAWS y ayuda a los animales a sanar, prosperar y encontrar hogares amorosos. <\/p>\n\n\n\n<div class=\"wp-block-buttons has-custom-font-size is-content-justification-center is-layout-flex wp-container-core-buttons-is-layout-ecbaa6a1 wp-block-buttons-is-layout-flex\" style=\"margin-top:var(--wp--preset--spacing--10);font-size:clamp(0.875rem, 0.875rem + ((1vw - 0.2rem) * 0.542), 1.2rem);\">\n<div class=\"wp-block-button is-style-outline is-style-outline--1\"><a class=\"wp-block-button__link has-text-color has-link-color has-border-color has-custom-font-size wp-element-button\" href=\"https:\/\/cchumane.org\/es\/providing-animal-wellness-support\/\" style=\"border-color:#ffffff;border-width:2px;color:#ffffff;padding-top:0.7rem;padding-right:1.5rem;padding-bottom:0.7rem;padding-left:1.5rem;font-size:clamp(0.875rem, 0.875rem + ((1vw - 0.2rem) * 0.542), 1.2rem);\">M\u00e1s informaci\u00f3n<\/a><\/div>\n<\/div>\n<\/div>\n\n\n\n<div id=\"wp-block-themeisle-blocks-advanced-column-9d71e49d\" class=\"wp-block-themeisle-blocks-advanced-column\">\n<figure class=\"wp-block-image size-full\"><a href=\"https:\/\/cchumane.org\/es\/providing-animal-wellness-support\/\"><img loading=\"lazy\" decoding=\"async\" width=\"600\" height=\"500\" src=\"http:\/\/cchumane.org\/wp-content\/uploads\/Paws_multi_img.webp\" alt=\"PAWS Fund logo, Providing Animal Wellness Support overlaying images of Cats with special medical needs\" class=\"wp-image-24822\" srcset=\"https:\/\/cchumane.org\/wp-content\/uploads\/Paws_multi_img.webp 600w, https:\/\/cchumane.org\/wp-content\/uploads\/Paws_multi_img-300x250.webp 300w, https:\/\/cchumane.org\/wp-content\/uploads\/Paws_multi_img-14x12.webp 14w\" sizes=\"auto, (max-width: 600px) 100vw, 600px\" \/><\/a><\/figure>\n<\/div>\n<\/div><\/div>\n<\/div>","protected":false},"excerpt":{"rendered":"<p>Give a home to a loving companion All of the animals on this page are available for adoption.&nbsp;To meet a cat, click on the picture of the cat you are interested in, then click on gray &#8220;Apply for Adoption&#8221; button, to fill out an adoption application. One of our staff members will contact you to [&hellip;]<\/p>\n","protected":false},"author":7650,"featured_media":18823,"parent":33,"menu_order":0,"comment_status":"closed","ping_status":"closed","template":"wp-custom-template-page-with-promo-footer-cat","meta":{"_acf_changed":false,"_themeisle_gutenberg_block_has_review":false,"footnotes":""},"class_list":["post-18176","page","type-page","status-publish","has-post-thumbnail","hentry"],"acf":[],"yoast_head":"<!-- This site is optimized with the Yoast SEO plugin v27.3 - https:\/\/yoast.com\/product\/yoast-seo-wordpress\/ -->\n<title>Cats &amp; Kittens - Contra Costa Humane Society<\/title>\n<meta name=\"description\" content=\"Give a home to a loving companion. All of the animals on this page are available for adoption, spayed\/neutered and up to date medically.\" \/>\n<meta name=\"robots\" content=\"index, follow, max-snippet:-1, max-image-preview:large, max-video-preview:-1\" \/>\n<link rel=\"canonical\" href=\"https:\/\/cchumane.org\/es\/adopt\/adoptable-cats\/\" \/>\n<meta property=\"og:locale\" content=\"es_MX\" \/>\n<meta property=\"og:type\" content=\"article\" \/>\n<meta property=\"og:title\" content=\"Cats &amp; Kittens - Contra Costa Humane Society\" \/>\n<meta property=\"og:description\" content=\"Give a home to a loving companion. All of the animals on this page are available for adoption, spayed\/neutered and up to date medically.\" \/>\n<meta property=\"og:url\" content=\"https:\/\/cchumane.org\/es\/adopt\/adoptable-cats\/\" \/>\n<meta property=\"og:site_name\" content=\"Contra Costa Humane Society\" \/>\n<meta property=\"article:publisher\" content=\"https:\/\/www.facebook.com\/ContraCostaHumaneSociety\/\" \/>\n<meta property=\"article:modified_time\" content=\"2026-03-10T00:56:11+00:00\" \/>\n<meta property=\"og:image\" content=\"http:\/\/cchumane.org\/wp-content\/uploads\/inner_cat_adopt-1.webp\" \/>\n\t<meta property=\"og:image:width\" content=\"1420\" \/>\n\t<meta property=\"og:image:height\" content=\"400\" \/>\n\t<meta property=\"og:image:type\" content=\"image\/webp\" \/>\n<meta name=\"twitter:card\" content=\"summary_large_image\" \/>\n<meta name=\"twitter:site\" content=\"@cchumane\" \/>\n<meta name=\"twitter:label1\" content=\"Tiempo de lectura\" \/>\n\t<meta name=\"twitter:data1\" content=\"1 minuto\" \/>\n<script type=\"application\/ld+json\" class=\"yoast-schema-graph\">{\"@context\":\"https:\\\/\\\/schema.org\",\"@graph\":[{\"@type\":\"WebPage\",\"@id\":\"https:\\\/\\\/cchumane.org\\\/adopt\\\/adoptable-cats\\\/\",\"url\":\"https:\\\/\\\/cchumane.org\\\/adopt\\\/adoptable-cats\\\/\",\"name\":\"Cats &amp; Kittens - Contra Costa Humane Society\",\"isPartOf\":{\"@id\":\"https:\\\/\\\/cchumane.org\\\/#website\"},\"primaryImageOfPage\":{\"@id\":\"https:\\\/\\\/cchumane.org\\\/adopt\\\/adoptable-cats\\\/#primaryimage\"},\"image\":{\"@id\":\"https:\\\/\\\/cchumane.org\\\/adopt\\\/adoptable-cats\\\/#primaryimage\"},\"thumbnailUrl\":\"https:\\\/\\\/cchumane.org\\\/wp-content\\\/uploads\\\/inner_cat_adopt-1.webp\",\"datePublished\":\"2022-11-30T07:05:03+00:00\",\"dateModified\":\"2026-03-10T00:56:11+00:00\",\"description\":\"Give a home to a loving companion. All of the animals on this page are available for adoption, spayed\\\/neutered and up to date medically.\",\"breadcrumb\":{\"@id\":\"https:\\\/\\\/cchumane.org\\\/adopt\\\/adoptable-cats\\\/#breadcrumb\"},\"inLanguage\":\"es\",\"potentialAction\":[{\"@type\":\"ReadAction\",\"target\":[\"https:\\\/\\\/cchumane.org\\\/adopt\\\/adoptable-cats\\\/\"]}]},{\"@type\":\"ImageObject\",\"inLanguage\":\"es\",\"@id\":\"https:\\\/\\\/cchumane.org\\\/adopt\\\/adoptable-cats\\\/#primaryimage\",\"url\":\"https:\\\/\\\/cchumane.org\\\/wp-content\\\/uploads\\\/inner_cat_adopt-1.webp\",\"contentUrl\":\"https:\\\/\\\/cchumane.org\\\/wp-content\\\/uploads\\\/inner_cat_adopt-1.webp\",\"width\":1420,\"height\":400,\"caption\":\"cute white calico on it's side\"},{\"@type\":\"BreadcrumbList\",\"@id\":\"https:\\\/\\\/cchumane.org\\\/adopt\\\/adoptable-cats\\\/#breadcrumb\",\"itemListElement\":[{\"@type\":\"ListItem\",\"position\":1,\"name\":\"Home\",\"item\":\"https:\\\/\\\/cchumane.org\\\/\"},{\"@type\":\"ListItem\",\"position\":2,\"name\":\"Adopt\",\"item\":\"https:\\\/\\\/cchumane.org\\\/adopt\\\/\"},{\"@type\":\"ListItem\",\"position\":3,\"name\":\"Cats &amp; Kittens\"}]},{\"@type\":\"WebSite\",\"@id\":\"https:\\\/\\\/cchumane.org\\\/#website\",\"url\":\"https:\\\/\\\/cchumane.org\\\/\",\"name\":\"Contra Costa Humane Society\",\"description\":\"Adopt. Connect. Support.\",\"publisher\":{\"@id\":\"https:\\\/\\\/cchumane.org\\\/#organization\"},\"potentialAction\":[{\"@type\":\"SearchAction\",\"target\":{\"@type\":\"EntryPoint\",\"urlTemplate\":\"https:\\\/\\\/cchumane.org\\\/?s={search_term_string}\"},\"query-input\":{\"@type\":\"PropertyValueSpecification\",\"valueRequired\":true,\"valueName\":\"search_term_string\"}}],\"inLanguage\":\"es\"},{\"@type\":\"Organization\",\"@id\":\"https:\\\/\\\/cchumane.org\\\/#organization\",\"name\":\"Contra Costa Humane Society\",\"url\":\"https:\\\/\\\/cchumane.org\\\/\",\"logo\":{\"@type\":\"ImageObject\",\"inLanguage\":\"es\",\"@id\":\"https:\\\/\\\/cchumane.org\\\/#\\\/schema\\\/logo\\\/image\\\/\",\"url\":\"https:\\\/\\\/cchumane.org\\\/wp-content\\\/uploads\\\/CCHS_logo_2line_rev_208px.webp\",\"contentUrl\":\"https:\\\/\\\/cchumane.org\\\/wp-content\\\/uploads\\\/CCHS_logo_2line_rev_208px.webp\",\"width\":208,\"height\":57,\"caption\":\"Contra Costa Humane Society\"},\"image\":{\"@id\":\"https:\\\/\\\/cchumane.org\\\/#\\\/schema\\\/logo\\\/image\\\/\"},\"sameAs\":[\"https:\\\/\\\/www.facebook.com\\\/ContraCostaHumaneSociety\\\/\",\"https:\\\/\\\/x.com\\\/cchumane\",\"https:\\\/\\\/www.instagram.com\\\/contracostahumanesociety\\\/\"]}]}<\/script>\n<!-- \/ Yoast SEO plugin. -->","yoast_head_json":{"title":"Gatos y gatitos - Sociedad Protectora de Animales de Contra Costa","description":"Dale un hogar a un compa\u00f1ero cari\u00f1oso. Todos los animales de esta p\u00e1gina est\u00e1n disponibles para adopci\u00f3n, esterilizados\/castrados y con su historial m\u00e9dico al d\u00eda.","robots":{"index":"index","follow":"follow","max-snippet":"max-snippet:-1","max-image-preview":"max-image-preview:large","max-video-preview":"max-video-preview:-1"},"canonical":"https:\/\/cchumane.org\/es\/adopt\/adoptable-cats\/","og_locale":"es_MX","og_type":"article","og_title":"Cats &amp; Kittens - Contra Costa Humane Society","og_description":"Give a home to a loving companion. All of the animals on this page are available for adoption, spayed\/neutered and up to date medically.","og_url":"https:\/\/cchumane.org\/es\/adopt\/adoptable-cats\/","og_site_name":"Contra Costa Humane Society","article_publisher":"https:\/\/www.facebook.com\/ContraCostaHumaneSociety\/","article_modified_time":"2026-03-10T00:56:11+00:00","og_image":[{"width":1420,"height":400,"url":"http:\/\/cchumane.org\/wp-content\/uploads\/inner_cat_adopt-1.webp","type":"image\/webp"}],"twitter_card":"summary_large_image","twitter_site":"@cchumane","twitter_misc":{"Tiempo de lectura":"1 minuto"},"schema":{"@context":"https:\/\/schema.org","@graph":[{"@type":"WebPage","@id":"https:\/\/cchumane.org\/adopt\/adoptable-cats\/","url":"https:\/\/cchumane.org\/adopt\/adoptable-cats\/","name":"Gatos y gatitos - Sociedad Protectora de Animales de Contra Costa","isPartOf":{"@id":"https:\/\/cchumane.org\/#website"},"primaryImageOfPage":{"@id":"https:\/\/cchumane.org\/adopt\/adoptable-cats\/#primaryimage"},"image":{"@id":"https:\/\/cchumane.org\/adopt\/adoptable-cats\/#primaryimage"},"thumbnailUrl":"https:\/\/cchumane.org\/wp-content\/uploads\/inner_cat_adopt-1.webp","datePublished":"2022-11-30T07:05:03+00:00","dateModified":"2026-03-10T00:56:11+00:00","description":"Dale un hogar a un compa\u00f1ero cari\u00f1oso. Todos los animales de esta p\u00e1gina est\u00e1n disponibles para adopci\u00f3n, esterilizados\/castrados y con su historial m\u00e9dico al d\u00eda.","breadcrumb":{"@id":"https:\/\/cchumane.org\/adopt\/adoptable-cats\/#breadcrumb"},"inLanguage":"es","potentialAction":[{"@type":"ReadAction","target":["https:\/\/cchumane.org\/adopt\/adoptable-cats\/"]}]},{"@type":"ImageObject","inLanguage":"es","@id":"https:\/\/cchumane.org\/adopt\/adoptable-cats\/#primaryimage","url":"https:\/\/cchumane.org\/wp-content\/uploads\/inner_cat_adopt-1.webp","contentUrl":"https:\/\/cchumane.org\/wp-content\/uploads\/inner_cat_adopt-1.webp","width":1420,"height":400,"caption":"cute white calico on it's side"},{"@type":"BreadcrumbList","@id":"https:\/\/cchumane.org\/adopt\/adoptable-cats\/#breadcrumb","itemListElement":[{"@type":"ListItem","position":1,"name":"Home","item":"https:\/\/cchumane.org\/"},{"@type":"ListItem","position":2,"name":"Adopt","item":"https:\/\/cchumane.org\/adopt\/"},{"@type":"ListItem","position":3,"name":"Cats &amp; Kittens"}]},{"@type":"WebSite","@id":"https:\/\/cchumane.org\/#website","url":"https:\/\/cchumane.org\/","name":"Contra Costa Humane Society","description":"Adoptar. Conectar. Apoyar.","publisher":{"@id":"https:\/\/cchumane.org\/#organization"},"potentialAction":[{"@type":"SearchAction","target":{"@type":"EntryPoint","urlTemplate":"https:\/\/cchumane.org\/?s={search_term_string}"},"query-input":{"@type":"PropertyValueSpecification","valueRequired":true,"valueName":"search_term_string"}}],"inLanguage":"es"},{"@type":"Organization","@id":"https:\/\/cchumane.org\/#organization","name":"Contra Costa Humane Society","url":"https:\/\/cchumane.org\/","logo":{"@type":"ImageObject","inLanguage":"es","@id":"https:\/\/cchumane.org\/#\/schema\/logo\/image\/","url":"https:\/\/cchumane.org\/wp-content\/uploads\/CCHS_logo_2line_rev_208px.webp","contentUrl":"https:\/\/cchumane.org\/wp-content\/uploads\/CCHS_logo_2line_rev_208px.webp","width":208,"height":57,"caption":"Contra Costa Humane Society"},"image":{"@id":"https:\/\/cchumane.org\/#\/schema\/logo\/image\/"},"sameAs":["https:\/\/www.facebook.com\/ContraCostaHumaneSociety\/","https:\/\/x.com\/cchumane","https:\/\/www.instagram.com\/contracostahumanesociety\/"]}]}},"rttpg_featured_image_url":{"full":["https:\/\/cchumane.org\/wp-content\/uploads\/inner_cat_adopt-1.webp",1420,400,false],"landscape":["https:\/\/cchumane.org\/wp-content\/uploads\/inner_cat_adopt-1.webp",1420,400,false],"portraits":["https:\/\/cchumane.org\/wp-content\/uploads\/inner_cat_adopt-1.webp",1420,400,false],"thumbnail":["https:\/\/cchumane.org\/wp-content\/uploads\/inner_cat_adopt-1-150x150.webp",150,150,true],"medium":["https:\/\/cchumane.org\/wp-content\/uploads\/inner_cat_adopt-1-300x85.webp",300,85,true],"large":["https:\/\/cchumane.org\/wp-content\/uploads\/inner_cat_adopt-1-1024x288.webp",1024,288,true],"1536x1536":["https:\/\/cchumane.org\/wp-content\/uploads\/inner_cat_adopt-1.webp",1420,400,false],"2048x2048":["https:\/\/cchumane.org\/wp-content\/uploads\/inner_cat_adopt-1.webp",1420,400,false],"trp-custom-language-flag":["https:\/\/cchumane.org\/wp-content\/uploads\/inner_cat_adopt-1.webp",18,5,false],"qi_blocks_image_size_square":["https:\/\/cchumane.org\/wp-content\/uploads\/inner_cat_adopt-1.webp",650,183,false],"qi_blocks_image_size_landscape":["https:\/\/cchumane.org\/wp-content\/uploads\/inner_cat_adopt-1.webp",1300,366,false],"qi_blocks_image_size_portrait":["https:\/\/cchumane.org\/wp-content\/uploads\/inner_cat_adopt-1.webp",650,183,false],"qi_blocks_image_size_huge_square":["https:\/\/cchumane.org\/wp-content\/uploads\/inner_cat_adopt-1.webp",1300,366,false],"rt_custom":["https:\/\/cchumane.org\/wp-content\/uploads\/inner_cat_adopt-1.webp",1420,400,false]},"rttpg_author":{"display_name":"BirdieHershel","author_link":"https:\/\/cchumane.org\/es\/author\/juicybitta_9\/"},"rttpg_comment":0,"rttpg_category":null,"rttpg_excerpt":"Give a home to a loving companion All of the animals on this page are available for adoption.&nbsp;To meet a cat, click on the picture of the cat you are interested in, then click on gray &#8220;Apply for Adoption&#8221; button, to fill out an adoption application. One of our staff members will contact you to&hellip;","_links":{"self":[{"href":"https:\/\/cchumane.org\/es\/wp-json\/wp\/v2\/pages\/18176","targetHints":{"allow":["GET"]}}],"collection":[{"href":"https:\/\/cchumane.org\/es\/wp-json\/wp\/v2\/pages"}],"about":[{"href":"https:\/\/cchumane.org\/es\/wp-json\/wp\/v2\/types\/page"}],"author":[{"embeddable":true,"href":"https:\/\/cchumane.org\/es\/wp-json\/wp\/v2\/users\/7650"}],"replies":[{"embeddable":true,"href":"https:\/\/cchumane.org\/es\/wp-json\/wp\/v2\/comments?post=18176"}],"version-history":[{"count":11,"href":"https:\/\/cchumane.org\/es\/wp-json\/wp\/v2\/pages\/18176\/revisions"}],"predecessor-version":[{"id":24827,"href":"https:\/\/cchumane.org\/es\/wp-json\/wp\/v2\/pages\/18176\/revisions\/24827"}],"up":[{"embeddable":true,"href":"https:\/\/cchumane.org\/es\/wp-json\/wp\/v2\/pages\/33"}],"wp:featuredmedia":[{"embeddable":true,"href":"https:\/\/cchumane.org\/es\/wp-json\/wp\/v2\/media\/18823"}],"wp:attachment":[{"href":"https:\/\/cchumane.org\/es\/wp-json\/wp\/v2\/media?parent=18176"}],"curies":[{"name":"gracias","href":"https:\/\/api.w.org\/{rel}","templated":true}]}}