{"id":150,"date":"2010-04-30T16:56:13","date_gmt":"2010-04-30T23:56:13","guid":{"rendered":"http:\/\/wp.cchumane.org\/?page_id=150"},"modified":"2024-07-08T11:49:01","modified_gmt":"2024-07-08T18:49:01","slug":"vehicle-donation","status":"publish","type":"page","link":"https:\/\/cchumane.org\/es\/ways-to-donate\/vehicle-donation\/","title":{"rendered":"Donaci\u00f3n de veh\u00edculos"},"content":{"rendered":"<div class=\"wp-block-group alignfull has-global-padding is-layout-constrained wp-block-group-is-layout-constrained\" id=\"page-title-box\" style=\"margin-bottom:var(--wp--preset--spacing--30)\">\n<div class=\"wp-block-group alignfull has-global-padding is-layout-constrained wp-block-group-is-layout-constrained\">\n<div class=\"wp-block-cover alignfull is-light\" style=\"min-height:340px;aspect-ratio:unset;\"><span aria-hidden=\"true\" class=\"wp-block-cover__background has-background-dim-0 has-background-dim\" style=\"background-color:#8c9099\"><\/span><img loading=\"lazy\" decoding=\"async\" width=\"1420\" height=\"400\" class=\"wp-block-cover__image-background wp-image-21041\" alt=\"\" src=\"https:\/\/cchumane.org\/wp-content\/uploads\/inner_vehicle_donations.webp\" data-object-fit=\"cover\" srcset=\"https:\/\/cchumane.org\/wp-content\/uploads\/inner_vehicle_donations.webp 1420w, https:\/\/cchumane.org\/wp-content\/uploads\/inner_vehicle_donations-300x85.webp 300w, https:\/\/cchumane.org\/wp-content\/uploads\/inner_vehicle_donations-1024x288.webp 1024w, https:\/\/cchumane.org\/wp-content\/uploads\/inner_vehicle_donations-768x216.webp 768w, https:\/\/cchumane.org\/wp-content\/uploads\/inner_vehicle_donations-350x100.webp 350w\" sizes=\"auto, (max-width: 1420px) 100vw, 1420px\" \/><div class=\"wp-block-cover__inner-container is-layout-flow wp-block-cover-is-layout-flow\">\n<div class=\"wp-block-group has-global-padding is-layout-constrained wp-block-group-is-layout-constrained\">\n<div class=\"wp-block-group alignfull is-content-justification-center is-nowrap is-layout-flex wp-container-core-group-is-layout-1769166a wp-block-group-is-layout-flex\" style=\"border-style:none;border-width:0px;padding-top:0;padding-bottom:0\">\n<div class=\"wp-block-group has-border-color has-global-padding is-layout-constrained wp-block-group-is-layout-constrained\" style=\"border-color:#b9b5b5;border-width:2px\"><h1 style=\"color:#fffefe; padding-top:var(--wp--preset--spacing--10);padding-bottom:var(--wp--preset--spacing--10);padding-left:var(--wp--preset--spacing--10);padding-right:var(--wp--preset--spacing--10);\" class=\"has-text-align-center has-link-color wp-elements-db873da11665eb77ed92054808e79281 wp-block-post-title has-text-color has-large-font-size\">Donaci\u00f3n de veh\u00edculos<\/h1><\/div>\n<\/div>\n<\/div>\n<\/div><\/div>\n<\/div>\n<\/div>\n\n\n\n<h2 class=\"wp-block-heading\">\u00a1Done su viejo autom\u00f3vil, cami\u00f3n, motocicleta, bote, RV o casa rodante para apoyar a CCHS!<\/h2>\n\n\n\n<p style=\"font-size:clamp(0.929rem, 0.929rem + ((1vw - 0.2rem) * 0.785), 1.4rem);\">Nos complace asociarnos con CARS, un procesador de donaciones de veh\u00edculos de buena reputaci\u00f3n que puede encargarse de todos los tr\u00e1mites sin costo alguno para usted. Ellos se encargan de los requisitos de transferencia de t\u00edtulo y le proporcionan un recibo de donaci\u00f3n deducible de impuestos cuando retiran su donaci\u00f3n de veh\u00edculo.<\/p>\n\n\n\n<figure class=\"wp-block-video\"><video controls src=\"https:\/\/cchumane.org\/wp-content\/uploads\/Donating-Feels-Like.mp4\"><\/video><\/figure>\n\n\n\n<h3 class=\"wp-block-heading\" style=\"margin-top:var(--wp--preset--spacing--30);margin-bottom:var(--wp--preset--spacing--20)\">Los beneficios de donar su veh\u00edculo incluyen:<\/h3>\n\n\n\n<ul class=\"add_marg wp-block-list\">\n<li><strong><em>R\u00c1PIDO<\/em><\/strong> \u2013 citas de recogida al d\u00eda siguiente si se solicita antes de las 2:00 p. m.<\/li>\n\n\n\n<li><strong><em>GRATIS<\/em><\/strong> \u2013 CARS recoger\u00e1 tu donaci\u00f3n sin coste alguno para ti, dondequiera que se encuentre el veh\u00edculo.<\/li>\n\n\n\n<li><strong><em>AHORRE TIEMPO<\/em><\/strong> \u2013 ah\u00f3rrate el tiempo y la molestia de intentar venderlo<\/li>\n\n\n\n<li><strong><em>SIENTETE GENIAL<\/em><\/strong> \u2013 saber que su veh\u00edculo ayudar\u00e1 a promover la misi\u00f3n de CCHS de ayudar a los animales<\/li>\n<\/ul>\n\n\n\n<h3 class=\"wp-block-heading has-text-align-center\" style=\"padding-right:var(--wp--preset--spacing--40);padding-left:var(--wp--preset--spacing--40)\"><a href=\"https:\/\/careasy.org\/nonprofit\/Contra-Costa-Humane-Society\" target=\"_blank\" rel=\"noreferrer noopener\">Ir a COCHES<\/a> para iniciar el proceso o llamar <strong>(855) 500-7433<\/strong>.<\/h3>","protected":false},"excerpt":{"rendered":"<p>Donate your old car, truck, motorcycle, boat, RV, or motorhome to support CCHS! We are excited to partner with CARS, a reputable car donation processor, can handle all the arrangements at no cost to you. They handle the title transfer requirements and provide you with a tax deductible donation receipt when they pick-up your vehicle [&hellip;]<\/p>\n","protected":false},"author":7650,"featured_media":0,"parent":55,"menu_order":2,"comment_status":"closed","ping_status":"closed","template":"","meta":{"_acf_changed":false,"_themeisle_gutenberg_block_has_review":false,"footnotes":""},"class_list":["post-150","page","type-page","status-publish","hentry"],"acf":[],"yoast_head":"<!-- This site is optimized with the Yoast SEO plugin v27.3 - https:\/\/yoast.com\/product\/yoast-seo-wordpress\/ -->\n<title>Vehicle Donation - Contra Costa Humane Society<\/title>\n<meta name=\"description\" content=\"Donate your old car, truck, motorcycle, boat, RV, or motorhome to support us! We can handle all the arrangements at no cost to you.\" \/>\n<meta name=\"robots\" content=\"index, follow, max-snippet:-1, max-image-preview:large, max-video-preview:-1\" \/>\n<link rel=\"canonical\" href=\"https:\/\/cchumane.org\/es\/ways-to-donate\/vehicle-donation\/\" \/>\n<meta property=\"og:locale\" content=\"es_MX\" \/>\n<meta property=\"og:type\" content=\"article\" \/>\n<meta property=\"og:title\" content=\"Vehicle Donation - Contra Costa Humane Society\" \/>\n<meta property=\"og:description\" content=\"Donate your old car, truck, motorcycle, boat, RV, or motorhome to support us! We can handle all the arrangements at no cost to you.\" \/>\n<meta property=\"og:url\" content=\"https:\/\/cchumane.org\/es\/ways-to-donate\/vehicle-donation\/\" \/>\n<meta property=\"og:site_name\" content=\"Contra Costa Humane Society\" \/>\n<meta property=\"article:publisher\" content=\"https:\/\/www.facebook.com\/ContraCostaHumaneSociety\/\" \/>\n<meta property=\"article:modified_time\" content=\"2024-07-08T18:49:01+00:00\" \/>\n<meta property=\"og:image\" content=\"https:\/\/cchumane.org\/wp-content\/uploads\/inner_vehicle_donations.webp\" \/>\n<meta name=\"twitter:card\" content=\"summary_large_image\" \/>\n<meta name=\"twitter:site\" content=\"@cchumane\" \/>\n<meta name=\"twitter:label1\" content=\"Tiempo de lectura\" \/>\n\t<meta name=\"twitter:data1\" content=\"1 minuto\" \/>\n<script type=\"application\/ld+json\" class=\"yoast-schema-graph\">{\"@context\":\"https:\\\/\\\/schema.org\",\"@graph\":[{\"@type\":\"WebPage\",\"@id\":\"https:\\\/\\\/cchumane.org\\\/ways-to-donate\\\/vehicle-donation\\\/\",\"url\":\"https:\\\/\\\/cchumane.org\\\/ways-to-donate\\\/vehicle-donation\\\/\",\"name\":\"Vehicle Donation - Contra Costa Humane Society\",\"isPartOf\":{\"@id\":\"https:\\\/\\\/cchumane.org\\\/#website\"},\"primaryImageOfPage\":{\"@id\":\"https:\\\/\\\/cchumane.org\\\/ways-to-donate\\\/vehicle-donation\\\/#primaryimage\"},\"image\":{\"@id\":\"https:\\\/\\\/cchumane.org\\\/ways-to-donate\\\/vehicle-donation\\\/#primaryimage\"},\"thumbnailUrl\":\"https:\\\/\\\/cchumane.org\\\/wp-content\\\/uploads\\\/inner_vehicle_donations.webp\",\"datePublished\":\"2010-04-30T23:56:13+00:00\",\"dateModified\":\"2024-07-08T18:49:01+00:00\",\"description\":\"Donate your old car, truck, motorcycle, boat, RV, or motorhome to support us! We can handle all the arrangements at no cost to you.\",\"breadcrumb\":{\"@id\":\"https:\\\/\\\/cchumane.org\\\/ways-to-donate\\\/vehicle-donation\\\/#breadcrumb\"},\"inLanguage\":\"es\",\"potentialAction\":[{\"@type\":\"ReadAction\",\"target\":[\"https:\\\/\\\/cchumane.org\\\/ways-to-donate\\\/vehicle-donation\\\/\"]}]},{\"@type\":\"ImageObject\",\"inLanguage\":\"es\",\"@id\":\"https:\\\/\\\/cchumane.org\\\/ways-to-donate\\\/vehicle-donation\\\/#primaryimage\",\"url\":\"https:\\\/\\\/cchumane.org\\\/wp-content\\\/uploads\\\/inner_vehicle_donations.webp\",\"contentUrl\":\"https:\\\/\\\/cchumane.org\\\/wp-content\\\/uploads\\\/inner_vehicle_donations.webp\"},{\"@type\":\"BreadcrumbList\",\"@id\":\"https:\\\/\\\/cchumane.org\\\/ways-to-donate\\\/vehicle-donation\\\/#breadcrumb\",\"itemListElement\":[{\"@type\":\"ListItem\",\"position\":1,\"name\":\"Home\",\"item\":\"https:\\\/\\\/cchumane.org\\\/\"},{\"@type\":\"ListItem\",\"position\":2,\"name\":\"Ways to Donate\",\"item\":\"https:\\\/\\\/cchumane.org\\\/ways-to-donate\\\/\"},{\"@type\":\"ListItem\",\"position\":3,\"name\":\"Vehicle Donation\"}]},{\"@type\":\"WebSite\",\"@id\":\"https:\\\/\\\/cchumane.org\\\/#website\",\"url\":\"https:\\\/\\\/cchumane.org\\\/\",\"name\":\"Contra Costa Humane Society\",\"description\":\"Adopt. Connect. Support.\",\"publisher\":{\"@id\":\"https:\\\/\\\/cchumane.org\\\/#organization\"},\"potentialAction\":[{\"@type\":\"SearchAction\",\"target\":{\"@type\":\"EntryPoint\",\"urlTemplate\":\"https:\\\/\\\/cchumane.org\\\/?s={search_term_string}\"},\"query-input\":{\"@type\":\"PropertyValueSpecification\",\"valueRequired\":true,\"valueName\":\"search_term_string\"}}],\"inLanguage\":\"es\"},{\"@type\":\"Organization\",\"@id\":\"https:\\\/\\\/cchumane.org\\\/#organization\",\"name\":\"Contra Costa Humane Society\",\"url\":\"https:\\\/\\\/cchumane.org\\\/\",\"logo\":{\"@type\":\"ImageObject\",\"inLanguage\":\"es\",\"@id\":\"https:\\\/\\\/cchumane.org\\\/#\\\/schema\\\/logo\\\/image\\\/\",\"url\":\"https:\\\/\\\/cchumane.org\\\/wp-content\\\/uploads\\\/CCHS_logo_2line_rev_208px.webp\",\"contentUrl\":\"https:\\\/\\\/cchumane.org\\\/wp-content\\\/uploads\\\/CCHS_logo_2line_rev_208px.webp\",\"width\":208,\"height\":57,\"caption\":\"Contra Costa Humane Society\"},\"image\":{\"@id\":\"https:\\\/\\\/cchumane.org\\\/#\\\/schema\\\/logo\\\/image\\\/\"},\"sameAs\":[\"https:\\\/\\\/www.facebook.com\\\/ContraCostaHumaneSociety\\\/\",\"https:\\\/\\\/x.com\\\/cchumane\",\"https:\\\/\\\/www.instagram.com\\\/contracostahumanesociety\\\/\"]}]}<\/script>\n<!-- \/ Yoast SEO plugin. -->","yoast_head_json":{"title":"Donaci\u00f3n de veh\u00edculos - Sociedad Protectora de Animales de Contra Costa","description":"\u00a1Dona tu viejo auto, camioneta, motocicleta, bote, casa rodante o autocaravana para apoyarnos! Nos encargamos de todos los tr\u00e1mites sin costo alguno.","robots":{"index":"index","follow":"follow","max-snippet":"max-snippet:-1","max-image-preview":"max-image-preview:large","max-video-preview":"max-video-preview:-1"},"canonical":"https:\/\/cchumane.org\/es\/ways-to-donate\/vehicle-donation\/","og_locale":"es_MX","og_type":"article","og_title":"Vehicle Donation - Contra Costa Humane Society","og_description":"Donate your old car, truck, motorcycle, boat, RV, or motorhome to support us! We can handle all the arrangements at no cost to you.","og_url":"https:\/\/cchumane.org\/es\/ways-to-donate\/vehicle-donation\/","og_site_name":"Contra Costa Humane Society","article_publisher":"https:\/\/www.facebook.com\/ContraCostaHumaneSociety\/","article_modified_time":"2024-07-08T18:49:01+00:00","og_image":[{"url":"https:\/\/cchumane.org\/wp-content\/uploads\/inner_vehicle_donations.webp","type":"","width":"","height":""}],"twitter_card":"summary_large_image","twitter_site":"@cchumane","twitter_misc":{"Tiempo de lectura":"1 minuto"},"schema":{"@context":"https:\/\/schema.org","@graph":[{"@type":"WebPage","@id":"https:\/\/cchumane.org\/ways-to-donate\/vehicle-donation\/","url":"https:\/\/cchumane.org\/ways-to-donate\/vehicle-donation\/","name":"Donaci\u00f3n de veh\u00edculos - Sociedad Protectora de Animales de Contra Costa","isPartOf":{"@id":"https:\/\/cchumane.org\/#website"},"primaryImageOfPage":{"@id":"https:\/\/cchumane.org\/ways-to-donate\/vehicle-donation\/#primaryimage"},"image":{"@id":"https:\/\/cchumane.org\/ways-to-donate\/vehicle-donation\/#primaryimage"},"thumbnailUrl":"https:\/\/cchumane.org\/wp-content\/uploads\/inner_vehicle_donations.webp","datePublished":"2010-04-30T23:56:13+00:00","dateModified":"2024-07-08T18:49:01+00:00","description":"\u00a1Dona tu viejo auto, camioneta, motocicleta, bote, casa rodante o autocaravana para apoyarnos! Nos encargamos de todos los tr\u00e1mites sin costo alguno.","breadcrumb":{"@id":"https:\/\/cchumane.org\/ways-to-donate\/vehicle-donation\/#breadcrumb"},"inLanguage":"es","potentialAction":[{"@type":"ReadAction","target":["https:\/\/cchumane.org\/ways-to-donate\/vehicle-donation\/"]}]},{"@type":"ImageObject","inLanguage":"es","@id":"https:\/\/cchumane.org\/ways-to-donate\/vehicle-donation\/#primaryimage","url":"https:\/\/cchumane.org\/wp-content\/uploads\/inner_vehicle_donations.webp","contentUrl":"https:\/\/cchumane.org\/wp-content\/uploads\/inner_vehicle_donations.webp"},{"@type":"BreadcrumbList","@id":"https:\/\/cchumane.org\/ways-to-donate\/vehicle-donation\/#breadcrumb","itemListElement":[{"@type":"ListItem","position":1,"name":"Home","item":"https:\/\/cchumane.org\/"},{"@type":"ListItem","position":2,"name":"Ways to Donate","item":"https:\/\/cchumane.org\/ways-to-donate\/"},{"@type":"ListItem","position":3,"name":"Vehicle Donation"}]},{"@type":"WebSite","@id":"https:\/\/cchumane.org\/#website","url":"https:\/\/cchumane.org\/","name":"Contra Costa Humane Society","description":"Adoptar. Conectar. Apoyar.","publisher":{"@id":"https:\/\/cchumane.org\/#organization"},"potentialAction":[{"@type":"SearchAction","target":{"@type":"EntryPoint","urlTemplate":"https:\/\/cchumane.org\/?s={search_term_string}"},"query-input":{"@type":"PropertyValueSpecification","valueRequired":true,"valueName":"search_term_string"}}],"inLanguage":"es"},{"@type":"Organization","@id":"https:\/\/cchumane.org\/#organization","name":"Contra Costa Humane Society","url":"https:\/\/cchumane.org\/","logo":{"@type":"ImageObject","inLanguage":"es","@id":"https:\/\/cchumane.org\/#\/schema\/logo\/image\/","url":"https:\/\/cchumane.org\/wp-content\/uploads\/CCHS_logo_2line_rev_208px.webp","contentUrl":"https:\/\/cchumane.org\/wp-content\/uploads\/CCHS_logo_2line_rev_208px.webp","width":208,"height":57,"caption":"Contra Costa Humane Society"},"image":{"@id":"https:\/\/cchumane.org\/#\/schema\/logo\/image\/"},"sameAs":["https:\/\/www.facebook.com\/ContraCostaHumaneSociety\/","https:\/\/x.com\/cchumane","https:\/\/www.instagram.com\/contracostahumanesociety\/"]}]}},"rttpg_featured_image_url":null,"rttpg_author":{"display_name":"BirdieHershel","author_link":"https:\/\/cchumane.org\/es\/author\/juicybitta_9\/"},"rttpg_comment":0,"rttpg_category":null,"rttpg_excerpt":"Donate your old car, truck, motorcycle, boat, RV, or motorhome to support CCHS! We are excited to partner with CARS, a reputable car donation processor, can handle all the arrangements at no cost to you. They handle the title transfer requirements and provide you with a tax deductible donation receipt when they pick-up your vehicle&hellip;","_links":{"self":[{"href":"https:\/\/cchumane.org\/es\/wp-json\/wp\/v2\/pages\/150","targetHints":{"allow":["GET"]}}],"collection":[{"href":"https:\/\/cchumane.org\/es\/wp-json\/wp\/v2\/pages"}],"about":[{"href":"https:\/\/cchumane.org\/es\/wp-json\/wp\/v2\/types\/page"}],"author":[{"embeddable":true,"href":"https:\/\/cchumane.org\/es\/wp-json\/wp\/v2\/users\/7650"}],"replies":[{"embeddable":true,"href":"https:\/\/cchumane.org\/es\/wp-json\/wp\/v2\/comments?post=150"}],"version-history":[{"count":0,"href":"https:\/\/cchumane.org\/es\/wp-json\/wp\/v2\/pages\/150\/revisions"}],"up":[{"embeddable":true,"href":"https:\/\/cchumane.org\/es\/wp-json\/wp\/v2\/pages\/55"}],"wp:attachment":[{"href":"https:\/\/cchumane.org\/es\/wp-json\/wp\/v2\/media?parent=150"}],"curies":[{"name":"gracias","href":"https:\/\/api.w.org\/{rel}","templated":true}]}}