{"id":12271,"date":"2020-06-19T12:28:25","date_gmt":"2020-06-19T19:28:25","guid":{"rendered":"https:\/\/cchumane.org\/?page_id=12271"},"modified":"2024-07-08T10:52:30","modified_gmt":"2024-07-08T17:52:30","slug":"foster","status":"publish","type":"page","link":"https:\/\/cchumane.org\/es\/volunteer\/foster\/","title":{"rendered":"Alentar"},"content":{"rendered":"<div class=\"wp-block-group alignfull has-global-padding is-layout-constrained wp-block-group-is-layout-constrained\" id=\"page-title-box\" style=\"margin-bottom:var(--wp--preset--spacing--30)\">\n<div class=\"wp-block-group alignfull has-global-padding is-layout-constrained wp-block-group-is-layout-constrained\">\n<div class=\"wp-block-cover alignfull\" style=\"min-height:340px;aspect-ratio:unset;\"><span aria-hidden=\"true\" class=\"wp-block-cover__background has-background-dim-0 has-background-dim\" style=\"background-color:#8c7c61\"><\/span><img loading=\"lazy\" decoding=\"async\" width=\"1420\" height=\"400\" class=\"wp-block-cover__image-background wp-image-19787\" alt=\"sweet dog foster being cuddled\" src=\"https:\/\/cchumane.org\/wp-content\/uploads\/inner_foster.webp\" data-object-fit=\"cover\" srcset=\"https:\/\/cchumane.org\/wp-content\/uploads\/inner_foster.webp 1420w, https:\/\/cchumane.org\/wp-content\/uploads\/inner_foster-300x85.webp 300w, https:\/\/cchumane.org\/wp-content\/uploads\/inner_foster-1024x288.webp 1024w, https:\/\/cchumane.org\/wp-content\/uploads\/inner_foster-768x216.webp 768w\" sizes=\"auto, (max-width: 1420px) 100vw, 1420px\" \/><div class=\"wp-block-cover__inner-container is-layout-flow wp-block-cover-is-layout-flow\">\n<div class=\"wp-block-group has-global-padding is-layout-constrained wp-block-group-is-layout-constrained\">\n<div class=\"wp-block-group alignfull is-content-justification-center is-nowrap is-layout-flex wp-container-core-group-is-layout-1769166a wp-block-group-is-layout-flex\" style=\"border-style:none;border-width:0px;padding-top:0;padding-bottom:0\">\n<div class=\"wp-block-group has-border-color has-global-padding is-layout-constrained wp-block-group-is-layout-constrained\" style=\"border-color:#b9b5b5;border-width:2px\"><h1 style=\"color:#fffefe; padding-top:var(--wp--preset--spacing--10);padding-bottom:var(--wp--preset--spacing--10);padding-left:var(--wp--preset--spacing--10);padding-right:var(--wp--preset--spacing--10);\" class=\"has-text-align-center has-link-color wp-elements-db873da11665eb77ed92054808e79281 wp-block-post-title has-text-color has-large-font-size\">Alentar<\/h1><\/div>\n<\/div>\n<\/div>\n<\/div><\/div>\n<\/div>\n<\/div>\n\n\n\n<h2 class=\"wp-block-heading\">Brindando comodidad y cuidado en tu hogar<\/h2>\n\n\n\n<div id=\"wp-block-themeisle-blocks-advanced-columns-37b95cf5\" class=\"wp-block-themeisle-blocks-advanced-columns has-2-columns has-desktop-equal-layout has-tablet-equal-layout has-mobile-collapsedRows-layout has-vertical-center\"><div class=\"wp-block-themeisle-blocks-advanced-columns-overlay\"><\/div><div class=\"innerblocks-wrap\">\n<div id=\"wp-block-themeisle-blocks-advanced-column-84deed58\" class=\"wp-block-themeisle-blocks-advanced-column ticss-84deed58\">\n<p style=\"font-size:clamp(0.875rem, 0.875rem + ((1vw - 0.2rem) * 0.708), 1.3rem);\">\u00a1Gracias por su inter\u00e9s en ser padre adoptivo con nosotros! Se necesita mucho esfuerzo para traer un animal a su hogar; es una manera incre\u00edble de ayudar a un animal en riesgo a recuperarse con amor y comodidad.<\/p>\n\n\n\n<p style=\"font-size:clamp(0.875rem, 0.875rem + ((1vw - 0.2rem) * 0.708), 1.3rem);\">Valoramos su apoyo al acoger animales y queremos ayudar a que sea una experiencia gratificante y que valga la pena para usted... \u00a1y PARA EL ANIMAL!<\/p>\n<\/div>\n\n\n\n<div id=\"wp-block-themeisle-blocks-advanced-column-18e4c2fc\" class=\"wp-block-themeisle-blocks-advanced-column\">\n<figure class=\"wp-block-image size-full\"><img loading=\"lazy\" decoding=\"async\" width=\"800\" height=\"800\" src=\"https:\/\/cchumane.org\/wp-content\/uploads\/800sq_foster_combo2.webp\" alt=\"multiple images of foster cats and dogs\" class=\"wp-image-21241\" srcset=\"https:\/\/cchumane.org\/wp-content\/uploads\/800sq_foster_combo2.webp 800w, https:\/\/cchumane.org\/wp-content\/uploads\/800sq_foster_combo2-300x300.webp 300w, https:\/\/cchumane.org\/wp-content\/uploads\/800sq_foster_combo2-150x150.webp 150w, https:\/\/cchumane.org\/wp-content\/uploads\/800sq_foster_combo2-768x768.webp 768w\" sizes=\"auto, (max-width: 800px) 100vw, 800px\" \/><\/figure>\n<\/div>\n<\/div><\/div>\n\n\n\n<p>Existen distintos niveles de crianza que tienen que ver con las necesidades de los animales combinadas con su nivel de compromiso. Nuestro objetivo es emparejar al animal adecuado con usted y su hogar para que todos tengan \u00e9xito. Para gatos y gatitos, CCHS proporcionar\u00e1 todos los suministros: comida para mascotas, camas, juguetes, etc.; para perros y cachorros, se asociar\u00e1 con CCAS para los suministros necesarios.&nbsp;<\/p>\n\n\n\n<div id=\"wp-block-themeisle-blocks-advanced-columns-1efb4a21\" class=\"wp-block-themeisle-blocks-advanced-columns has-2-columns has-desktop-equal-layout has-tablet-equal-layout has-mobile-equal-layout has-vertical-unset\"><div class=\"wp-block-themeisle-blocks-advanced-columns-overlay\"><\/div><div class=\"innerblocks-wrap\">\n<div id=\"wp-block-themeisle-blocks-advanced-column-3a4c017a\" class=\"wp-block-themeisle-blocks-advanced-column\">\n<div class=\"wp-block-buttons ticss-fbc531c is-content-justification-center is-layout-flex wp-container-core-buttons-is-layout-a89b3969 wp-block-buttons-is-layout-flex\">\n<div class=\"wp-block-button has-custom-font-size ticss-ba2cc925\" style=\"font-size:clamp(0.875rem, 0.875rem + ((1vw - 0.2rem) * 0.708), 1.3rem);letter-spacing:0.02rem\"><a class=\"wp-block-button__link wp-element-button\" href=\"https:\/\/www.shelterluv.com\/matchme\/foster\/CCH\/Cat\" style=\"padding-top:0.7rem;padding-right:1.8rem;padding-bottom:0.7rem;padding-left:1.8rem\" target=\"_blank\" rel=\"noreferrer noopener\">Solicitud de adopci\u00f3n de gato<\/a><\/div>\n<\/div>\n\n\n\n<h5 class=\"wp-block-heading has-text-align-center ticss-e629bf3a\" style=\"padding-right:0;padding-left:0;font-size:clamp(1.092rem, 1.092rem + ((1vw - 0.2rem) * 1.013), 1.7rem);line-height:1.3\">Una vez que recibamos su solicitud, un miembro del equipo de CCHS se pondr\u00e1 en contacto con usted.<\/h5>\n<\/div>\n\n\n\n<div id=\"wp-block-themeisle-blocks-advanced-column-47f96016\" class=\"wp-block-themeisle-blocks-advanced-column\">\n<div class=\"wp-block-buttons ticss-fbc531c is-content-justification-center is-layout-flex wp-container-core-buttons-is-layout-a89b3969 wp-block-buttons-is-layout-flex\">\n<div class=\"wp-block-button has-custom-font-size ticss-ba2cc925\" style=\"font-size:clamp(0.875rem, 0.875rem + ((1vw - 0.2rem) * 0.708), 1.3rem);letter-spacing:0.02rem\"><a class=\"wp-block-button__link wp-element-button\" href=\"https:\/\/www.contracosta.ca.gov\/7846\/Dog-Foster-Program\" style=\"padding-top:0.7rem;padding-right:1.8rem;padding-bottom:0.7rem;padding-left:1.8rem\" target=\"_blank\" rel=\"noreferrer noopener nofollow\">Programa de acogida de perros<\/a><\/div>\n<\/div>\n\n\n\n<h5 class=\"wp-block-heading has-text-align-center ticss-e629bf3a\" style=\"padding-right:var(--wp--preset--spacing--10);padding-left:var(--wp--preset--spacing--10);font-size:clamp(1.092rem, 1.092rem + ((1vw - 0.2rem) * 1.013), 1.7rem);line-height:1.3\">Fomente un perro con Contra Costa Animal Services.<\/h5>\n<\/div>\n<\/div><\/div>","protected":false},"excerpt":{"rendered":"<p>Giving comfort and care in your home There are varied degrees of fostering that have to do with the animals\u2019 needs blended with your commitment level. Our goal is to pair the right animal with you and your home so that everyone succeeds. For cats and kittens, CCHS will provide all the supplies \u2014 pet [&hellip;]<\/p>\n","protected":false},"author":3,"featured_media":19787,"parent":57,"menu_order":0,"comment_status":"closed","ping_status":"closed","template":"","meta":{"_acf_changed":false,"_themeisle_gutenberg_block_has_review":false,"footnotes":""},"class_list":["post-12271","page","type-page","status-publish","has-post-thumbnail","hentry"],"acf":[],"yoast_head":"<!-- This site is optimized with the Yoast SEO plugin v27.3 - https:\/\/yoast.com\/product\/yoast-seo-wordpress\/ -->\n<title>Foster - Contra Costa Humane Society<\/title>\n<meta name=\"description\" content=\"Foster with us! Sharing your home is an incredible way to help an at-risk animal get back on its paws in loving comfort.\" \/>\n<meta name=\"robots\" content=\"index, follow, max-snippet:-1, max-image-preview:large, max-video-preview:-1\" \/>\n<link rel=\"canonical\" href=\"https:\/\/cchumane.org\/es\/volunteer\/foster\/\" \/>\n<meta property=\"og:locale\" content=\"es_MX\" \/>\n<meta property=\"og:type\" content=\"article\" \/>\n<meta property=\"og:title\" content=\"Foster - Contra Costa Humane Society\" \/>\n<meta property=\"og:description\" content=\"Foster with us! Sharing your home is an incredible way to help an at-risk animal get back on its paws in loving comfort.\" \/>\n<meta property=\"og:url\" content=\"https:\/\/cchumane.org\/es\/volunteer\/foster\/\" \/>\n<meta property=\"og:site_name\" content=\"Contra Costa Humane Society\" \/>\n<meta property=\"article:publisher\" content=\"https:\/\/www.facebook.com\/ContraCostaHumaneSociety\/\" \/>\n<meta property=\"article:modified_time\" content=\"2024-07-08T17:52:30+00:00\" \/>\n<meta property=\"og:image\" content=\"https:\/\/cchumane.org\/wp-content\/uploads\/inner_foster.webp\" \/>\n\t<meta property=\"og:image:width\" content=\"1420\" \/>\n\t<meta property=\"og:image:height\" content=\"400\" \/>\n\t<meta property=\"og:image:type\" content=\"image\/webp\" \/>\n<meta name=\"twitter:card\" content=\"summary_large_image\" \/>\n<meta name=\"twitter:site\" content=\"@cchumane\" \/>\n<meta name=\"twitter:label1\" content=\"Tiempo de lectura\" \/>\n\t<meta name=\"twitter:data1\" content=\"2 minutos\" \/>\n<script type=\"application\/ld+json\" class=\"yoast-schema-graph\">{\"@context\":\"https:\\\/\\\/schema.org\",\"@graph\":[{\"@type\":\"WebPage\",\"@id\":\"https:\\\/\\\/cchumane.org\\\/volunteer\\\/foster\\\/\",\"url\":\"https:\\\/\\\/cchumane.org\\\/volunteer\\\/foster\\\/\",\"name\":\"Foster - Contra Costa Humane Society\",\"isPartOf\":{\"@id\":\"https:\\\/\\\/cchumane.org\\\/#website\"},\"primaryImageOfPage\":{\"@id\":\"https:\\\/\\\/cchumane.org\\\/volunteer\\\/foster\\\/#primaryimage\"},\"image\":{\"@id\":\"https:\\\/\\\/cchumane.org\\\/volunteer\\\/foster\\\/#primaryimage\"},\"thumbnailUrl\":\"https:\\\/\\\/cchumane.org\\\/wp-content\\\/uploads\\\/inner_foster.webp\",\"datePublished\":\"2020-06-19T19:28:25+00:00\",\"dateModified\":\"2024-07-08T17:52:30+00:00\",\"description\":\"Foster with us! Sharing your home is an incredible way to help an at-risk animal get back on its paws in loving comfort.\",\"breadcrumb\":{\"@id\":\"https:\\\/\\\/cchumane.org\\\/volunteer\\\/foster\\\/#breadcrumb\"},\"inLanguage\":\"es\",\"potentialAction\":[{\"@type\":\"ReadAction\",\"target\":[\"https:\\\/\\\/cchumane.org\\\/volunteer\\\/foster\\\/\"]}]},{\"@type\":\"ImageObject\",\"inLanguage\":\"es\",\"@id\":\"https:\\\/\\\/cchumane.org\\\/volunteer\\\/foster\\\/#primaryimage\",\"url\":\"https:\\\/\\\/cchumane.org\\\/wp-content\\\/uploads\\\/inner_foster.webp\",\"contentUrl\":\"https:\\\/\\\/cchumane.org\\\/wp-content\\\/uploads\\\/inner_foster.webp\",\"width\":1420,\"height\":400,\"caption\":\"sweet dog foster being cuddled\"},{\"@type\":\"BreadcrumbList\",\"@id\":\"https:\\\/\\\/cchumane.org\\\/volunteer\\\/foster\\\/#breadcrumb\",\"itemListElement\":[{\"@type\":\"ListItem\",\"position\":1,\"name\":\"Home\",\"item\":\"https:\\\/\\\/cchumane.org\\\/\"},{\"@type\":\"ListItem\",\"position\":2,\"name\":\"Volunteer\",\"item\":\"https:\\\/\\\/cchumane.org\\\/volunteer\\\/\"},{\"@type\":\"ListItem\",\"position\":3,\"name\":\"Foster\"}]},{\"@type\":\"WebSite\",\"@id\":\"https:\\\/\\\/cchumane.org\\\/#website\",\"url\":\"https:\\\/\\\/cchumane.org\\\/\",\"name\":\"Contra Costa Humane Society\",\"description\":\"Adopt. Connect. Support.\",\"publisher\":{\"@id\":\"https:\\\/\\\/cchumane.org\\\/#organization\"},\"potentialAction\":[{\"@type\":\"SearchAction\",\"target\":{\"@type\":\"EntryPoint\",\"urlTemplate\":\"https:\\\/\\\/cchumane.org\\\/?s={search_term_string}\"},\"query-input\":{\"@type\":\"PropertyValueSpecification\",\"valueRequired\":true,\"valueName\":\"search_term_string\"}}],\"inLanguage\":\"es\"},{\"@type\":\"Organization\",\"@id\":\"https:\\\/\\\/cchumane.org\\\/#organization\",\"name\":\"Contra Costa Humane Society\",\"url\":\"https:\\\/\\\/cchumane.org\\\/\",\"logo\":{\"@type\":\"ImageObject\",\"inLanguage\":\"es\",\"@id\":\"https:\\\/\\\/cchumane.org\\\/#\\\/schema\\\/logo\\\/image\\\/\",\"url\":\"https:\\\/\\\/cchumane.org\\\/wp-content\\\/uploads\\\/CCHS_logo_2line_rev_208px.webp\",\"contentUrl\":\"https:\\\/\\\/cchumane.org\\\/wp-content\\\/uploads\\\/CCHS_logo_2line_rev_208px.webp\",\"width\":208,\"height\":57,\"caption\":\"Contra Costa Humane Society\"},\"image\":{\"@id\":\"https:\\\/\\\/cchumane.org\\\/#\\\/schema\\\/logo\\\/image\\\/\"},\"sameAs\":[\"https:\\\/\\\/www.facebook.com\\\/ContraCostaHumaneSociety\\\/\",\"https:\\\/\\\/x.com\\\/cchumane\",\"https:\\\/\\\/www.instagram.com\\\/contracostahumanesociety\\\/\"]}]}<\/script>\n<!-- \/ Yoast SEO plugin. -->","yoast_head_json":{"title":"Foster - Sociedad Protectora de Animales de Contra Costa","description":"\u00a1Acoge con nosotros! Compartir tu hogar es una forma incre\u00edble de ayudar a un animal en riesgo a recuperarse con cari\u00f1o y comodidad.","robots":{"index":"index","follow":"follow","max-snippet":"max-snippet:-1","max-image-preview":"max-image-preview:large","max-video-preview":"max-video-preview:-1"},"canonical":"https:\/\/cchumane.org\/es\/volunteer\/foster\/","og_locale":"es_MX","og_type":"article","og_title":"Foster - Contra Costa Humane Society","og_description":"Foster with us! Sharing your home is an incredible way to help an at-risk animal get back on its paws in loving comfort.","og_url":"https:\/\/cchumane.org\/es\/volunteer\/foster\/","og_site_name":"Contra Costa Humane Society","article_publisher":"https:\/\/www.facebook.com\/ContraCostaHumaneSociety\/","article_modified_time":"2024-07-08T17:52:30+00:00","og_image":[{"width":1420,"height":400,"url":"https:\/\/cchumane.org\/wp-content\/uploads\/inner_foster.webp","type":"image\/webp"}],"twitter_card":"summary_large_image","twitter_site":"@cchumane","twitter_misc":{"Tiempo de lectura":"2 minutos"},"schema":{"@context":"https:\/\/schema.org","@graph":[{"@type":"WebPage","@id":"https:\/\/cchumane.org\/volunteer\/foster\/","url":"https:\/\/cchumane.org\/volunteer\/foster\/","name":"Foster - Sociedad Protectora de Animales de Contra Costa","isPartOf":{"@id":"https:\/\/cchumane.org\/#website"},"primaryImageOfPage":{"@id":"https:\/\/cchumane.org\/volunteer\/foster\/#primaryimage"},"image":{"@id":"https:\/\/cchumane.org\/volunteer\/foster\/#primaryimage"},"thumbnailUrl":"https:\/\/cchumane.org\/wp-content\/uploads\/inner_foster.webp","datePublished":"2020-06-19T19:28:25+00:00","dateModified":"2024-07-08T17:52:30+00:00","description":"\u00a1Acoge con nosotros! Compartir tu hogar es una forma incre\u00edble de ayudar a un animal en riesgo a recuperarse con cari\u00f1o y comodidad.","breadcrumb":{"@id":"https:\/\/cchumane.org\/volunteer\/foster\/#breadcrumb"},"inLanguage":"es","potentialAction":[{"@type":"ReadAction","target":["https:\/\/cchumane.org\/volunteer\/foster\/"]}]},{"@type":"ImageObject","inLanguage":"es","@id":"https:\/\/cchumane.org\/volunteer\/foster\/#primaryimage","url":"https:\/\/cchumane.org\/wp-content\/uploads\/inner_foster.webp","contentUrl":"https:\/\/cchumane.org\/wp-content\/uploads\/inner_foster.webp","width":1420,"height":400,"caption":"sweet dog foster being cuddled"},{"@type":"BreadcrumbList","@id":"https:\/\/cchumane.org\/volunteer\/foster\/#breadcrumb","itemListElement":[{"@type":"ListItem","position":1,"name":"Home","item":"https:\/\/cchumane.org\/"},{"@type":"ListItem","position":2,"name":"Volunteer","item":"https:\/\/cchumane.org\/volunteer\/"},{"@type":"ListItem","position":3,"name":"Foster"}]},{"@type":"WebSite","@id":"https:\/\/cchumane.org\/#website","url":"https:\/\/cchumane.org\/","name":"Contra Costa Humane Society","description":"Adoptar. Conectar. Apoyar.","publisher":{"@id":"https:\/\/cchumane.org\/#organization"},"potentialAction":[{"@type":"SearchAction","target":{"@type":"EntryPoint","urlTemplate":"https:\/\/cchumane.org\/?s={search_term_string}"},"query-input":{"@type":"PropertyValueSpecification","valueRequired":true,"valueName":"search_term_string"}}],"inLanguage":"es"},{"@type":"Organization","@id":"https:\/\/cchumane.org\/#organization","name":"Contra Costa Humane Society","url":"https:\/\/cchumane.org\/","logo":{"@type":"ImageObject","inLanguage":"es","@id":"https:\/\/cchumane.org\/#\/schema\/logo\/image\/","url":"https:\/\/cchumane.org\/wp-content\/uploads\/CCHS_logo_2line_rev_208px.webp","contentUrl":"https:\/\/cchumane.org\/wp-content\/uploads\/CCHS_logo_2line_rev_208px.webp","width":208,"height":57,"caption":"Contra Costa Humane Society"},"image":{"@id":"https:\/\/cchumane.org\/#\/schema\/logo\/image\/"},"sameAs":["https:\/\/www.facebook.com\/ContraCostaHumaneSociety\/","https:\/\/x.com\/cchumane","https:\/\/www.instagram.com\/contracostahumanesociety\/"]}]}},"rttpg_featured_image_url":{"full":["https:\/\/cchumane.org\/wp-content\/uploads\/inner_foster.webp",1420,400,false],"landscape":["https:\/\/cchumane.org\/wp-content\/uploads\/inner_foster.webp",1420,400,false],"portraits":["https:\/\/cchumane.org\/wp-content\/uploads\/inner_foster.webp",1420,400,false],"thumbnail":["https:\/\/cchumane.org\/wp-content\/uploads\/inner_foster-150x150.webp",150,150,true],"medium":["https:\/\/cchumane.org\/wp-content\/uploads\/inner_foster-300x85.webp",300,85,true],"large":["https:\/\/cchumane.org\/wp-content\/uploads\/inner_foster-1024x288.webp",1024,288,true],"1536x1536":["https:\/\/cchumane.org\/wp-content\/uploads\/inner_foster.webp",1420,400,false],"2048x2048":["https:\/\/cchumane.org\/wp-content\/uploads\/inner_foster.webp",1420,400,false],"trp-custom-language-flag":["https:\/\/cchumane.org\/wp-content\/uploads\/inner_foster.webp",18,5,false],"qi_blocks_image_size_square":["https:\/\/cchumane.org\/wp-content\/uploads\/inner_foster.webp",650,183,false],"qi_blocks_image_size_landscape":["https:\/\/cchumane.org\/wp-content\/uploads\/inner_foster.webp",1300,366,false],"qi_blocks_image_size_portrait":["https:\/\/cchumane.org\/wp-content\/uploads\/inner_foster.webp",650,183,false],"qi_blocks_image_size_huge_square":["https:\/\/cchumane.org\/wp-content\/uploads\/inner_foster.webp",1300,366,false],"rt_custom":["https:\/\/cchumane.org\/wp-content\/uploads\/inner_foster.webp",1420,400,false]},"rttpg_author":{"display_name":"Contra Costa Staff","author_link":"https:\/\/cchumane.org\/es\/author\/cchs\/"},"rttpg_comment":0,"rttpg_category":null,"rttpg_excerpt":"Giving comfort and care in your home There are varied degrees of fostering that have to do with the animals\u2019 needs blended with your commitment level. Our goal is to pair the right animal with you and your home so that everyone succeeds. For cats and kittens, CCHS will provide all the supplies \u2014 pet&hellip;","_links":{"self":[{"href":"https:\/\/cchumane.org\/es\/wp-json\/wp\/v2\/pages\/12271","targetHints":{"allow":["GET"]}}],"collection":[{"href":"https:\/\/cchumane.org\/es\/wp-json\/wp\/v2\/pages"}],"about":[{"href":"https:\/\/cchumane.org\/es\/wp-json\/wp\/v2\/types\/page"}],"author":[{"embeddable":true,"href":"https:\/\/cchumane.org\/es\/wp-json\/wp\/v2\/users\/3"}],"replies":[{"embeddable":true,"href":"https:\/\/cchumane.org\/es\/wp-json\/wp\/v2\/comments?post=12271"}],"version-history":[{"count":0,"href":"https:\/\/cchumane.org\/es\/wp-json\/wp\/v2\/pages\/12271\/revisions"}],"up":[{"embeddable":true,"href":"https:\/\/cchumane.org\/es\/wp-json\/wp\/v2\/pages\/57"}],"wp:featuredmedia":[{"embeddable":true,"href":"https:\/\/cchumane.org\/es\/wp-json\/wp\/v2\/media\/19787"}],"wp:attachment":[{"href":"https:\/\/cchumane.org\/es\/wp-json\/wp\/v2\/media?parent=12271"}],"curies":[{"name":"gracias","href":"https:\/\/api.w.org\/{rel}","templated":true}]}}