{"id":112,"date":"2010-04-30T03:31:21","date_gmt":"2010-04-30T10:31:21","guid":{"rendered":"http:\/\/wp.cchumane.org\/?page_id=112"},"modified":"2025-07-22T15:42:17","modified_gmt":"2025-07-22T22:42:17","slug":"employment","status":"publish","type":"page","link":"https:\/\/cchumane.org\/es\/about-us\/employment\/","title":{"rendered":"Empleo"},"content":{"rendered":"<div class=\"wp-block-group alignfull has-global-padding is-layout-constrained wp-block-group-is-layout-constrained\" id=\"page-title-box\">\n<div class=\"wp-block-group alignfull has-global-padding is-layout-constrained wp-block-group-is-layout-constrained\">\n<div class=\"wp-block-cover alignfull\" style=\"min-height:340px;aspect-ratio:unset;\"><img loading=\"lazy\" decoding=\"async\" width=\"1024\" height=\"288\" class=\"wp-block-cover__image-background wp-image-19078\" alt=\"\" src=\"https:\/\/cchumane.org\/wp-content\/uploads\/inner_base_paws_cat-1024x288.webp\" data-object-fit=\"cover\" srcset=\"https:\/\/cchumane.org\/wp-content\/uploads\/inner_base_paws_cat-1024x288.webp 1024w, https:\/\/cchumane.org\/wp-content\/uploads\/inner_base_paws_cat-300x85.webp 300w, https:\/\/cchumane.org\/wp-content\/uploads\/inner_base_paws_cat-768x216.webp 768w, https:\/\/cchumane.org\/wp-content\/uploads\/inner_base_paws_cat.webp 1420w\" sizes=\"auto, (max-width: 1024px) 100vw, 1024px\" \/><span aria-hidden=\"true\" class=\"wp-block-cover__background has-background-dim-0 has-background-dim\"><\/span><div class=\"wp-block-cover__inner-container is-layout-flow wp-block-cover-is-layout-flow\">\n<div class=\"wp-block-group has-global-padding is-layout-constrained wp-block-group-is-layout-constrained\">\n<div class=\"wp-block-group alignfull is-content-justification-center is-nowrap is-layout-flex wp-container-core-group-is-layout-1769166a wp-block-group-is-layout-flex\" style=\"border-style:none;border-width:0px;padding-top:0;padding-bottom:0\">\n<div class=\"wp-block-group has-border-color has-global-padding is-layout-constrained wp-block-group-is-layout-constrained\" style=\"border-color:#b9b5b5;border-width:2px\"><h1 style=\"color:#fffefe; padding-top:var(--wp--preset--spacing--10);padding-bottom:var(--wp--preset--spacing--10);padding-left:var(--wp--preset--spacing--10);padding-right:var(--wp--preset--spacing--10);\" class=\"has-text-align-center has-link-color wp-elements-db873da11665eb77ed92054808e79281 wp-block-post-title has-text-color has-large-font-size\">Empleo<\/h1><\/div>\n<\/div>\n<\/div>\n<\/div><\/div>\n<\/div>\n<\/div>\n\n\n\n<div class=\"wp-block-group alignwide has-global-padding is-layout-constrained wp-container-core-group-is-layout-7db9d80f wp-block-group-is-layout-constrained\" style=\"padding-right:0;padding-left:0\">\n\n\n<h2 class=\"wp-block-heading has-text-align-center\" style=\"margin-top:var(--wp--preset--spacing--20);margin-bottom:var(--wp--preset--spacing--30);margin-left:0;font-size:clamp(1.146rem, 1.146rem + ((1vw - 0.2rem) * 1.09), 1.8rem);\">Por favor, vuelva a consultar las oportunidades de empleo.<\/h2>\n<\/div>\n\n\n\n\n\n\n\n<hr class=\"wp-block-separator has-text-color has-contrast-2-color has-alpha-channel-opacity has-contrast-2-background-color has-background is-style-wide\" style=\"margin-top:0;margin-bottom:0\"\/>\n\n\n\n<p style=\"margin-top:var(--wp--preset--spacing--30)\"><strong>Compromiso de igualdad de oportunidades en el empleo<\/strong> <\/p>\n\n\n\n<p>CCHS se compromete a brindar igualdad de oportunidades a todas las personas calificadas independientemente de su raza, color, estado de ciudadan\u00eda, origen nacional, ascendencia, g\u00e9nero, embarazo, orientaci\u00f3n sexual, identidad o expresi\u00f3n de g\u00e9nero, informaci\u00f3n gen\u00e9tica, edad, religi\u00f3n, credo, discapacidad f\u00edsica o mental, estado civil, condici\u00f3n de veterano, afiliaciones pol\u00edticas o religiosas o cualquier otra caracter\u00edstica protegida por la ley (&quot;Estatus Protegido&quot;).<\/p>","protected":false},"excerpt":{"rendered":"<p>Please check back for employment opportunities Equal Employment Opportunity Commitment CCHS is committed to providing equal opportunity to all qualified persons regardless of race, color, citizenship status, national origin, ancestry, gender, pregnancy, sexual orientation, gender identity or expression, genetic information, age, religion, creed, physical or mental disability, marital status, veteran status, political or religious affiliations, [&hellip;]<\/p>\n","protected":false},"author":7650,"featured_media":0,"parent":101,"menu_order":3,"comment_status":"closed","ping_status":"closed","template":"","meta":{"_acf_changed":false,"_themeisle_gutenberg_block_has_review":false,"footnotes":""},"class_list":["post-112","page","type-page","status-publish","hentry"],"acf":[],"yoast_head":"<!-- This site is optimized with the Yoast SEO plugin v27.3 - https:\/\/yoast.com\/product\/yoast-seo-wordpress\/ -->\n<title>Employment - Contra Costa Humane Society<\/title>\n<meta name=\"description\" content=\"Job opportunities from helping with administering programs, managing staff and volunteers to providing shelter and office support.\" \/>\n<meta name=\"robots\" content=\"index, follow, max-snippet:-1, max-image-preview:large, max-video-preview:-1\" \/>\n<link rel=\"canonical\" href=\"https:\/\/cchumane.org\/es\/about-us\/employment\/\" \/>\n<meta property=\"og:locale\" content=\"es_MX\" \/>\n<meta property=\"og:type\" content=\"article\" \/>\n<meta property=\"og:title\" content=\"Employment - Contra Costa Humane Society\" \/>\n<meta property=\"og:description\" content=\"Job opportunities from helping with administering programs, managing staff and volunteers to providing shelter and office support.\" \/>\n<meta property=\"og:url\" content=\"https:\/\/cchumane.org\/es\/about-us\/employment\/\" \/>\n<meta property=\"og:site_name\" content=\"Contra Costa Humane Society\" \/>\n<meta property=\"article:publisher\" content=\"https:\/\/www.facebook.com\/ContraCostaHumaneSociety\/\" \/>\n<meta property=\"article:modified_time\" content=\"2025-07-22T22:42:17+00:00\" \/>\n<meta property=\"og:image\" content=\"https:\/\/cchumane.org\/wp-content\/uploads\/inner_base_paws_cat-1024x288.webp\" \/>\n<meta name=\"twitter:card\" content=\"summary_large_image\" \/>\n<meta name=\"twitter:site\" content=\"@cchumane\" \/>\n<meta name=\"twitter:label1\" content=\"Tiempo de lectura\" \/>\n\t<meta name=\"twitter:data1\" content=\"1 minuto\" \/>\n<script type=\"application\/ld+json\" class=\"yoast-schema-graph\">{\"@context\":\"https:\\\/\\\/schema.org\",\"@graph\":[{\"@type\":\"WebPage\",\"@id\":\"https:\\\/\\\/cchumane.org\\\/about-us\\\/employment\\\/\",\"url\":\"https:\\\/\\\/cchumane.org\\\/about-us\\\/employment\\\/\",\"name\":\"Employment - Contra Costa Humane Society\",\"isPartOf\":{\"@id\":\"https:\\\/\\\/cchumane.org\\\/#website\"},\"primaryImageOfPage\":{\"@id\":\"https:\\\/\\\/cchumane.org\\\/about-us\\\/employment\\\/#primaryimage\"},\"image\":{\"@id\":\"https:\\\/\\\/cchumane.org\\\/about-us\\\/employment\\\/#primaryimage\"},\"thumbnailUrl\":\"https:\\\/\\\/cchumane.org\\\/wp-content\\\/uploads\\\/inner_base_paws_cat-1024x288.webp\",\"datePublished\":\"2010-04-30T10:31:21+00:00\",\"dateModified\":\"2025-07-22T22:42:17+00:00\",\"description\":\"Job opportunities from helping with administering programs, managing staff and volunteers to providing shelter and office support.\",\"breadcrumb\":{\"@id\":\"https:\\\/\\\/cchumane.org\\\/about-us\\\/employment\\\/#breadcrumb\"},\"inLanguage\":\"es\",\"potentialAction\":[{\"@type\":\"ReadAction\",\"target\":[\"https:\\\/\\\/cchumane.org\\\/about-us\\\/employment\\\/\"]}]},{\"@type\":\"ImageObject\",\"inLanguage\":\"es\",\"@id\":\"https:\\\/\\\/cchumane.org\\\/about-us\\\/employment\\\/#primaryimage\",\"url\":\"https:\\\/\\\/cchumane.org\\\/wp-content\\\/uploads\\\/inner_base_paws_cat-1024x288.webp\",\"contentUrl\":\"https:\\\/\\\/cchumane.org\\\/wp-content\\\/uploads\\\/inner_base_paws_cat-1024x288.webp\"},{\"@type\":\"BreadcrumbList\",\"@id\":\"https:\\\/\\\/cchumane.org\\\/about-us\\\/employment\\\/#breadcrumb\",\"itemListElement\":[{\"@type\":\"ListItem\",\"position\":1,\"name\":\"Home\",\"item\":\"https:\\\/\\\/cchumane.org\\\/\"},{\"@type\":\"ListItem\",\"position\":2,\"name\":\"About Us\",\"item\":\"https:\\\/\\\/cchumane.org\\\/about-us\\\/\"},{\"@type\":\"ListItem\",\"position\":3,\"name\":\"Employment\"}]},{\"@type\":\"WebSite\",\"@id\":\"https:\\\/\\\/cchumane.org\\\/#website\",\"url\":\"https:\\\/\\\/cchumane.org\\\/\",\"name\":\"Contra Costa Humane Society\",\"description\":\"Adopt. Connect. Support.\",\"publisher\":{\"@id\":\"https:\\\/\\\/cchumane.org\\\/#organization\"},\"potentialAction\":[{\"@type\":\"SearchAction\",\"target\":{\"@type\":\"EntryPoint\",\"urlTemplate\":\"https:\\\/\\\/cchumane.org\\\/?s={search_term_string}\"},\"query-input\":{\"@type\":\"PropertyValueSpecification\",\"valueRequired\":true,\"valueName\":\"search_term_string\"}}],\"inLanguage\":\"es\"},{\"@type\":\"Organization\",\"@id\":\"https:\\\/\\\/cchumane.org\\\/#organization\",\"name\":\"Contra Costa Humane Society\",\"url\":\"https:\\\/\\\/cchumane.org\\\/\",\"logo\":{\"@type\":\"ImageObject\",\"inLanguage\":\"es\",\"@id\":\"https:\\\/\\\/cchumane.org\\\/#\\\/schema\\\/logo\\\/image\\\/\",\"url\":\"https:\\\/\\\/cchumane.org\\\/wp-content\\\/uploads\\\/CCHS_logo_2line_rev_208px.webp\",\"contentUrl\":\"https:\\\/\\\/cchumane.org\\\/wp-content\\\/uploads\\\/CCHS_logo_2line_rev_208px.webp\",\"width\":208,\"height\":57,\"caption\":\"Contra Costa Humane Society\"},\"image\":{\"@id\":\"https:\\\/\\\/cchumane.org\\\/#\\\/schema\\\/logo\\\/image\\\/\"},\"sameAs\":[\"https:\\\/\\\/www.facebook.com\\\/ContraCostaHumaneSociety\\\/\",\"https:\\\/\\\/x.com\\\/cchumane\",\"https:\\\/\\\/www.instagram.com\\\/contracostahumanesociety\\\/\"]}]}<\/script>\n<!-- \/ Yoast SEO plugin. -->","yoast_head_json":{"title":"Empleo - Sociedad Protectora de Animales de Contra Costa","description":"Oportunidades laborales que van desde ayudar con la administraci\u00f3n de programas, la gesti\u00f3n de personal y voluntarios hasta brindar refugio y apoyo de oficina.","robots":{"index":"index","follow":"follow","max-snippet":"max-snippet:-1","max-image-preview":"max-image-preview:large","max-video-preview":"max-video-preview:-1"},"canonical":"https:\/\/cchumane.org\/es\/about-us\/employment\/","og_locale":"es_MX","og_type":"article","og_title":"Employment - Contra Costa Humane Society","og_description":"Job opportunities from helping with administering programs, managing staff and volunteers to providing shelter and office support.","og_url":"https:\/\/cchumane.org\/es\/about-us\/employment\/","og_site_name":"Contra Costa Humane Society","article_publisher":"https:\/\/www.facebook.com\/ContraCostaHumaneSociety\/","article_modified_time":"2025-07-22T22:42:17+00:00","og_image":[{"url":"https:\/\/cchumane.org\/wp-content\/uploads\/inner_base_paws_cat-1024x288.webp","type":"","width":"","height":""}],"twitter_card":"summary_large_image","twitter_site":"@cchumane","twitter_misc":{"Tiempo de lectura":"1 minuto"},"schema":{"@context":"https:\/\/schema.org","@graph":[{"@type":"WebPage","@id":"https:\/\/cchumane.org\/about-us\/employment\/","url":"https:\/\/cchumane.org\/about-us\/employment\/","name":"Empleo - Sociedad Protectora de Animales de Contra Costa","isPartOf":{"@id":"https:\/\/cchumane.org\/#website"},"primaryImageOfPage":{"@id":"https:\/\/cchumane.org\/about-us\/employment\/#primaryimage"},"image":{"@id":"https:\/\/cchumane.org\/about-us\/employment\/#primaryimage"},"thumbnailUrl":"https:\/\/cchumane.org\/wp-content\/uploads\/inner_base_paws_cat-1024x288.webp","datePublished":"2010-04-30T10:31:21+00:00","dateModified":"2025-07-22T22:42:17+00:00","description":"Oportunidades laborales que van desde ayudar con la administraci\u00f3n de programas, la gesti\u00f3n de personal y voluntarios hasta brindar refugio y apoyo de oficina.","breadcrumb":{"@id":"https:\/\/cchumane.org\/about-us\/employment\/#breadcrumb"},"inLanguage":"es","potentialAction":[{"@type":"ReadAction","target":["https:\/\/cchumane.org\/about-us\/employment\/"]}]},{"@type":"ImageObject","inLanguage":"es","@id":"https:\/\/cchumane.org\/about-us\/employment\/#primaryimage","url":"https:\/\/cchumane.org\/wp-content\/uploads\/inner_base_paws_cat-1024x288.webp","contentUrl":"https:\/\/cchumane.org\/wp-content\/uploads\/inner_base_paws_cat-1024x288.webp"},{"@type":"BreadcrumbList","@id":"https:\/\/cchumane.org\/about-us\/employment\/#breadcrumb","itemListElement":[{"@type":"ListItem","position":1,"name":"Home","item":"https:\/\/cchumane.org\/"},{"@type":"ListItem","position":2,"name":"About Us","item":"https:\/\/cchumane.org\/about-us\/"},{"@type":"ListItem","position":3,"name":"Employment"}]},{"@type":"WebSite","@id":"https:\/\/cchumane.org\/#website","url":"https:\/\/cchumane.org\/","name":"Contra Costa Humane Society","description":"Adoptar. Conectar. Apoyar.","publisher":{"@id":"https:\/\/cchumane.org\/#organization"},"potentialAction":[{"@type":"SearchAction","target":{"@type":"EntryPoint","urlTemplate":"https:\/\/cchumane.org\/?s={search_term_string}"},"query-input":{"@type":"PropertyValueSpecification","valueRequired":true,"valueName":"search_term_string"}}],"inLanguage":"es"},{"@type":"Organization","@id":"https:\/\/cchumane.org\/#organization","name":"Contra Costa Humane Society","url":"https:\/\/cchumane.org\/","logo":{"@type":"ImageObject","inLanguage":"es","@id":"https:\/\/cchumane.org\/#\/schema\/logo\/image\/","url":"https:\/\/cchumane.org\/wp-content\/uploads\/CCHS_logo_2line_rev_208px.webp","contentUrl":"https:\/\/cchumane.org\/wp-content\/uploads\/CCHS_logo_2line_rev_208px.webp","width":208,"height":57,"caption":"Contra Costa Humane Society"},"image":{"@id":"https:\/\/cchumane.org\/#\/schema\/logo\/image\/"},"sameAs":["https:\/\/www.facebook.com\/ContraCostaHumaneSociety\/","https:\/\/x.com\/cchumane","https:\/\/www.instagram.com\/contracostahumanesociety\/"]}]}},"rttpg_featured_image_url":null,"rttpg_author":{"display_name":"BirdieHershel","author_link":"https:\/\/cchumane.org\/es\/author\/juicybitta_9\/"},"rttpg_comment":0,"rttpg_category":null,"rttpg_excerpt":"Please check back for employment opportunities Equal Employment Opportunity Commitment CCHS is committed to providing equal opportunity to all qualified persons regardless of race, color, citizenship status, national origin, ancestry, gender, pregnancy, sexual orientation, gender identity or expression, genetic information, age, religion, creed, physical or mental disability, marital status, veteran status, political or religious affiliations,&hellip;","_links":{"self":[{"href":"https:\/\/cchumane.org\/es\/wp-json\/wp\/v2\/pages\/112","targetHints":{"allow":["GET"]}}],"collection":[{"href":"https:\/\/cchumane.org\/es\/wp-json\/wp\/v2\/pages"}],"about":[{"href":"https:\/\/cchumane.org\/es\/wp-json\/wp\/v2\/types\/page"}],"author":[{"embeddable":true,"href":"https:\/\/cchumane.org\/es\/wp-json\/wp\/v2\/users\/7650"}],"replies":[{"embeddable":true,"href":"https:\/\/cchumane.org\/es\/wp-json\/wp\/v2\/comments?post=112"}],"version-history":[{"count":5,"href":"https:\/\/cchumane.org\/es\/wp-json\/wp\/v2\/pages\/112\/revisions"}],"predecessor-version":[{"id":24037,"href":"https:\/\/cchumane.org\/es\/wp-json\/wp\/v2\/pages\/112\/revisions\/24037"}],"up":[{"embeddable":true,"href":"https:\/\/cchumane.org\/es\/wp-json\/wp\/v2\/pages\/101"}],"wp:attachment":[{"href":"https:\/\/cchumane.org\/es\/wp-json\/wp\/v2\/media?parent=112"}],"curies":[{"name":"gracias","href":"https:\/\/api.w.org\/{rel}","templated":true}]}}